{"id":9763,"date":"2025-10-13T15:34:39","date_gmt":"2025-10-13T22:34:39","guid":{"rendered":"https:\/\/nightriderleds.com\/?post_type=product&#038;p=9763"},"modified":"2026-04-07T09:52:22","modified_gmt":"2026-04-07T16:52:22","slug":"nos42a-amber-4-5-round-work-flood","status":"publish","type":"product","link":"https:\/\/nightriderleds.com\/fr\/products\/automotive-equipment\/economy\/nos42a-amber-4-5-round-work-flood\/","title":{"rendered":"NOS42A - AMBRE 4.5\u2033 Round - Work Flood"},"content":{"rendered":"<div id=\"wpsecol-7bfb37af-4d27-a8d4-c915-fcdcef66639f\" class=\"csRow\">\n<div class=\"csColumnGap\" style=\"margin: 0; padding: 0; float: left; width: 0%;\"><img decoding=\"async\" src=\"https:\/\/nightriderleds.com\/wp-content\/plugins\/wp-smart-editor\/plugins\/columns\/img\/1x1-pixel.png\" \/><\/div>\n<div class=\"csColumn\" style=\"margin: 0; padding: 0; float: left; width: 46.349557522123895%;\" data-posx0=\"0\" data-posx1=\"46.46017699115044\" data-padding=\"5\" data-responsive=\"1\">\n<div style=\"padding: 5px;\">\n<div class=\"preview_text csColumn_text\">\n<h3>Lampes \u00e9conomiques<\/h3>\n<h4>Une utilit\u00e9 maximale, une efficacit\u00e9 incroyable<\/h4>\n<p>Id\u00e9ales pour l'\u00e9quipement, ces lampes sont d'un prix modeste mais d'une grande puissance lumineuse. R\u00e9pond \u00e0 la norme IP67.<\/p>\n<p>La couleur ambr\u00e9e de cette lumi\u00e8re permet de traverser la pluie, le brouillard, le gr\u00e9sil et la neige mieux que son \u00e9quivalent blanc.<\/p>\n<p>Sa lumi\u00e8re ambr\u00e9e est \u00e9galement moins agressive pour les yeux, ce qui en fait un excellent choix pour une lampe de secours.<\/p>\n<p>Livr\u00e9 avec une fiche Deutsch pour faciliter l'utilisation de l'appareil. <em>Plug&amp;Play<\/em> installation, support de montage et quincaillerie en acier inoxydable tr\u00e8s r\u00e9sistant.<\/p>\n<p>&nbsp;<\/p>\n<p>&nbsp;<\/p>\n<\/div>\n<\/div>\n<\/div>\n<div class=\"csColumnGap\" style=\"margin: 0; padding: 0; float: left; width: 0.33185840707964603%;\"><img decoding=\"async\" src=\"https:\/\/nightriderleds.com\/wp-content\/plugins\/wp-smart-editor\/plugins\/columns\/img\/1x1-pixel.png\" \/><\/div>\n<div class=\"csColumn\" style=\"margin: 0; padding: 0; float: left; width: 52.98672566371682%;\" data-posx0=\"46.792035398230084\" data-posx1=\"99.88938053097345\" data-padding=\"5\" data-responsive=\"1\">\n<div style=\"padding: 5px;\">\n<div class=\"preview_text csColumn_text\">\n<p>&nbsp;<\/p>\n<\/div>\n<\/div>\n<\/div>\n<div class=\"csColumnGap\" style=\"margin: 0; padding: 0; float: left; width: 0.3318584070796362%;\"><img decoding=\"async\" src=\"https:\/\/nightriderleds.com\/wp-content\/plugins\/wp-smart-editor\/plugins\/columns\/img\/1x1-pixel.png\" \/><\/div>\n<div style=\"clear: both; float: none; display: block; visibility: hidden; width: 0; font-size: 0; line-height: 0;\"><\/div>\n<\/div>\n<h3><\/h3>\n<div id=\"style-wpsecol-7bfb37af-4d27-a8d4-c915-fcdcef66639f\">\n<style><!-- @media (max-width: 768px) { #wpsecol-7bfb37af-4d27-a8d4-c915-fcdcef66639f .csColumn { display: block; width: 100% !important; } #wpsecol-7bfb37af-4d27-a8d4-c915-fcdcef66639f .csColumnGap { display: none; } } --><\/style>\n<\/div>","protected":false},"excerpt":{"rendered":"<p>Traverse facilement la pluie, le brouillard, le gr\u00e9sil et la neige. Lumi\u00e8re polyvalente avec un bon rendement et un prix modeste.<\/p>\n<p>Livr\u00e9 avec une fiche Deutsch Plug&amp;Play pour une installation rapide et facile.<\/p>\n<p>21W \/ 1 801 Lumens<\/p>\n<p><a href=\"https:\/\/nightriderleds.com\/wp-content\/uploads\/2024\/11\/Wiring-Instructions-for-Economy-Lights-V2.pdf\" target=\"_blank\" rel=\"noopener\">Options de c\u00e2blage<\/a><\/p>\n<p><a href=\"https:\/\/nightriderleds.com\/wp-content\/uploads\/2026\/03\/Wiring-Instructions-for-Economy-Lights-V2-FRENCH.pdf\" target=\"_blank\" rel=\"noopener\">Options de c\u00e2blage<\/a><\/p>\n<p>&nbsp;<\/p>\n<p>&nbsp;<\/p>\n<p>&nbsp;<\/p>","protected":false},"featured_media":9737,"template":"","meta":[],"product_brand":[],"product_cat":[15,125,1059],"product_tag":[1955,160,414,348,161,1062,484,355,434],"class_list":{"0":"post-9763","1":"product","2":"type-product","3":"status-publish","4":"has-post-thumbnail","6":"product_cat-automotive-equipment","7":"product_cat-economy","8":"product_cat-new-products","9":"product_tag-amber","10":"product_tag-automotive","11":"product_tag-economy","12":"product_tag-flood","13":"product_tag-leds","14":"product_tag-new","15":"product_tag-nos","16":"product_tag-round","17":"product_tag-work-flood","19":"first","20":"instock","21":"shipping-taxable","22":"product-type-simple"},"_links":{"self":[{"href":"https:\/\/nightriderleds.com\/fr\/wp-json\/wp\/v2\/product\/9763","targetHints":{"allow":["GET"]}}],"collection":[{"href":"https:\/\/nightriderleds.com\/fr\/wp-json\/wp\/v2\/product"}],"about":[{"href":"https:\/\/nightriderleds.com\/fr\/wp-json\/wp\/v2\/types\/product"}],"wp:featuredmedia":[{"embeddable":true,"href":"https:\/\/nightriderleds.com\/fr\/wp-json\/wp\/v2\/media\/9737"}],"wp:attachment":[{"href":"https:\/\/nightriderleds.com\/fr\/wp-json\/wp\/v2\/media?parent=9763"}],"wp:term":[{"taxonomy":"product_brand","embeddable":true,"href":"https:\/\/nightriderleds.com\/fr\/wp-json\/wp\/v2\/product_brand?post=9763"},{"taxonomy":"product_cat","embeddable":true,"href":"https:\/\/nightriderleds.com\/fr\/wp-json\/wp\/v2\/product_cat?post=9763"},{"taxonomy":"product_tag","embeddable":true,"href":"https:\/\/nightriderleds.com\/fr\/wp-json\/wp\/v2\/product_tag?post=9763"}],"curies":[{"name":"wp","href":"https:\/\/api.w.org\/{rel}","templated":true}]}}