{"id":9326,"date":"2024-10-02T10:05:15","date_gmt":"2024-10-02T17:05:15","guid":{"rendered":"https:\/\/nightriderleds.com\/?post_type=product&#038;p=9326"},"modified":"2026-04-07T11:33:24","modified_gmt":"2026-04-07T18:33:24","slug":"low-profile-work-light-with-amber-warning-light","status":"publish","type":"product","link":"https:\/\/nightriderleds.com\/fr\/products\/automotive-equipment\/economy\/low-profile-work-light-with-amber-warning-light\/","title":{"rendered":"Feu de travail \u00e0 profil bas avec feu d'avertissement orange"},"content":{"rendered":"<div id=\"wpsecol-7bfb37af-4d27-a8d4-c915-fcdcef66639f\" class=\"csRow\">\n<div class=\"csColumnGap\" style=\"margin: 0; padding: 0; float: left; width: 0%;\"><img decoding=\"async\" src=\"https:\/\/nightriderleds.com\/wp-content\/plugins\/wp-smart-editor\/plugins\/columns\/img\/1x1-pixel.png\" \/><\/div>\n<div class=\"csColumn\" style=\"margin: 0; padding: 0; float: left; width: 46.349557522123895%;\" data-posx0=\"0\" data-posx1=\"46.46017699115044\" data-padding=\"5\" data-responsive=\"1\">\n<div style=\"padding: 5px;\">\n<div class=\"preview_text csColumn_text\">\n<h4>Compact, r\u00e9glable, double fonction.<\/h4>\n<p>Cette baladeuse discr\u00e8te s'adaptera \u00e0 presque tous les endroits. Elle peut \u00eatre utilis\u00e9e comme feu de recul certifi\u00e9 ECE R148 et dispose \u00e9galement d'une fonction d'avertissement \u00e0 double clignotement ambre certifi\u00e9e ECE R65, augmentant consid\u00e9rablement la visibilit\u00e9 de votre v\u00e9hicule en cas de besoin. Son support de montage sp\u00e9cial permet un angle de r\u00e9glage de 10\u00ba, ce qui rend la lampe parfaite pour les espaces restreints.<\/p>\n<p>&nbsp;<\/p>\n<p>Livr\u00e9 avec un support de montage r\u00e9glable, la quincaillerie et un faisceau de c\u00e2blage.<\/p>\n<p>&nbsp;<\/p>\n<p>&nbsp;<\/p>\n<\/div>\n<\/div>\n<\/div>\n<div class=\"csColumnGap\" style=\"margin: 0; padding: 0; float: left; width: 0.33185840707964603%;\"><img decoding=\"async\" src=\"https:\/\/nightriderleds.com\/wp-content\/plugins\/wp-smart-editor\/plugins\/columns\/img\/1x1-pixel.png\" \/><\/div>\n<div class=\"csColumn\" style=\"margin: 0; padding: 0; float: left; width: 52.98672566371682%;\" data-posx0=\"46.792035398230084\" data-posx1=\"99.88938053097345\" data-padding=\"5\" data-responsive=\"1\">\n<div style=\"padding: 5px;\">\n<div class=\"preview_text csColumn_text\">\n<p><img fetchpriority=\"high\" decoding=\"async\" class=\"alignnone wp-image-9327 size-medium\" src=\"https:\/\/nightriderleds.com\/wp-content\/uploads\/2024\/10\/Pickup-with-NLP35AW-544x340.jpg\" alt=\"\" width=\"544\" height=\"340\" srcset=\"https:\/\/nightriderleds.com\/wp-content\/uploads\/2024\/10\/Pickup-with-NLP35AW-544x340.jpg 544w, https:\/\/nightriderleds.com\/wp-content\/uploads\/2024\/10\/Pickup-with-NLP35AW-195x122.jpg 195w, https:\/\/nightriderleds.com\/wp-content\/uploads\/2024\/10\/Pickup-with-NLP35AW-768x480.jpg 768w, https:\/\/nightriderleds.com\/wp-content\/uploads\/2024\/10\/Pickup-with-NLP35AW.jpg 1088w\" sizes=\"(max-width: 544px) 100vw, 544px\" \/><\/p>\n<\/div>\n<\/div>\n<\/div>\n<div class=\"csColumnGap\" style=\"margin: 0; padding: 0; float: left; width: 0.3318584070796362%;\"><img decoding=\"async\" src=\"https:\/\/nightriderleds.com\/wp-content\/plugins\/wp-smart-editor\/plugins\/columns\/img\/1x1-pixel.png\" \/><\/div>\n<div style=\"clear: both; float: none; display: block; visibility: hidden; width: 0; font-size: 0; line-height: 0;\"><\/div>\n<\/div>\n<h3><\/h3>\n<div id=\"style-wpsecol-7bfb37af-4d27-a8d4-c915-fcdcef66639f\">\n<style><!-- @media (max-width: 768px) { #wpsecol-7bfb37af-4d27-a8d4-c915-fcdcef66639f .csColumn { display: block; width: 100% !important; } #wpsecol-7bfb37af-4d27-a8d4-c915-fcdcef66639f .csColumnGap { display: none; } } --><\/style>\n<\/div>","protected":false},"excerpt":{"rendered":"<p>Lampe de travail super compacte \u00e0 double fonction. Certifi\u00e9e ECE pour feu de recul et feu stroboscopique ambre.<\/p>\n<p>Vient avec une console de montage, la quincaillerie et le c\u00e2blage en queue de cochon<\/p>\n<p>16,5 Wh \/ 1 160 lm bruts \u2013 582 lm efficaces<\/p>\n<p><a href=\"https:\/\/nightriderleds.com\/wp-content\/uploads\/2024\/10\/Wiring-Insert-English-Version-Curves-2.pdf\" target=\"_blank\" rel=\"noopener\">Options de c\u00e2blage (Anglais)<\/a><\/p>\n<p><a href=\"https:\/\/nightriderleds.com\/wp-content\/uploads\/2026\/03\/NLP35AW-Wiring-Insert-French-Version.pdf\" target=\"_blank\" rel=\"noopener\">Options de c\u00e2blage<\/a><\/p>\n<p>&nbsp;<\/p>\n<p>&nbsp;<\/p>","protected":false},"featured_media":9285,"template":"","meta":[],"product_brand":[],"product_cat":[15,125],"product_tag":[160,414,348,161,556,434],"class_list":{"0":"post-9326","1":"product","2":"type-product","3":"status-publish","4":"has-post-thumbnail","6":"product_cat-automotive-equipment","7":"product_cat-economy","8":"product_tag-automotive","9":"product_tag-economy","10":"product_tag-flood","11":"product_tag-leds","12":"product_tag-low-profile","13":"product_tag-work-flood","15":"first","16":"instock","17":"shipping-taxable","18":"product-type-simple"},"_links":{"self":[{"href":"https:\/\/nightriderleds.com\/fr\/wp-json\/wp\/v2\/product\/9326","targetHints":{"allow":["GET"]}}],"collection":[{"href":"https:\/\/nightriderleds.com\/fr\/wp-json\/wp\/v2\/product"}],"about":[{"href":"https:\/\/nightriderleds.com\/fr\/wp-json\/wp\/v2\/types\/product"}],"wp:featuredmedia":[{"embeddable":true,"href":"https:\/\/nightriderleds.com\/fr\/wp-json\/wp\/v2\/media\/9285"}],"wp:attachment":[{"href":"https:\/\/nightriderleds.com\/fr\/wp-json\/wp\/v2\/media?parent=9326"}],"wp:term":[{"taxonomy":"product_brand","embeddable":true,"href":"https:\/\/nightriderleds.com\/fr\/wp-json\/wp\/v2\/product_brand?post=9326"},{"taxonomy":"product_cat","embeddable":true,"href":"https:\/\/nightriderleds.com\/fr\/wp-json\/wp\/v2\/product_cat?post=9326"},{"taxonomy":"product_tag","embeddable":true,"href":"https:\/\/nightriderleds.com\/fr\/wp-json\/wp\/v2\/product_tag?post=9326"}],"curies":[{"name":"wp","href":"https:\/\/api.w.org\/{rel}","templated":true}]}}