{"id":9322,"date":"2024-12-08T09:03:12","date_gmt":"2024-12-08T17:03:12","guid":{"rendered":"https:\/\/nightriderleds.com\/?post_type=product&#038;p=9322"},"modified":"2025-08-05T15:29:48","modified_gmt":"2025-08-05T22:29:48","slug":"heavy-duty-wireless-trailer-light-kit","status":"publish","type":"product","link":"https:\/\/nightriderleds.com\/fr\/products\/automotive-equipment\/safety-signal-lights\/warning-lights-safety-signal-lights\/heavy-duty-wireless-trailer-light-kit\/","title":{"rendered":"Kit d'\u00e9clairage de remorque sans fil pour usage intensif"},"content":{"rendered":"<div id=\"wpsecol-7bfb37af-4d27-a8d4-c915-fcdcef66639f\" class=\"csRow\">\n<div class=\"csColumnGap\" style=\"margin: 0; padding: 0; float: left; width: 0%;\"><img decoding=\"async\" src=\"https:\/\/nightriderleds.com\/wp-content\/plugins\/wp-smart-editor\/plugins\/columns\/img\/1x1-pixel.png\" \/><\/div>\n<div class=\"csColumn\" style=\"margin: 0; padding: 0; float: left; width: 46.349557522123895%;\" data-posx0=\"0\" data-posx1=\"46.46017699115044\" data-padding=\"5\" data-responsive=\"1\">\n<div style=\"padding: 5px;\">\n<div class=\"preview_text csColumn_text\">\n<h3>Feux de remorque sans fil<\/h3>\n<h4>Fini les probl\u00e8mes de c\u00e2bles cass\u00e9s.<\/h4>\n<p>Ce kit est compos\u00e9 des \u00e9l\u00e9ments suivants :<\/p>\n<p>2 x feux rechargeables avec feux de jour rouges, feu stop et clignotant,<\/p>\n<p>1 x \u00e9metteur de style prise sans fil \u00e0 7 broches, qui se branche dans la prise de fil de votre remorque et peut transmettre sur une distance allant jusqu'\u00e0 30 m\u00e8tres,<\/p>\n<p>1 x cordon de chargement USB pour recharger les lumi\u00e8res<\/p>\n<\/div>\n<p>Les deux lampes contiennent un aimant robuste \u00e0 l'arri\u00e8re pour un montage magn\u00e9tique. Il y a \u00e9galement des anneaux en D ajout\u00e9s \u00e0 l'arri\u00e8re de la lampe pour plus d'options de fixation.<\/p>\n<div class=\"preview_text csColumn_text\">\n<p>Remarque : la batterie int\u00e9gr\u00e9e ne tient la charge que pendant environ 6 mois. S'il vous pla\u00eet\u00a0<i>s'assurer que les feux de la remorque sont compl\u00e8tement charg\u00e9s avant chaque utilisation.<\/i><\/p>\n<p>&nbsp;<\/p>\n<\/div>\n<\/div>\n<\/div>\n<div class=\"csColumnGap\" style=\"margin: 0; padding: 0; float: left; width: 0.33185840707964603%;\"><img decoding=\"async\" src=\"https:\/\/nightriderleds.com\/wp-content\/plugins\/wp-smart-editor\/plugins\/columns\/img\/1x1-pixel.png\" \/><\/div>\n<div class=\"csColumn\" style=\"margin: 0; padding: 0; float: left; width: 52.98672566371682%;\" data-posx0=\"46.792035398230084\" data-posx1=\"99.88938053097345\" data-padding=\"5\" data-responsive=\"1\">\n<div style=\"padding: 5px;\">\n<div class=\"preview_text csColumn_text\">\n<p><img fetchpriority=\"high\" decoding=\"async\" class=\"alignnone wp-image-9324 size-medium\" src=\"https:\/\/nightriderleds.com\/wp-content\/uploads\/2024\/10\/Tow-Truck-Towing-Truck-544x340.jpg\" alt=\"\" width=\"544\" height=\"340\" srcset=\"https:\/\/nightriderleds.com\/wp-content\/uploads\/2024\/10\/Tow-Truck-Towing-Truck-544x340.jpg 544w, https:\/\/nightriderleds.com\/wp-content\/uploads\/2024\/10\/Tow-Truck-Towing-Truck-195x122.jpg 195w, https:\/\/nightriderleds.com\/wp-content\/uploads\/2024\/10\/Tow-Truck-Towing-Truck-768x480.jpg 768w, https:\/\/nightriderleds.com\/wp-content\/uploads\/2024\/10\/Tow-Truck-Towing-Truck.jpg 1088w\" sizes=\"(max-width: 544px) 100vw, 544px\" \/><\/p>\n<\/div>\n<\/div>\n<\/div>\n<div class=\"csColumnGap\" style=\"margin: 0; padding: 0; float: left; width: 0.3318584070796362%;\"><img decoding=\"async\" src=\"https:\/\/nightriderleds.com\/wp-content\/plugins\/wp-smart-editor\/plugins\/columns\/img\/1x1-pixel.png\" \/><\/div>\n<div style=\"clear: both; float: none; display: block; visibility: hidden; width: 0; font-size: 0; line-height: 0;\"><\/div>\n<\/div>\n<h3><\/h3>\n<div id=\"style-wpsecol-7bfb37af-4d27-a8d4-c915-fcdcef66639f\">\n<style><!-- @media (max-width: 768px) { #wpsecol-7bfb37af-4d27-a8d4-c915-fcdcef66639f .csColumn { display: block; width: 100% !important; } #wpsecol-7bfb37af-4d27-a8d4-c915-fcdcef66639f .csColumnGap { display: none; } } --><\/style>\n<\/div>","protected":false},"excerpt":{"rendered":"<p>Plus de probl\u00e8mes de c\u00e2blage d\u00e9fectueux.<\/p>\n<p>Ce kit est livr\u00e9 avec deux lumi\u00e8res rechargeables, un \u00e9metteur sans fil de type prise \u00e0 7 p\u00f4les et un c\u00e2ble de chargement USB.<\/p>\n<p>Les lumi\u00e8res se montent magn\u00e9tiquement, mais disposent \u00e9galement d'anneaux en D suppl\u00e9mentaires \u00e0 l'arri\u00e8re pour des options de fixation suppl\u00e9mentaires.<\/p>\n<p><em><strong>Soyez Visible \u2013 Soyez en S\u00e9curit\u00e9.<\/strong><\/em><\/p>\n<p><a href=\"https:\/\/nightriderleds.com\/wp-content\/uploads\/2024\/10\/Wireless-Trailer-Light-Kits-User-Manual-English-V01-CURVES-3.pdf\" target=\"_blank\" rel=\"noopener\">T\u00e9l\u00e9charger le guide de l'utilisateur<\/a><\/p>\n<p>&nbsp;<\/p>\n<p>&nbsp;<\/p>","protected":false},"featured_media":9295,"template":"","meta":[],"product_brand":[],"product_cat":[15,1519,1572],"product_tag":[160,161,1582,1581],"class_list":{"0":"post-9322","1":"product","2":"type-product","3":"status-publish","4":"has-post-thumbnail","6":"product_cat-automotive-equipment","7":"product_cat-safety-signal-lights","8":"product_cat-warning-lights-safety-signal-lights","9":"product_tag-automotive","10":"product_tag-leds","11":"product_tag-trailer-light","12":"product_tag-wireless","14":"first","15":"instock","16":"shipping-taxable","17":"product-type-simple"},"_links":{"self":[{"href":"https:\/\/nightriderleds.com\/fr\/wp-json\/wp\/v2\/product\/9322","targetHints":{"allow":["GET"]}}],"collection":[{"href":"https:\/\/nightriderleds.com\/fr\/wp-json\/wp\/v2\/product"}],"about":[{"href":"https:\/\/nightriderleds.com\/fr\/wp-json\/wp\/v2\/types\/product"}],"wp:featuredmedia":[{"embeddable":true,"href":"https:\/\/nightriderleds.com\/fr\/wp-json\/wp\/v2\/media\/9295"}],"wp:attachment":[{"href":"https:\/\/nightriderleds.com\/fr\/wp-json\/wp\/v2\/media?parent=9322"}],"wp:term":[{"taxonomy":"product_brand","embeddable":true,"href":"https:\/\/nightriderleds.com\/fr\/wp-json\/wp\/v2\/product_brand?post=9322"},{"taxonomy":"product_cat","embeddable":true,"href":"https:\/\/nightriderleds.com\/fr\/wp-json\/wp\/v2\/product_cat?post=9322"},{"taxonomy":"product_tag","embeddable":true,"href":"https:\/\/nightriderleds.com\/fr\/wp-json\/wp\/v2\/product_tag?post=9322"}],"curies":[{"name":"wp","href":"https:\/\/api.w.org\/{rel}","templated":true}]}}