{"id":9318,"date":"2025-06-17T08:17:42","date_gmt":"2025-06-17T15:17:42","guid":{"rendered":"https:\/\/nightriderleds.com\/?post_type=product&#038;p=9318"},"modified":"2026-02-04T09:23:35","modified_gmt":"2026-02-04T17:23:35","slug":"10-rgb-safety-whip","status":"publish","type":"product","link":"https:\/\/nightriderleds.com\/fr\/products\/automotive-equipment\/safety-signal-lights\/safety-whips\/rgb-lit-pole\/10-rgb-safety-whip\/","title":{"rendered":"Feu de s\u00e9curit\u00e9 RGB de 3 m\u00e8tres"},"content":{"rendered":"<div id=\"wpsecol-7bfb37af-4d27-a8d4-c915-fcdcef66639f\" class=\"csRow\">\n<div class=\"csColumnGap\" style=\"margin: 0; padding: 0; float: left; width: 0%;\"><img decoding=\"async\" src=\"https:\/\/nightriderleds.com\/wp-content\/plugins\/wp-smart-editor\/plugins\/columns\/img\/1x1-pixel.png\" \/><\/div>\n<div class=\"csColumn\" style=\"margin: 0; padding: 0; float: left; width: 46.349557522123895%;\" data-posx0=\"0\" data-posx1=\"46.46017699115044\" data-padding=\"5\" data-responsive=\"1\">\n<div style=\"padding: 5px;\">\n<div class=\"preview_text csColumn_text\">\n<h3>Fouets de s\u00e9curit\u00e9 \u00e0 LED<\/h3>\n<h4>La visibilit\u00e9 passe \u00e0 la vitesse sup\u00e9rieure.<\/h4>\n<p>Les fouets de s\u00e9curit\u00e9 ont \u00e9t\u00e9 mis en place comme mesure de s\u00e9curit\u00e9, augmentant la visibilit\u00e9 des v\u00e9hicules sur les sites miniers, les routes de service tr\u00e8s fr\u00e9quent\u00e9es, etc.<\/p>\n<p>Ce fouet de s\u00e9curit\u00e9 RGB vous permet de vous adapter facilement \u00e0 diff\u00e9rentes exigences en ce qui concerne la couleur de votre fouet. Qu'il s'agisse de vert, de bleu, de rouge ou de toute autre couleur, il vous suffit de la s\u00e9lectionner \u00e0 l'aide de la t\u00e9l\u00e9commande fournie ou d'une application gratuite t\u00e9l\u00e9chargeable sur votre smartphone.<\/p>\n<p>Les Safety Whips RGB sont livr\u00e9s avec un drapeau en maille orange avec un X r\u00e9fl\u00e9chissant, un support \u00e0 ressort tr\u00e8s r\u00e9sistant, un contr\u00f4leur et 6 pieds de fil.<\/p>\n<p>&nbsp;<\/p>\n<\/div>\n<\/div>\n<\/div>\n<div class=\"csColumnGap\" style=\"margin: 0; padding: 0; float: left; width: 0.33185840707964603%;\"><img decoding=\"async\" src=\"https:\/\/nightriderleds.com\/wp-content\/plugins\/wp-smart-editor\/plugins\/columns\/img\/1x1-pixel.png\" \/><\/div>\n<div class=\"csColumn\" style=\"margin: 0; padding: 0; float: left; width: 52.98672566371682%;\" data-posx0=\"46.792035398230084\" data-posx1=\"99.88938053097345\" data-padding=\"5\" data-responsive=\"1\">\n<div style=\"padding: 5px;\">\n<div class=\"preview_text csColumn_text\">\n<p><img fetchpriority=\"high\" decoding=\"async\" class=\"wp-image-9260 size-medium\" src=\"https:\/\/nightriderleds.com\/wp-content\/uploads\/2024\/10\/RGB-Safety-Whip-in-Green-544x340.jpg\" alt=\"RGB Safety Whip in Green\" width=\"544\" height=\"340\" srcset=\"https:\/\/nightriderleds.com\/wp-content\/uploads\/2024\/10\/RGB-Safety-Whip-in-Green-544x340.jpg 544w, https:\/\/nightriderleds.com\/wp-content\/uploads\/2024\/10\/RGB-Safety-Whip-in-Green-195x122.jpg 195w, https:\/\/nightriderleds.com\/wp-content\/uploads\/2024\/10\/RGB-Safety-Whip-in-Green-768x480.jpg 768w, https:\/\/nightriderleds.com\/wp-content\/uploads\/2024\/10\/RGB-Safety-Whip-in-Green.jpg 1088w\" sizes=\"(max-width: 544px) 100vw, 544px\" \/><\/p>\n<\/div>\n<\/div>\n<\/div>\n<div class=\"csColumnGap\" style=\"margin: 0; padding: 0; float: left; width: 0.3318584070796362%;\"><img decoding=\"async\" src=\"https:\/\/nightriderleds.com\/wp-content\/plugins\/wp-smart-editor\/plugins\/columns\/img\/1x1-pixel.png\" \/><\/div>\n<div style=\"clear: both; float: none; display: block; visibility: hidden; width: 0; font-size: 0; line-height: 0;\"><\/div>\n<\/div>\n<h3><\/h3>\n<div id=\"style-wpsecol-7bfb37af-4d27-a8d4-c915-fcdcef66639f\">\n<style><!-- @media (max-width: 768px) { #wpsecol-7bfb37af-4d27-a8d4-c915-fcdcef66639f .csColumn { display: block; width: 100% !important; } #wpsecol-7bfb37af-4d27-a8d4-c915-fcdcef66639f .csColumnGap { display: none; } } --><\/style>\n<\/div>","protected":false},"excerpt":{"rendered":"<p>Choisissez n'importe quelle couleur. Soyez vu : la perche \u00e9clair\u00e9e RGB de ce fouet de s\u00e9curit\u00e9 s'en chargera. Passez facilement d'une couleur \u00e0 l'autre.<\/p>\n<p>\u00c9galement disponible en longueurs de 4ft, 6ft et 8ft.<\/p>\n<p>&nbsp;<\/p>\n<p>&nbsp;<\/p>\n<p>&nbsp;<\/p>","protected":false},"featured_media":9263,"template":"","meta":[],"product_brand":[],"product_cat":[15,1059,1914,1519,1534],"product_tag":[160,161,1792,1915,1517,1603,1550],"class_list":{"0":"post-9318","1":"product","2":"type-product","3":"status-publish","4":"has-post-thumbnail","6":"product_cat-automotive-equipment","7":"product_cat-new-products","8":"product_cat-rgb-lit-pole","9":"product_cat-safety-signal-lights","10":"product_cat-safety-whips","11":"product_tag-automotive","12":"product_tag-leds","13":"product_tag-lit-pole","14":"product_tag-rgb","15":"product_tag-safety","16":"product_tag-safety-whip","17":"product_tag-signal-light","19":"first","20":"instock","21":"shipping-taxable","22":"product-type-simple"},"_links":{"self":[{"href":"https:\/\/nightriderleds.com\/fr\/wp-json\/wp\/v2\/product\/9318","targetHints":{"allow":["GET"]}}],"collection":[{"href":"https:\/\/nightriderleds.com\/fr\/wp-json\/wp\/v2\/product"}],"about":[{"href":"https:\/\/nightriderleds.com\/fr\/wp-json\/wp\/v2\/types\/product"}],"wp:featuredmedia":[{"embeddable":true,"href":"https:\/\/nightriderleds.com\/fr\/wp-json\/wp\/v2\/media\/9263"}],"wp:attachment":[{"href":"https:\/\/nightriderleds.com\/fr\/wp-json\/wp\/v2\/media?parent=9318"}],"wp:term":[{"taxonomy":"product_brand","embeddable":true,"href":"https:\/\/nightriderleds.com\/fr\/wp-json\/wp\/v2\/product_brand?post=9318"},{"taxonomy":"product_cat","embeddable":true,"href":"https:\/\/nightriderleds.com\/fr\/wp-json\/wp\/v2\/product_cat?post=9318"},{"taxonomy":"product_tag","embeddable":true,"href":"https:\/\/nightriderleds.com\/fr\/wp-json\/wp\/v2\/product_tag?post=9318"}],"curies":[{"name":"wp","href":"https:\/\/api.w.org\/{rel}","templated":true}]}}