{"id":9317,"date":"2024-10-01T16:48:38","date_gmt":"2024-10-01T23:48:38","guid":{"rendered":"https:\/\/nightriderleds.com\/?post_type=product&#038;p=9317"},"modified":"2025-08-05T15:16:27","modified_gmt":"2025-08-05T22:16:27","slug":"low-profile-8-linear-interior-light-white","status":"publish","type":"product","link":"https:\/\/nightriderleds.com\/fr\/products\/automotive-equipment\/specialty-and-accent-lighting\/interior-lights\/low-profile-8-linear-interior-light-white\/","title":{"rendered":"Lampe d'int\u00e9rieur lin\u00e9aire basse 8\u2033 \u2013 Blanche"},"content":{"rendered":"<div id=\"wpsecol-880bcffd-9b43-782e-67d7-79c7ca611a97\" class=\"csRow\">\n<div class=\"csColumnGap\" style=\"margin: 0; padding: 0; float: left; width: 0%;\"><img decoding=\"async\" src=\"https:\/\/nightriderleds.com\/wp-content\/plugins\/wp-smart-editor\/plugins\/columns\/img\/1x1-pixel.png\" \/><\/div>\n<div class=\"csColumn\" style=\"margin: 0; padding: 0; float: left; width: 50%;\" data-posx0=\"0\" data-posx1=\"50.11061946902655\" data-padding=\"10\" data-responsive=\"1\">\n<div style=\"padding: 10px;\">\n<div class=\"preview_text csColumn_text\">\n<h3>Lumineuse, \u00e9l\u00e9gante et discr\u00e8te. \u00c9quip\u00e9 d'un interrupteur tactile marche\/arr\u00eat facile \u00e0 utiliser.<\/h3>\n<h4><em>Illuminez l'int\u00e9rieur des camping-cars, des cabines, des remorques et bien plus encore !<\/em><\/h4>\n<p>Avec son design \u00e9l\u00e9gant et son profil bas de seulement 1\/2\u2033, cette lampe s'int\u00e8gre partout.<\/p>\n<p>La lampe est livr\u00e9e avec un joint en caoutchouc, la quincaillerie de montage et le c\u00e2blage en queue de cochon.<\/p>\n<\/div>\n<\/div>\n<\/div>\n<div class=\"csColumnGap\" style=\"margin: 0; padding: 0; float: left; width: 0.4424778761061947%;\"><img decoding=\"async\" src=\"https:\/\/nightriderleds.com\/wp-content\/plugins\/wp-smart-editor\/plugins\/columns\/img\/1x1-pixel.png\" \/><\/div>\n<div class=\"csColumn\" style=\"margin: 0; padding: 0; float: left; width: 49.22566371681416%;\" data-posx0=\"50.55309734513275\" data-posx1=\"99.88938053097345\" data-padding=\"10\" data-responsive=\"1\">\n<div style=\"padding: 10px;\">\n<div class=\"preview_text csColumn_text\">\n<p><img fetchpriority=\"high\" decoding=\"async\" class=\"wp-image-9278 size-medium\" src=\"https:\/\/nightriderleds.com\/wp-content\/uploads\/2024\/10\/NINT-5R-In-Action-544x340.jpg\" alt=\"5&quot; Round Low Profile Interior Light in Action\" width=\"544\" height=\"340\" srcset=\"https:\/\/nightriderleds.com\/wp-content\/uploads\/2024\/10\/NINT-5R-In-Action-544x340.jpg 544w, https:\/\/nightriderleds.com\/wp-content\/uploads\/2024\/10\/NINT-5R-In-Action-195x122.jpg 195w, https:\/\/nightriderleds.com\/wp-content\/uploads\/2024\/10\/NINT-5R-In-Action-768x480.jpg 768w, https:\/\/nightriderleds.com\/wp-content\/uploads\/2024\/10\/NINT-5R-In-Action.jpg 1088w\" sizes=\"(max-width: 544px) 100vw, 544px\" \/><\/p>\n<\/div>\n<\/div>\n<\/div>\n<\/div>\n<p>&nbsp;<\/p>\n<p>&nbsp;<\/p>\n<p>&nbsp;<\/p>\n<div id=\"style-wpsecol-880bcffd-9b43-782e-67d7-79c7ca611a97\">\n<style><!-- @media (max-width: 768px) { #wpsecol-880bcffd-9b43-782e-67d7-79c7ca611a97 .csColumn { display: block; width: 100% !important; } #wpsecol-880bcffd-9b43-782e-67d7-79c7ca611a97 .csColumnGap { display: none; } } --><\/style>\n<\/div>","protected":false},"excerpt":{"rendered":"<p>Lumineuse, \u00e9l\u00e9gante et discr\u00e8te. \u00c9quip\u00e9 d'un interrupteur tactile marche\/arr\u00eat pratique.<\/p>\n<p>26W \/ 1 200lm Efficace<\/p>\n<p>La lampe est livr\u00e9e avec un joint en caoutchouc, la quincaillerie de montage et le c\u00e2blage en queue de cochon.<\/p>\n<p>&nbsp;<\/p>","protected":false},"featured_media":9277,"template":"","meta":[],"product_brand":[],"product_cat":[15,1895,1529],"product_tag":[1902,161,1532,1903],"class_list":{"0":"post-9317","1":"product","2":"type-product","3":"status-publish","4":"has-post-thumbnail","6":"product_cat-automotive-equipment","7":"product_cat-interior-lights","8":"product_cat-specialty-and-accent-lighting","9":"product_tag-interior-light","10":"product_tag-leds","11":"product_tag-specialty-lighting","12":"product_tag-touch-switch","14":"first","15":"instock","16":"shipping-taxable","17":"product-type-simple"},"_links":{"self":[{"href":"https:\/\/nightriderleds.com\/fr\/wp-json\/wp\/v2\/product\/9317","targetHints":{"allow":["GET"]}}],"collection":[{"href":"https:\/\/nightriderleds.com\/fr\/wp-json\/wp\/v2\/product"}],"about":[{"href":"https:\/\/nightriderleds.com\/fr\/wp-json\/wp\/v2\/types\/product"}],"wp:featuredmedia":[{"embeddable":true,"href":"https:\/\/nightriderleds.com\/fr\/wp-json\/wp\/v2\/media\/9277"}],"wp:attachment":[{"href":"https:\/\/nightriderleds.com\/fr\/wp-json\/wp\/v2\/media?parent=9317"}],"wp:term":[{"taxonomy":"product_brand","embeddable":true,"href":"https:\/\/nightriderleds.com\/fr\/wp-json\/wp\/v2\/product_brand?post=9317"},{"taxonomy":"product_cat","embeddable":true,"href":"https:\/\/nightriderleds.com\/fr\/wp-json\/wp\/v2\/product_cat?post=9317"},{"taxonomy":"product_tag","embeddable":true,"href":"https:\/\/nightriderleds.com\/fr\/wp-json\/wp\/v2\/product_tag?post=9317"}],"curies":[{"name":"wp","href":"https:\/\/api.w.org\/{rel}","templated":true}]}}