{"id":9311,"date":"2024-12-08T15:28:52","date_gmt":"2024-12-08T23:28:52","guid":{"rendered":"https:\/\/nightriderleds.com\/?post_type=product&#038;p=9311"},"modified":"2025-09-10T09:05:05","modified_gmt":"2025-09-10T16:05:05","slug":"remote-control-search-light-10o-spot-beam","status":"publish","type":"product","link":"https:\/\/nightriderleds.com\/fr\/products\/automotive-equipment\/specialty-and-accent-lighting\/search-light\/remote-control-search-light-10o-spot-beam\/","title":{"rendered":"Projecteur de recherche t\u00e9l\u00e9command\u00e9 \u2013 Faisceau \u00e9troit 10\u00ba"},"content":{"rendered":"<div id=\"wpsecol-880bcffd-9b43-782e-67d7-79c7ca611a97\" class=\"csRow\">\n<div class=\"csColumnGap\" style=\"margin: 0; padding: 0; float: left; width: 0%;\"><img decoding=\"async\" src=\"https:\/\/nightriderleds.com\/wp-content\/plugins\/wp-smart-editor\/plugins\/columns\/img\/1x1-pixel.png\" \/><\/div>\n<div class=\"csColumn\" style=\"margin: 0; padding: 0; float: left; width: 50%;\" data-posx0=\"0\" data-posx1=\"50.11061946902655\" data-padding=\"10\" data-responsive=\"1\">\n<div style=\"padding: 10px;\">\n<div class=\"preview_text csColumn_text\">\n<h3>La lumi\u00e8re puissante avec un faisceau facile \u00e0 diriger<\/h3>\n<h4><em>\u00c9clairez votre environnement de travail en toute simplicit\u00e9 !<\/em><\/h4>\n<p>Pivotez \u00e0 gauche et \u00e0 droite sur 360\u00b0 et plus, inclinez vers le haut et vers le bas sur 110\u00b0 - le tout \u00e0 l'aide d'une t\u00e9l\u00e9commande facile \u00e0 utiliser \u00e0 une distance de 20 m\u00e8tres. La lampe dispose \u00e9galement d'un mode SOS, qui \u00e9met la s\u00e9quence clignotante du signal de d\u00e9tresse international.<\/p>\n<p>La lampe est livr\u00e9e avec 2 t\u00e9l\u00e9commandes, le mat\u00e9riel n\u00e9cessaire \u00e0 la fixation de la lampe, un support pour la t\u00e9l\u00e9commande qui peut \u00eatre mont\u00e9 sur le tableau de bord du v\u00e9hicule, 2 piles 12V 23A pour la t\u00e9l\u00e9commande, ainsi qu'un c\u00e2ble en tire-bouchon.<\/p>\n<\/div>\n<\/div>\n<\/div>\n<div class=\"csColumnGap\" style=\"margin: 0; padding: 0; float: left; width: 0.4424778761061947%;\"><img decoding=\"async\" src=\"https:\/\/nightriderleds.com\/wp-content\/plugins\/wp-smart-editor\/plugins\/columns\/img\/1x1-pixel.png\" \/><\/div>\n<div class=\"csColumn\" style=\"margin: 0; padding: 0; float: left; width: 49.22566371681416%;\" data-posx0=\"50.55309734513275\" data-posx1=\"99.88938053097345\" data-padding=\"10\" data-responsive=\"1\">\n<div style=\"padding: 10px;\">\n<div class=\"preview_text csColumn_text\">\n<h3><img fetchpriority=\"high\" decoding=\"async\" class=\"alignnone wp-image-9310 size-medium\" src=\"https:\/\/nightriderleds.com\/wp-content\/uploads\/2024\/10\/Utility-Service-Truck-544x340.jpg\" alt=\"\" width=\"544\" height=\"340\" srcset=\"https:\/\/nightriderleds.com\/wp-content\/uploads\/2024\/10\/Utility-Service-Truck-544x340.jpg 544w, https:\/\/nightriderleds.com\/wp-content\/uploads\/2024\/10\/Utility-Service-Truck-195x122.jpg 195w, https:\/\/nightriderleds.com\/wp-content\/uploads\/2024\/10\/Utility-Service-Truck-768x480.jpg 768w, https:\/\/nightriderleds.com\/wp-content\/uploads\/2024\/10\/Utility-Service-Truck.jpg 1088w\" sizes=\"(max-width: 544px) 100vw, 544px\" \/><\/h3>\n<\/div>\n<\/div>\n<\/div>\n<\/div>\n<p>&nbsp;<\/p>\n<p>&nbsp;<\/p>\n<p>&nbsp;<\/p>\n<div id=\"style-wpsecol-880bcffd-9b43-782e-67d7-79c7ca611a97\">\n<style><!-- @media (max-width: 768px) { #wpsecol-880bcffd-9b43-782e-67d7-79c7ca611a97 .csColumn { display: block; width: 100% !important; } #wpsecol-880bcffd-9b43-782e-67d7-79c7ca611a97 .csColumnGap { display: none; } } --><\/style>\n<\/div>","protected":false},"excerpt":{"rendered":"<p>Le phare de recherche NightRider\u2122 est command\u00e9 par t\u00e9l\u00e9commande et peut s'incliner et pivoter pour diriger son puissant faisceau vers l'endroit souhait\u00e9.<\/p>\n<p>42 W efficace \/ 6 720 lm brut, 4 600 lm efficace<\/p>\n<p>La lampe est livr\u00e9e avec 2 t\u00e9l\u00e9commandes avec piles, un aimant puissant dans sa base, du mat\u00e9riel pour une fixation fixe, un c\u00e2ble en queue de cochon et un support pour la t\u00e9l\u00e9commande.<\/p>\n<p><a href=\"https:\/\/nightriderleds.com\/wp-content\/uploads\/2024\/10\/User-manual-English-Curves-2.pdf\" target=\"_blank\" rel=\"noopener\">T\u00e9l\u00e9charger le manuel de l'utilisateur<\/a><\/p>\n<p>&nbsp;<\/p>","protected":false},"featured_media":9253,"template":"","meta":[],"product_brand":[],"product_cat":[15,1882,1529],"product_tag":[1884,161,1885,1883,1532],"class_list":{"0":"post-9311","1":"product","2":"type-product","3":"status-publish","4":"has-post-thumbnail","6":"product_cat-automotive-equipment","7":"product_cat-search-light","8":"product_cat-specialty-and-accent-lighting","9":"product_tag-90o-flood-beam","10":"product_tag-leds","11":"product_tag-remote-control","12":"product_tag-search-light","13":"product_tag-specialty-lighting","15":"first","16":"instock","17":"shipping-taxable","18":"product-type-simple"},"_links":{"self":[{"href":"https:\/\/nightriderleds.com\/fr\/wp-json\/wp\/v2\/product\/9311","targetHints":{"allow":["GET"]}}],"collection":[{"href":"https:\/\/nightriderleds.com\/fr\/wp-json\/wp\/v2\/product"}],"about":[{"href":"https:\/\/nightriderleds.com\/fr\/wp-json\/wp\/v2\/types\/product"}],"wp:featuredmedia":[{"embeddable":true,"href":"https:\/\/nightriderleds.com\/fr\/wp-json\/wp\/v2\/media\/9253"}],"wp:attachment":[{"href":"https:\/\/nightriderleds.com\/fr\/wp-json\/wp\/v2\/media?parent=9311"}],"wp:term":[{"taxonomy":"product_brand","embeddable":true,"href":"https:\/\/nightriderleds.com\/fr\/wp-json\/wp\/v2\/product_brand?post=9311"},{"taxonomy":"product_cat","embeddable":true,"href":"https:\/\/nightriderleds.com\/fr\/wp-json\/wp\/v2\/product_cat?post=9311"},{"taxonomy":"product_tag","embeddable":true,"href":"https:\/\/nightriderleds.com\/fr\/wp-json\/wp\/v2\/product_tag?post=9311"}],"curies":[{"name":"wp","href":"https:\/\/api.w.org\/{rel}","templated":true}]}}