{"id":9305,"date":"2024-12-08T13:50:45","date_gmt":"2024-12-08T21:50:45","guid":{"rendered":"https:\/\/nightriderleds.com\/?post_type=product&#038;p=9305"},"modified":"2026-04-08T11:52:37","modified_gmt":"2026-04-08T18:52:37","slug":"universal-sae-dot-snow-plow-light","status":"publish","type":"product","link":"https:\/\/nightriderleds.com\/fr\/products\/automotive-equipment\/street-legal\/sae\/headlights-sae\/universal-sae-dot-snow-plow-light\/","title":{"rendered":"Phare universel pour chasse-neige SAE\/DOT"},"content":{"rendered":"<div id=\"wpsecol-e896fa68-d752-aae0-f9d8-87942b103014\" class=\"csRow\">\n<div class=\"csColumnGap\" style=\"margin: 0; padding: 0; float: left; width: 0%;\"><img decoding=\"async\" src=\"https:\/\/nightriderleds.com\/wp-content\/plugins\/wp-smart-editor\/plugins\/columns\/img\/1x1-pixel.png\" \/><\/div>\n<div class=\"csColumn\" style=\"margin: 0; padding: 0; float: left; width: 49.22566371681416%;\" data-posx0=\"0\" data-posx1=\"49.336283185840706\" data-padding=\"5\" data-responsive=\"1\">\n<div style=\"padding: 5px;\">\n<div class=\"preview_text csColumn_text\">\n<h3>Certifi\u00e9 SAE\/DOT<\/h3>\n<p>Ce phare vous permet de choisir l'emplacement du feu de signalisation : il peut \u00eatre fix\u00e9 \u00e0 droite, \u00e0 gauche ou sur le dessus du phare principal. Le phare principal \u00e0 faisceau haut\/bas avec feux de circulation diurnes est dot\u00e9 d'une lentille chauffante pour que la neige n'y adh\u00e8re pas.<\/p>\n<p>La lumi\u00e8re est livr\u00e9e avec deux capuchons pour les emplacements de feux de signalisation inutilis\u00e9s, un support de montage et un faisceau de c\u00e2blage de type queue de cochon avec un connecteur Deutsch \u00e0 6 broches se branchant \u00e0 l'arri\u00e8re de la lumi\u00e8re principale. Le support permet le montage horizontal ainsi que vertical de la lumi\u00e8re.<\/p>\n<\/div>\n<\/div>\n<\/div>\n<div class=\"csColumnGap\" style=\"margin: 0; padding: 0; float: left; width: 1.3274336283185841%;\"><img decoding=\"async\" src=\"https:\/\/nightriderleds.com\/wp-content\/plugins\/wp-smart-editor\/plugins\/columns\/img\/1x1-pixel.png\" \/><\/div>\n<div class=\"csColumn\" style=\"margin: 0; padding: 0; float: left; width: 49.22566371681416%;\" data-posx0=\"50.66371681415929\" data-posx1=\"100\" data-padding=\"5\" data-responsive=\"1\">\n<div style=\"padding: 5px;\">\n<div class=\"preview_text csColumn_text\">\n<p>&nbsp;<\/p>\n<p>&nbsp;<\/p>\n<\/div>\n<\/div>\n<\/div>\n<div class=\"csColumnGap\" style=\"margin: 0; padding: 0; float: left; width: 0.2212389380530908%;\"><img decoding=\"async\" src=\"https:\/\/nightriderleds.com\/wp-content\/plugins\/wp-smart-editor\/plugins\/columns\/img\/1x1-pixel.png\" \/><\/div>\n<div style=\"clear: both; float: none; display: block; visibility: hidden; width: 0; font-size: 0; line-height: 0;\"><\/div>\n<\/div>\n<h3><\/h3>\n<div id=\"style-wpsecol-e896fa68-d752-aae0-f9d8-87942b103014\">\n<style><!-- @media (max-width: 768px) { #wpsecol-e896fa68-d752-aae0-f9d8-87942b103014 .csColumn { display: block; width: 100% !important; } #wpsecol-e896fa68-d752-aae0-f9d8-87942b103014 .csColumnGap { display: none; } } --><\/style>\n<\/div>","protected":false},"excerpt":{"rendered":"<p>Cette lumi\u00e8re a tout ce dont vous aurez besoin : feux de route\/de croisement, un clignotant modulaire qui peut \u00eatre fix\u00e9 de chaque c\u00f4t\u00e9 ou sur le dessus du feu principal, feux de jour et une lentille chauffante sans bord pour emp\u00eacher la neige de s'y accumuler !<\/p>\n<p>Feu de croisement : 25W \u2013 2 400 lm bruts \/ 1 008 lm r\u00e9els<\/p>\n<p>Feux de route : 42W \u2013 3 000 lm bruts \/ 1 380 lm r\u00e9els<\/p>\n<p>Vendu \u00e0 l'unit\u00e9.<\/p>\n<p>&nbsp;<\/p>\n<p><a href=\"https:\/\/nightriderleds.com\/wp-content\/uploads\/2025\/10\/Snow-Plow-Wiring-Instruction-Sheet-for-inside-Box-ENGFRENCH-Updated.pdf\" target=\"_blank\" rel=\"noopener\"><strong>T\u00e9l\u00e9charger les instructions de c\u00e2blage et d'installation (anglais et fran\u00e7ais)<\/strong><\/a><\/p>\n<p>&nbsp;<\/p>\n<div id=\"style-btn-877f2f8f-5011-96c8-1f40-48752a8d0a97\"><\/div>","protected":false},"featured_media":9302,"template":"","meta":[],"product_brand":[],"product_cat":[15,1844,25,18],"product_tag":[160,1108,161,100,99,1633,23],"class_list":{"0":"post-9305","1":"product","2":"type-product","3":"status-publish","4":"has-post-thumbnail","6":"product_cat-automotive-equipment","7":"product_cat-headlights-sae","8":"product_cat-sae","9":"product_cat-street-legal","10":"product_tag-automotive","11":"product_tag-heated-lens","12":"product_tag-leds","13":"product_tag-nightdriver","14":"product_tag-sae","15":"product_tag-snow-plow","16":"product_tag-street-legal","18":"first","19":"instock","20":"shipping-taxable","21":"product-type-simple"},"_links":{"self":[{"href":"https:\/\/nightriderleds.com\/fr\/wp-json\/wp\/v2\/product\/9305","targetHints":{"allow":["GET"]}}],"collection":[{"href":"https:\/\/nightriderleds.com\/fr\/wp-json\/wp\/v2\/product"}],"about":[{"href":"https:\/\/nightriderleds.com\/fr\/wp-json\/wp\/v2\/types\/product"}],"wp:featuredmedia":[{"embeddable":true,"href":"https:\/\/nightriderleds.com\/fr\/wp-json\/wp\/v2\/media\/9302"}],"wp:attachment":[{"href":"https:\/\/nightriderleds.com\/fr\/wp-json\/wp\/v2\/media?parent=9305"}],"wp:term":[{"taxonomy":"product_brand","embeddable":true,"href":"https:\/\/nightriderleds.com\/fr\/wp-json\/wp\/v2\/product_brand?post=9305"},{"taxonomy":"product_cat","embeddable":true,"href":"https:\/\/nightriderleds.com\/fr\/wp-json\/wp\/v2\/product_cat?post=9305"},{"taxonomy":"product_tag","embeddable":true,"href":"https:\/\/nightriderleds.com\/fr\/wp-json\/wp\/v2\/product_tag?post=9305"}],"curies":[{"name":"wp","href":"https:\/\/api.w.org\/{rel}","templated":true}]}}