{"id":9119,"date":"2024-09-23T01:50:34","date_gmt":"2024-09-23T08:50:34","guid":{"rendered":"https:\/\/nightriderleds.com\/?post_type=product&#038;p=9119"},"modified":"2025-08-05T16:17:29","modified_gmt":"2025-08-05T23:17:29","slug":"2-way-deutsch-plug-assembly-kit","status":"publish","type":"product","link":"https:\/\/nightriderleds.com\/fr\/products\/accessories\/wiring\/2-way-deutsch-plug-assembly-kit\/","title":{"rendered":"Kit d'assemblage de connecteur Deutsch \u00e0 2 voies"},"content":{"rendered":"<p>&nbsp;<\/p>\n<div id=\"wpsecol-71c6b5a3-2a78-d4b7-9cf0-02dab0423b46\" class=\"csRow\">\n<div class=\"csColumnGap\" style=\"margin: 0; padding: 0; float: left; width: 0.11061946902654868%;\"><img decoding=\"async\" src=\"https:\/\/nightriderleds.com\/wp-content\/plugins\/wp-smart-editor\/plugins\/columns\/img\/1x1-pixel.png\" \/><\/div>\n<div class=\"csColumn\" style=\"margin: 0; padding: 0; float: left; width: 46.23893805309734%;\" data-posx0=\"0.11061946902654868\" data-posx1=\"46.46017699115044\" data-padding=\"5\" data-responsive=\"1\">\n<div style=\"padding: 5px;\">\n<div class=\"preview_text csColumn_text\">\n<h3 class=\"p1\">Assemblez vos propres connecteurs Deutsch \u00e0 2 voies.<\/h3>\n<p><strong>Ce kit comprend\u00a0:<\/strong> 1 x borne m\u00e2le, 1 x borne femelle, 2 x broches m\u00e2les pleines, 2 x broches femelles pleines, 1 x plaque de blocage pour fiche Deutsch femelle \u00e0 2 voies, 1 x plaque de blocage pour fiche Deutsch m\u00e2le \u00e0 2 voies<\/p>\n<p class=\"p2\">\n<\/div>\n<\/div>\n<\/div>\n<div class=\"csColumnGap\" style=\"margin: 0; padding: 0; float: left; width: 1.7699115044247788%;\"><img decoding=\"async\" src=\"https:\/\/nightriderleds.com\/wp-content\/plugins\/wp-smart-editor\/plugins\/columns\/img\/1x1-pixel.png\" \/><\/div>\n<div class=\"csColumn\" style=\"margin: 0; padding: 0; float: left; width: 51.65929203539823%;\" data-posx0=\"48.23008849557522\" data-posx1=\"100\" data-padding=\"5\" data-responsive=\"1\">\n<div style=\"padding: 5px;\">\n<div class=\"preview_text csColumn_text\">\n<p><img fetchpriority=\"high\" decoding=\"async\" class=\"wp-image-9120 size-medium\" src=\"https:\/\/nightriderleds.com\/wp-content\/uploads\/2024\/05\/2-Way-Deutsch-Plug-Assembly-Kit-544x340.jpg\" alt=\"2 Way Deutsch Plug Assembly Kit\" width=\"544\" height=\"340\" srcset=\"https:\/\/nightriderleds.com\/wp-content\/uploads\/2024\/05\/2-Way-Deutsch-Plug-Assembly-Kit-544x340.jpg 544w, https:\/\/nightriderleds.com\/wp-content\/uploads\/2024\/05\/2-Way-Deutsch-Plug-Assembly-Kit-195x122.jpg 195w, https:\/\/nightriderleds.com\/wp-content\/uploads\/2024\/05\/2-Way-Deutsch-Plug-Assembly-Kit-768x480.jpg 768w, https:\/\/nightriderleds.com\/wp-content\/uploads\/2024\/05\/2-Way-Deutsch-Plug-Assembly-Kit.jpg 1088w\" sizes=\"(max-width: 544px) 100vw, 544px\" \/><\/p>\n<\/div>\n<\/div>\n<\/div>\n<div class=\"csColumnGap\" style=\"margin: 0; padding: 0; float: left; width: 0.22123893805310502%;\"><img decoding=\"async\" src=\"https:\/\/nightriderleds.com\/wp-content\/plugins\/wp-smart-editor\/plugins\/columns\/img\/1x1-pixel.png\" \/><\/div>\n<div style=\"clear: both; float: none; display: block; visibility: hidden; width: 0; font-size: 0; line-height: 0;\"><\/div>\n<\/div>\n<p>&nbsp;<\/p>\n<div id=\"style-wpsecol-71c6b5a3-2a78-d4b7-9cf0-02dab0423b46\">\n<style><!-- @media (max-width: 768px) { #wpsecol-71c6b5a3-2a78-d4b7-9cf0-02dab0423b46 .csColumn { display: block; width: 100% !important; } #wpsecol-71c6b5a3-2a78-d4b7-9cf0-02dab0423b46 .csColumnGap { display: none; } } --><\/style>\n<\/div>","protected":false},"excerpt":{"rendered":"<p><b>Assemblez vos propres connecteurs Deutsch \u00e0 2 voies.<\/b><\/p>\n<p>&nbsp;<\/p>\n<p>&nbsp;<\/p>","protected":false},"featured_media":9120,"template":"","meta":[],"product_brand":[],"product_cat":[129,15,131],"product_tag":[160,649,161,647],"class_list":{"0":"post-9119","1":"product","2":"type-product","3":"status-publish","4":"has-post-thumbnail","6":"product_cat-accessories","7":"product_cat-automotive-equipment","8":"product_cat-wiring","9":"product_tag-automotive","10":"product_tag-deutsch-plug","11":"product_tag-leds","12":"product_tag-wiring","14":"first","15":"instock","16":"shipping-taxable","17":"product-type-simple"},"_links":{"self":[{"href":"https:\/\/nightriderleds.com\/fr\/wp-json\/wp\/v2\/product\/9119","targetHints":{"allow":["GET"]}}],"collection":[{"href":"https:\/\/nightriderleds.com\/fr\/wp-json\/wp\/v2\/product"}],"about":[{"href":"https:\/\/nightriderleds.com\/fr\/wp-json\/wp\/v2\/types\/product"}],"wp:featuredmedia":[{"embeddable":true,"href":"https:\/\/nightriderleds.com\/fr\/wp-json\/wp\/v2\/media\/9120"}],"wp:attachment":[{"href":"https:\/\/nightriderleds.com\/fr\/wp-json\/wp\/v2\/media?parent=9119"}],"wp:term":[{"taxonomy":"product_brand","embeddable":true,"href":"https:\/\/nightriderleds.com\/fr\/wp-json\/wp\/v2\/product_brand?post=9119"},{"taxonomy":"product_cat","embeddable":true,"href":"https:\/\/nightriderleds.com\/fr\/wp-json\/wp\/v2\/product_cat?post=9119"},{"taxonomy":"product_tag","embeddable":true,"href":"https:\/\/nightriderleds.com\/fr\/wp-json\/wp\/v2\/product_tag?post=9119"}],"curies":[{"name":"wp","href":"https:\/\/api.w.org\/{rel}","templated":true}]}}