{"id":7586,"date":"2024-11-15T09:34:13","date_gmt":"2024-11-15T17:34:13","guid":{"rendered":"https:\/\/nightriderleds.com\/?post_type=product&#038;p=7586"},"modified":"2026-02-04T09:51:42","modified_gmt":"2026-02-04T17:51:42","slug":"rgbw-top-light-replacement-for-safety-whips","status":"publish","type":"product","link":"https:\/\/nightriderleds.com\/fr\/products\/automotive-equipment\/safety-signal-lights\/safety-whips\/safety-whip-accessories\/rgbw-top-light-replacement-for-safety-whips\/","title":{"rendered":"Remplacement de l'\u00e9clairage sup\u00e9rieur RGBW pour les fouets de s\u00e9curit\u00e9"},"content":{"rendered":"<div id=\"wpsecol-7bfb37af-4d27-a8d4-c915-fcdcef66639f\" class=\"csRow\">\n<div class=\"csColumnGap\" style=\"margin: 0; padding: 0; float: left; width: 0%;\"><img decoding=\"async\" src=\"https:\/\/nightriderleds.com\/wp-content\/plugins\/wp-smart-editor\/plugins\/columns\/img\/1x1-pixel.png\" \/><\/div>\n<div class=\"csColumn\" style=\"margin: 0; padding: 0; float: left; width: 46.349557522123895%;\" data-posx0=\"0\" data-posx1=\"46.46017699115044\" data-padding=\"5\" data-responsive=\"1\">\n<div style=\"padding: 5px;\">\n<div class=\"preview_text csColumn_text\">\n<h3>Cravaches de s\u00e9curit\u00e9 \u00e0 \u00e9clairage sup\u00e9rieur LED<\/h3>\n<h4>L'\u00e9clairage sup\u00e9rieur de remplacement avec plusieurs options de couleurs<\/h4>\n<p>Rouge, vert, bleu, blanc ou toute autre couleur RVB : \u00e0 l'aide d'une application Bluetooth t\u00e9l\u00e9chargeable gratuitement sur votre t\u00e9l\u00e9phone portable, vous pouvez modifier la couleur et la vitesse de clignotement de cette lampe.<\/p>\n<\/div>\n<p>Pratique et facile \u00e0 installer gr\u00e2ce au connecteur DC.<\/p>\n<div class=\"preview_text csColumn_text\">\n<p>&nbsp;<\/p>\n<\/div>\n<\/div>\n<\/div>\n<div class=\"csColumnGap\" style=\"margin: 0; padding: 0; float: left; width: 0.33185840707964603%;\"><img decoding=\"async\" src=\"https:\/\/nightriderleds.com\/wp-content\/plugins\/wp-smart-editor\/plugins\/columns\/img\/1x1-pixel.png\" \/><\/div>\n<div class=\"csColumn\" style=\"margin: 0; padding: 0; float: left; width: 52.98672566371682%;\" data-posx0=\"46.792035398230084\" data-posx1=\"99.88938053097345\" data-padding=\"5\" data-responsive=\"1\">\n<div style=\"padding: 5px;\">\n<div class=\"preview_text csColumn_text\">\n<p><img fetchpriority=\"high\" decoding=\"async\" class=\"wp-image-6391 size-medium\" src=\"https:\/\/nightriderleds.com\/wp-content\/uploads\/2022\/08\/Pickup-Truck-with-Top-Light-Safety-Whip-544x340.jpg\" alt=\"Pickup Truck with Top Light Safety Whip\" width=\"544\" height=\"340\" srcset=\"https:\/\/nightriderleds.com\/wp-content\/uploads\/2022\/08\/Pickup-Truck-with-Top-Light-Safety-Whip-544x340.jpg 544w, https:\/\/nightriderleds.com\/wp-content\/uploads\/2022\/08\/Pickup-Truck-with-Top-Light-Safety-Whip-195x122.jpg 195w, https:\/\/nightriderleds.com\/wp-content\/uploads\/2022\/08\/Pickup-Truck-with-Top-Light-Safety-Whip-768x480.jpg 768w, https:\/\/nightriderleds.com\/wp-content\/uploads\/2022\/08\/Pickup-Truck-with-Top-Light-Safety-Whip.jpg 1088w\" sizes=\"(max-width: 544px) 100vw, 544px\" \/><\/p>\n<\/div>\n<\/div>\n<\/div>\n<div class=\"csColumnGap\" style=\"margin: 0; padding: 0; float: left; width: 0.3318584070796362%;\"><img decoding=\"async\" src=\"https:\/\/nightriderleds.com\/wp-content\/plugins\/wp-smart-editor\/plugins\/columns\/img\/1x1-pixel.png\" \/><\/div>\n<div style=\"clear: both; float: none; display: block; visibility: hidden; width: 0; font-size: 0; line-height: 0;\"><\/div>\n<\/div>\n<h3><\/h3>\n<div id=\"style-wpsecol-7bfb37af-4d27-a8d4-c915-fcdcef66639f\">\n<style><!-- @media (max-width: 768px) { #wpsecol-7bfb37af-4d27-a8d4-c915-fcdcef66639f .csColumn { display: block; width: 100% !important; } #wpsecol-7bfb37af-4d27-a8d4-c915-fcdcef66639f .csColumnGap { display: none; } } --><\/style>\n<\/div>","protected":false},"excerpt":{"rendered":"<p>Rouge. Vert. Bleu. Blanc. Changez la couleur de votre plafonnier \u00e0 l'aide d'une application gratuite sur votre t\u00e9l\u00e9phone portable.<\/p>\n<p>Il suffit de le visser.<\/p>\n<p>&nbsp;<\/p>\n<p>&nbsp;<\/p>\n<p>&nbsp;<\/p>","protected":false},"featured_media":7577,"template":"","meta":[],"product_brand":[],"product_cat":[15,1519,1841,1534],"product_tag":[160,161,1820,1517,1603,1604],"class_list":{"0":"post-7586","1":"product","2":"type-product","3":"status-publish","4":"has-post-thumbnail","6":"product_cat-automotive-equipment","7":"product_cat-safety-signal-lights","8":"product_cat-safety-whip-accessories","9":"product_cat-safety-whips","10":"product_tag-automotive","11":"product_tag-leds","12":"product_tag-replacement","13":"product_tag-safety","14":"product_tag-safety-whip","15":"product_tag-top-light","17":"first","18":"instock","19":"shipping-taxable","20":"product-type-simple"},"_links":{"self":[{"href":"https:\/\/nightriderleds.com\/fr\/wp-json\/wp\/v2\/product\/7586","targetHints":{"allow":["GET"]}}],"collection":[{"href":"https:\/\/nightriderleds.com\/fr\/wp-json\/wp\/v2\/product"}],"about":[{"href":"https:\/\/nightriderleds.com\/fr\/wp-json\/wp\/v2\/types\/product"}],"wp:featuredmedia":[{"embeddable":true,"href":"https:\/\/nightriderleds.com\/fr\/wp-json\/wp\/v2\/media\/7577"}],"wp:attachment":[{"href":"https:\/\/nightriderleds.com\/fr\/wp-json\/wp\/v2\/media?parent=7586"}],"wp:term":[{"taxonomy":"product_brand","embeddable":true,"href":"https:\/\/nightriderleds.com\/fr\/wp-json\/wp\/v2\/product_brand?post=7586"},{"taxonomy":"product_cat","embeddable":true,"href":"https:\/\/nightriderleds.com\/fr\/wp-json\/wp\/v2\/product_cat?post=7586"},{"taxonomy":"product_tag","embeddable":true,"href":"https:\/\/nightriderleds.com\/fr\/wp-json\/wp\/v2\/product_tag?post=7586"}],"curies":[{"name":"wp","href":"https:\/\/api.w.org\/{rel}","templated":true}]}}