{"id":7565,"date":"2024-10-01T14:14:49","date_gmt":"2024-10-01T21:14:49","guid":{"rendered":"https:\/\/nightriderleds.com\/?post_type=product&#038;p=7565"},"modified":"2025-08-05T15:14:17","modified_gmt":"2025-08-05T22:14:17","slug":"twin-beam-rechargeable-led-work-light","status":"publish","type":"product","link":"https:\/\/nightriderleds.com\/fr\/products\/portable-lighting\/portable-work-lights\/twin-beam-rechargeable-led-work-light\/","title":{"rendered":"Lampe de travail LED rechargeable \u00e0 double faisceau"},"content":{"rendered":"<p>Cette lampe de travail super compacte est dot\u00e9e de deux options de faisceau (spot\/flood) et de 4 modes d'\u00e9clairage : spot, flood beam mode ECO, flood beam mode normal power, &amp; flood beam mode high power. L'\u00e9trier de fixation permet de r\u00e9gler le faisceau \u00e0 180\u00ba. Deux aimants puissants \u00e0 la base du support permettent une fixation s\u00fbre sur les surfaces m\u00e9talliques. La batterie Li-ion rechargeable int\u00e9gr\u00e9e rend cette lampe pratique \u00e0 utiliser.<\/p>\n<p>Dur\u00e9e d'utilisation approximative : jusqu'\u00e0 10 heures en mode ECO<\/p>\n<p>Temps de charge approximatif : 4,5 heures<\/p>\n<p>Veuillez vous assurer que cette lampe est compl\u00e8tement charg\u00e9e avant de la ranger pour une p\u00e9riode prolong\u00e9e.<\/p>\n<p>Livr\u00e9 avec un cordon de charge USB.<\/p>","protected":false},"excerpt":{"rendered":"<p>Lampe de travail rechargeable super compacte et puissante \u00e0 deux faisceaux, avec un angle de rayonnement r\u00e9glable \u00e0 180\u00ba. Son support magn\u00e9tique permet de l'installer sur une surface plane ou de l'utiliser comme poign\u00e9e.<\/p>\n<p>4 modes d'\u00e9clairage diff\u00e9rents, jusqu'\u00e0 10 heures d'autonomie.<\/p>\n<p>&nbsp;<\/p>\n<p>&nbsp;<\/p>","protected":false},"featured_media":7566,"template":"","meta":[],"product_brand":[],"product_cat":[1231,1233],"product_tag":[339,348,161,1135,1136,1221,350,1208],"class_list":{"0":"post-7565","1":"product","2":"type-product","3":"status-publish","4":"has-post-thumbnail","6":"product_cat-portable-lighting","7":"product_cat-portable-work-lights","8":"product_tag-compact","9":"product_tag-flood","10":"product_tag-leds","11":"product_tag-portable","12":"product_tag-portable-lighting","13":"product_tag-rechargeable","14":"product_tag-spot","15":"product_tag-work-light","17":"first","18":"instock","19":"shipping-taxable","20":"product-type-simple"},"_links":{"self":[{"href":"https:\/\/nightriderleds.com\/fr\/wp-json\/wp\/v2\/product\/7565","targetHints":{"allow":["GET"]}}],"collection":[{"href":"https:\/\/nightriderleds.com\/fr\/wp-json\/wp\/v2\/product"}],"about":[{"href":"https:\/\/nightriderleds.com\/fr\/wp-json\/wp\/v2\/types\/product"}],"wp:featuredmedia":[{"embeddable":true,"href":"https:\/\/nightriderleds.com\/fr\/wp-json\/wp\/v2\/media\/7566"}],"wp:attachment":[{"href":"https:\/\/nightriderleds.com\/fr\/wp-json\/wp\/v2\/media?parent=7565"}],"wp:term":[{"taxonomy":"product_brand","embeddable":true,"href":"https:\/\/nightriderleds.com\/fr\/wp-json\/wp\/v2\/product_brand?post=7565"},{"taxonomy":"product_cat","embeddable":true,"href":"https:\/\/nightriderleds.com\/fr\/wp-json\/wp\/v2\/product_cat?post=7565"},{"taxonomy":"product_tag","embeddable":true,"href":"https:\/\/nightriderleds.com\/fr\/wp-json\/wp\/v2\/product_tag?post=7565"}],"curies":[{"name":"wp","href":"https:\/\/api.w.org\/{rel}","templated":true}]}}