{"id":7467,"date":"2024-01-01T11:57:00","date_gmt":"2024-01-01T19:57:00","guid":{"rendered":"https:\/\/nightriderleds.com\/?post_type=product&#038;p=7467"},"modified":"2026-04-16T08:17:50","modified_gmt":"2026-04-16T15:17:50","slug":"nightfire-pen-light-100","status":"publish","type":"product","link":"https:\/\/nightriderleds.com\/fr\/products\/portable-lighting\/flashlights-headlamps\/nightfire-pen-light-100\/","title":{"rendered":"NightFire\u00ae Stylo lumineux 100"},"content":{"rendered":"<div id=\"wpsecol-7bfb37af-4d27-a8d4-c915-fcdcef66639f\" class=\"csRow\">\n<div class=\"csColumnGap\" style=\"margin: 0; padding: 0; float: left; width: 0%;\"><img decoding=\"async\" src=\"https:\/\/nightriderleds.com\/wp-content\/plugins\/wp-smart-editor\/plugins\/columns\/img\/1x1-pixel.png\" \/><\/div>\n<div class=\"csColumn\" style=\"margin: 0; padding: 0; float: left; width: 46.349557522123895%;\" data-posx0=\"0\" data-posx1=\"46.46017699115044\" data-padding=\"5\" data-responsive=\"1\">\n<div style=\"padding: 5px;\">\n<div class=\"preview_text csColumn_text\">\n<h3>NightFire\u00ae Stylo lumineux 100<\/h3>\n<h4>Design ultra-mince<\/h4>\n<p>La lampe-stylo NightFire\u00ae 100 est fabriqu\u00e9e avec un corps en aluminium de qualit\u00e9 a\u00e9ronautique, ce qui la rend \u00e0 la fois r\u00e9sistante et l\u00e9g\u00e8re.<\/p>\n<p>Avec un poids total de 29 grammes et un diam\u00e8tre de seulement 15 mm (9\/16\u2033), vous pouvez facilement emporter cette lampe n'importe o\u00f9 ! Parfaite pour le camping, les pannes de courant, les travaux de r\u00e9paration et tout ce dont vous avez besoin d'une lumi\u00e8re suppl\u00e9mentaire.<\/p>\n<p>Comprend 5 modes d'\u00e9clairage : \u00e9lev\u00e9, moyen, faible, stroboscopique et SOS.<\/p>\n<p class=\"translation-block\">Appuyez l\u00e9g\u00e8rement sur le bouton marche\/arr\u00eat (sans entendre de clic). La lampe restera allum\u00e9e tant que vous maintiendrez le bouton enfonc\u00e9. R\u00e9p\u00e9tez l'op\u00e9ration jusqu'\u00e0 ce que le mode souhait\u00e9 soit activ\u00e9, puis enfoncez le bouton marche\/arr\u00eat \u00e0 fond.<\/p>\n<p>Cette lampe fonctionne avec deux piles AAA (incluses)<\/p>\n<p>&nbsp;<\/p>\n<p>&nbsp;<\/p>\n<\/div>\n<\/div>\n<\/div>\n<div class=\"csColumnGap\" style=\"margin: 0; padding: 0; float: left; width: 0.33185840707964603%;\"><img decoding=\"async\" src=\"https:\/\/nightriderleds.com\/wp-content\/plugins\/wp-smart-editor\/plugins\/columns\/img\/1x1-pixel.png\" \/><\/div>\n<div class=\"csColumn\" style=\"margin: 0; padding: 0; float: left; width: 52.98672566371682%;\" data-posx0=\"46.792035398230084\" data-posx1=\"99.88938053097345\" data-padding=\"5\" data-responsive=\"1\">\n<div style=\"padding: 5px;\">\n<div class=\"preview_text csColumn_text\">\n<p><img fetchpriority=\"high\" decoding=\"async\" class=\"alignnone wp-image-7471 size-medium\" src=\"https:\/\/nightriderleds.com\/wp-content\/uploads\/2023\/10\/Mechanic-Using-NFPL50-544x340.jpg\" alt=\"\" width=\"544\" height=\"340\" srcset=\"https:\/\/nightriderleds.com\/wp-content\/uploads\/2023\/10\/Mechanic-Using-NFPL50-544x340.jpg 544w, https:\/\/nightriderleds.com\/wp-content\/uploads\/2023\/10\/Mechanic-Using-NFPL50-195x122.jpg 195w, https:\/\/nightriderleds.com\/wp-content\/uploads\/2023\/10\/Mechanic-Using-NFPL50-768x480.jpg 768w, https:\/\/nightriderleds.com\/wp-content\/uploads\/2023\/10\/Mechanic-Using-NFPL50.jpg 1088w\" sizes=\"(max-width: 544px) 100vw, 544px\" \/><\/p>\n<\/div>\n<\/div>\n<\/div>\n<div class=\"csColumnGap\" style=\"margin: 0; padding: 0; float: left; width: 0.3318584070796362%;\"><img decoding=\"async\" src=\"https:\/\/nightriderleds.com\/wp-content\/plugins\/wp-smart-editor\/plugins\/columns\/img\/1x1-pixel.png\" \/><\/div>\n<div style=\"clear: both; float: none; display: block; visibility: hidden; width: 0; font-size: 0; line-height: 0;\"><\/div>\n<\/div>\n<h3><\/h3>\n<div id=\"style-wpsecol-7bfb37af-4d27-a8d4-c915-fcdcef66639f\">\n<style><!-- @media (max-width: 768px) { #wpsecol-7bfb37af-4d27-a8d4-c915-fcdcef66639f .csColumn { display: block; width: 100% !important; } #wpsecol-7bfb37af-4d27-a8d4-c915-fcdcef66639f .csColumnGap { display: none; } } --><\/style>\n<\/div>","protected":false},"excerpt":{"rendered":"<p>Construit avec un corps en aluminium de qualit\u00e9 a\u00e9ronautique, ce stylo lumineux est super fin et portable.<\/p>\n<p>La lumi\u00e8re fonctionne avec deux piles AAA (incluses)<\/p>\n<p>5W - 121lm<\/p>\n<p>&nbsp;<\/p>","protected":false},"featured_media":7048,"template":"","meta":[],"product_brand":[],"product_cat":[1232,1231],"product_tag":[543,161,544,1789],"class_list":{"0":"post-7467","1":"product","2":"type-product","3":"status-publish","4":"has-post-thumbnail","6":"product_cat-flashlights-headlamps","7":"product_cat-portable-lighting","8":"product_tag-flashlight","9":"product_tag-leds","10":"product_tag-nightfire","11":"product_tag-pen-light","13":"first","14":"instock","15":"shipping-taxable","16":"product-type-simple"},"_links":{"self":[{"href":"https:\/\/nightriderleds.com\/fr\/wp-json\/wp\/v2\/product\/7467","targetHints":{"allow":["GET"]}}],"collection":[{"href":"https:\/\/nightriderleds.com\/fr\/wp-json\/wp\/v2\/product"}],"about":[{"href":"https:\/\/nightriderleds.com\/fr\/wp-json\/wp\/v2\/types\/product"}],"wp:featuredmedia":[{"embeddable":true,"href":"https:\/\/nightriderleds.com\/fr\/wp-json\/wp\/v2\/media\/7048"}],"wp:attachment":[{"href":"https:\/\/nightriderleds.com\/fr\/wp-json\/wp\/v2\/media?parent=7467"}],"wp:term":[{"taxonomy":"product_brand","embeddable":true,"href":"https:\/\/nightriderleds.com\/fr\/wp-json\/wp\/v2\/product_brand?post=7467"},{"taxonomy":"product_cat","embeddable":true,"href":"https:\/\/nightriderleds.com\/fr\/wp-json\/wp\/v2\/product_cat?post=7467"},{"taxonomy":"product_tag","embeddable":true,"href":"https:\/\/nightriderleds.com\/fr\/wp-json\/wp\/v2\/product_tag?post=7467"}],"curies":[{"name":"wp","href":"https:\/\/api.w.org\/{rel}","templated":true}]}}