{"id":7464,"date":"2024-02-01T14:53:50","date_gmt":"2024-02-01T22:53:50","guid":{"rendered":"https:\/\/nightriderleds.com\/?post_type=product&#038;p=7464"},"modified":"2026-04-07T14:31:05","modified_gmt":"2026-04-07T21:31:05","slug":"6-compact-scene-light-with-reverse-light-function","status":"publish","type":"product","link":"https:\/\/nightriderleds.com\/fr\/products\/automotive-equipment\/compact\/compact-bars-compact\/6-compact-scene-light-with-reverse-light-function\/","title":{"rendered":"Lumi\u00e8re de sc\u00e8ne compacte de 6\u2033 avec fonction d'\u00e9clairage invers\u00e9"},"content":{"rendered":"<div id=\"wpsecol-7bfb37af-4d27-a8d4-c915-fcdcef66639f\" class=\"csRow\">\n<div class=\"csColumnGap\" style=\"margin: 0; padding: 0; float: left; width: 0%;\"><img decoding=\"async\" src=\"https:\/\/nightriderleds.com\/wp-content\/plugins\/wp-smart-editor\/plugins\/columns\/img\/1x1-pixel.png\" \/><\/div>\n<div class=\"csColumn\" style=\"margin: 0; padding: 0; float: left; width: 46.349557522123895%;\" data-posx0=\"0\" data-posx1=\"46.46017699115044\" data-padding=\"5\" data-responsive=\"1\">\n<div style=\"padding: 5px;\">\n<div class=\"preview_text csColumn_text\">\n<h3>Lumi\u00e8re de sc\u00e8ne compacte<\/h3>\n<h4>Petit mais puissant et polyvalent<\/h4>\n<p>Parfait pour l'\u00e9clairage d'appoint des camping-cars, des camions de service, des remorques et bien plus encore.<\/p>\n<p>Si d\u00e9sir\u00e9, ce feu peut \u00eatre c\u00e2bl\u00e9 comme un feu de recul certifi\u00e9 ECE R23.<\/p>\n<p>La lampe Scene est livr\u00e9e avec deux coques ou couvercles en polycarbonate (un blanc et un noir) pour vous permettre de choisir l'aspect final, le c\u00e2blage en queue de cochon, les joints en caoutchouc et la quincaillerie de montage.<\/p>\n<p>&nbsp;<\/p>\n<p>&nbsp;<\/p>\n<\/div>\n<\/div>\n<\/div>\n<div class=\"csColumnGap\" style=\"margin: 0; padding: 0; float: left; width: 0.33185840707964603%;\"><img decoding=\"async\" src=\"https:\/\/nightriderleds.com\/wp-content\/plugins\/wp-smart-editor\/plugins\/columns\/img\/1x1-pixel.png\" \/><\/div>\n<div class=\"csColumn\" style=\"margin: 0; padding: 0; float: left; width: 52.98672566371682%;\" data-posx0=\"46.792035398230084\" data-posx1=\"99.88938053097345\" data-padding=\"5\" data-responsive=\"1\">\n<div style=\"padding: 5px;\">\n<div class=\"preview_text csColumn_text\">\n<p><img fetchpriority=\"high\" decoding=\"async\" class=\"wp-image-5244 size-medium\" src=\"https:\/\/nightriderleds.com\/wp-content\/uploads\/2021\/01\/Camper-with-Scene-Light-544x340.jpg\" alt=\"Camper with Scene Lights\" width=\"544\" height=\"340\" srcset=\"https:\/\/nightriderleds.com\/wp-content\/uploads\/2021\/01\/Camper-with-Scene-Light-544x340.jpg 544w, https:\/\/nightriderleds.com\/wp-content\/uploads\/2021\/01\/Camper-with-Scene-Light-195x122.jpg 195w, https:\/\/nightriderleds.com\/wp-content\/uploads\/2021\/01\/Camper-with-Scene-Light-768x480.jpg 768w, https:\/\/nightriderleds.com\/wp-content\/uploads\/2021\/01\/Camper-with-Scene-Light.jpg 1088w\" sizes=\"(max-width: 544px) 100vw, 544px\" \/><\/p>\n<\/div>\n<\/div>\n<\/div>\n<div class=\"csColumnGap\" style=\"margin: 0; padding: 0; float: left; width: 0.3318584070796362%;\"><img decoding=\"async\" src=\"https:\/\/nightriderleds.com\/wp-content\/plugins\/wp-smart-editor\/plugins\/columns\/img\/1x1-pixel.png\" \/><\/div>\n<div style=\"clear: both; float: none; display: block; visibility: hidden; width: 0; font-size: 0; line-height: 0;\"><\/div>\n<\/div>\n<h3><\/h3>\n<div id=\"style-wpsecol-7bfb37af-4d27-a8d4-c915-fcdcef66639f\">\n<style><!-- @media (max-width: 768px) { #wpsecol-7bfb37af-4d27-a8d4-c915-fcdcef66639f .csColumn { display: block; width: 100% !important; } #wpsecol-7bfb37af-4d27-a8d4-c915-fcdcef66639f .csColumnGap { display: none; } } --><\/style>\n<\/div>","protected":false},"excerpt":{"rendered":"<p>Cette lampe de sc\u00e8ne compacte est parfaite pour une utilisation sur les v\u00e9hicules r\u00e9cr\u00e9atifs, les camping-cars, les porte-maux de t\u00eate, les camions de service, l'\u00e9clairage int\u00e9rieur si n\u00e9cessaire, et bien plus encore !<\/p>\n<p>57W \/ 2,890\u00a0<strong>Efficace<\/strong> Lumens<\/p>\n<p><a href=\"https:\/\/nightriderleds.com\/wp-content\/uploads\/2024\/11\/NSL60-Instructions-ENG-FR-V2.pdf\" target=\"_blank\" rel=\"noopener\">T\u00e9l\u00e9charger les instructions de c\u00e2blage et d'installation (anglais et fran\u00e7ais)<\/a><\/p>\n<p>&nbsp;<\/p>\n<p>&nbsp;<\/p>","protected":false},"featured_media":7006,"template":"","meta":[],"product_brand":[],"product_cat":[15,792,124],"product_tag":[160,795,339,685,348,161,22,794,1410],"class_list":{"0":"post-7464","1":"product","2":"type-product","3":"status-publish","4":"has-post-thumbnail","6":"product_cat-automotive-equipment","7":"product_cat-compact-bars-compact","8":"product_cat-compact","9":"product_tag-automotive","10":"product_tag-bars","11":"product_tag-compact","12":"product_tag-compact-bar","13":"product_tag-flood","14":"product_tag-leds","15":"product_tag-light-bar","16":"product_tag-minibar","17":"product_tag-scene-light","19":"first","20":"instock","21":"shipping-taxable","22":"product-type-simple"},"_links":{"self":[{"href":"https:\/\/nightriderleds.com\/fr\/wp-json\/wp\/v2\/product\/7464","targetHints":{"allow":["GET"]}}],"collection":[{"href":"https:\/\/nightriderleds.com\/fr\/wp-json\/wp\/v2\/product"}],"about":[{"href":"https:\/\/nightriderleds.com\/fr\/wp-json\/wp\/v2\/types\/product"}],"wp:featuredmedia":[{"embeddable":true,"href":"https:\/\/nightriderleds.com\/fr\/wp-json\/wp\/v2\/media\/7006"}],"wp:attachment":[{"href":"https:\/\/nightriderleds.com\/fr\/wp-json\/wp\/v2\/media?parent=7464"}],"wp:term":[{"taxonomy":"product_brand","embeddable":true,"href":"https:\/\/nightriderleds.com\/fr\/wp-json\/wp\/v2\/product_brand?post=7464"},{"taxonomy":"product_cat","embeddable":true,"href":"https:\/\/nightriderleds.com\/fr\/wp-json\/wp\/v2\/product_cat?post=7464"},{"taxonomy":"product_tag","embeddable":true,"href":"https:\/\/nightriderleds.com\/fr\/wp-json\/wp\/v2\/product_tag?post=7464"}],"curies":[{"name":"wp","href":"https:\/\/api.w.org\/{rel}","templated":true}]}}