{"id":7456,"date":"2024-02-15T14:10:22","date_gmt":"2024-02-15T22:10:22","guid":{"rendered":"https:\/\/nightriderleds.com\/?post_type=product&#038;p=7456"},"modified":"2024-11-21T08:38:40","modified_gmt":"2024-11-21T16:38:40","slug":"jet-black-work-edition-4-square-work-light-njw90","status":"publish","type":"product","link":"https:\/\/nightriderleds.com\/fr\/products\/automotive-equipment\/jet-black\/jet-black-work-edition\/jet-black-work-edition-4-square-work-light-njw90\/","title":{"rendered":"Lampe de travail carr\u00e9e Jet Black Work Edition 4\u2033 - NJW90"},"content":{"rendered":"<div id=\"wpsecol-7bfb37af-4d27-a8d4-c915-fcdcef66639f\" class=\"csRow\">\n<div class=\"csColumnGap\" style=\"margin: 0; padding: 0; float: left; width: 0%;\"><img decoding=\"async\" src=\"https:\/\/nightriderleds.com\/wp-content\/plugins\/wp-smart-editor\/plugins\/columns\/img\/1x1-pixel.png\" \/><\/div>\n<div class=\"csColumn\" style=\"margin: 0; padding: 0; float: left; width: 46.349557522123895%;\" data-posx0=\"0\" data-posx1=\"46.46017699115044\" data-padding=\"5\" data-responsive=\"1\">\n<div style=\"padding: 5px;\">\n<div class=\"preview_text csColumn_text\">\n<h3>Noir de jais \u00e9dition travail<\/h3>\n<h4>Compact. Sans bords. Puissant. Peu \u00e9blouissant.<\/h4>\n<p>Ces feux sont construits avec des r\u00e9flecteurs et des lentilles sp\u00e9cialement con\u00e7us pour cr\u00e9er un faisceau large et uniforme avec peu d'\u00e9blouissement. Le syst\u00e8me de contr\u00f4le de la temp\u00e9rature int\u00e9gr\u00e9 permet d'obtenir une luminosit\u00e9 maximale. L'aspect enti\u00e8rement noir ajoute un petit plus !<\/p>\n<p>R\u00e9sistante gr\u00e2ce \u00e0 une lentille en polycarbonate et un corps en aluminium avec un rev\u00eatement en poudre de premi\u00e8re qualit\u00e9. Conforme aux normes IP68\/IP69K.<\/p>\n<p>&nbsp;<\/p>\n<p>Livr\u00e9 avec un grand connecteur Deutsch int\u00e9gr\u00e9 de haute puissance et un c\u00e2ble de 12\u2033 avec une grande fiche Deutsch, un support de montage en acier inoxydable robuste et la quincaillerie.<\/p>\n<p>&nbsp;<\/p>\n<p>&nbsp;<\/p>\n<\/div>\n<\/div>\n<\/div>\n<div class=\"csColumnGap\" style=\"margin: 0; padding: 0; float: left; width: 0.33185840707964603%;\"><img decoding=\"async\" src=\"https:\/\/nightriderleds.com\/wp-content\/plugins\/wp-smart-editor\/plugins\/columns\/img\/1x1-pixel.png\" \/><\/div>\n<div class=\"csColumn\" style=\"margin: 0; padding: 0; float: left; width: 52.98672566371682%;\" data-posx0=\"46.792035398230084\" data-posx1=\"99.88938053097345\" data-padding=\"5\" data-responsive=\"1\">\n<div style=\"padding: 5px;\">\n<div class=\"preview_text csColumn_text\">\n<p><img fetchpriority=\"high\" decoding=\"async\" class=\"alignnone wp-image-7451 size-medium\" src=\"https:\/\/nightriderleds.com\/wp-content\/uploads\/2023\/09\/Loader-with-Work-Lights-544x340.jpg\" alt=\"\" width=\"544\" height=\"340\" srcset=\"https:\/\/nightriderleds.com\/wp-content\/uploads\/2023\/09\/Loader-with-Work-Lights-544x340.jpg 544w, https:\/\/nightriderleds.com\/wp-content\/uploads\/2023\/09\/Loader-with-Work-Lights-195x122.jpg 195w, https:\/\/nightriderleds.com\/wp-content\/uploads\/2023\/09\/Loader-with-Work-Lights-768x480.jpg 768w, https:\/\/nightriderleds.com\/wp-content\/uploads\/2023\/09\/Loader-with-Work-Lights.jpg 1088w\" sizes=\"(max-width: 544px) 100vw, 544px\" \/><\/p>\n<\/div>\n<\/div>\n<\/div>\n<div class=\"csColumnGap\" style=\"margin: 0; padding: 0; float: left; width: 0.3318584070796362%;\"><img decoding=\"async\" src=\"https:\/\/nightriderleds.com\/wp-content\/plugins\/wp-smart-editor\/plugins\/columns\/img\/1x1-pixel.png\" \/><\/div>\n<div style=\"clear: both; float: none; display: block; visibility: hidden; width: 0; font-size: 0; line-height: 0;\"><\/div>\n<\/div>\n<h3><\/h3>\n<div id=\"style-wpsecol-7bfb37af-4d27-a8d4-c915-fcdcef66639f\">\n<style><!-- @media (max-width: 768px) { #wpsecol-7bfb37af-4d27-a8d4-c915-fcdcef66639f .csColumn { display: block; width: 100% !important; } #wpsecol-7bfb37af-4d27-a8d4-c915-fcdcef66639f .csColumnGap { display: none; } } --><\/style>\n<\/div>","protected":false},"excerpt":{"rendered":"<p>Lampe de travail compacte, sans bords, avec syst\u00e8me de contr\u00f4le de la temp\u00e9rature int\u00e9gr\u00e9 pour un rendement lumineux maximal.<\/p>\n<p>Livr\u00e9 avec un grand connecteur Deutsch int\u00e9gr\u00e9 et un c\u00e2ble de 12\u2033.<\/p>\n<p>90W \/ 7 321 lm brut - 5 715 lm effectif<\/p>\n<p>&nbsp;<\/p>\n<p>&nbsp;<\/p>\n<p>&nbsp;<\/p>","protected":false},"featured_media":7076,"template":"","meta":[],"product_brand":[],"product_cat":[15,125,1311,1757],"product_tag":[160,414,348,1312,1825,161,434],"class_list":{"0":"post-7456","1":"product","2":"type-product","3":"status-publish","4":"has-post-thumbnail","6":"product_cat-automotive-equipment","7":"product_cat-economy","8":"product_cat-jet-black","9":"product_cat-jet-black-work-edition","10":"product_tag-automotive","11":"product_tag-economy","12":"product_tag-flood","13":"product_tag-jet-black","14":"product_tag-jet-black-work-edition","15":"product_tag-leds","16":"product_tag-work-flood","18":"first","19":"instock","20":"shipping-taxable","21":"product-type-simple"},"_links":{"self":[{"href":"https:\/\/nightriderleds.com\/fr\/wp-json\/wp\/v2\/product\/7456","targetHints":{"allow":["GET"]}}],"collection":[{"href":"https:\/\/nightriderleds.com\/fr\/wp-json\/wp\/v2\/product"}],"about":[{"href":"https:\/\/nightriderleds.com\/fr\/wp-json\/wp\/v2\/types\/product"}],"wp:featuredmedia":[{"embeddable":true,"href":"https:\/\/nightriderleds.com\/fr\/wp-json\/wp\/v2\/media\/7076"}],"wp:attachment":[{"href":"https:\/\/nightriderleds.com\/fr\/wp-json\/wp\/v2\/media?parent=7456"}],"wp:term":[{"taxonomy":"product_brand","embeddable":true,"href":"https:\/\/nightriderleds.com\/fr\/wp-json\/wp\/v2\/product_brand?post=7456"},{"taxonomy":"product_cat","embeddable":true,"href":"https:\/\/nightriderleds.com\/fr\/wp-json\/wp\/v2\/product_cat?post=7456"},{"taxonomy":"product_tag","embeddable":true,"href":"https:\/\/nightriderleds.com\/fr\/wp-json\/wp\/v2\/product_tag?post=7456"}],"curies":[{"name":"wp","href":"https:\/\/api.w.org\/{rel}","templated":true}]}}