{"id":7450,"date":"2024-02-15T14:39:16","date_gmt":"2024-02-15T22:39:16","guid":{"rendered":"https:\/\/nightriderleds.com\/?post_type=product&#038;p=7450"},"modified":"2026-04-07T11:29:07","modified_gmt":"2026-04-07T18:29:07","slug":"jet-black-work-edition-3-1-3-round-work-light-njw30rd","status":"publish","type":"product","link":"https:\/\/nightriderleds.com\/fr\/products\/automotive-equipment\/jet-black\/jet-black-work-edition\/jet-black-work-edition-3-1-3-round-work-light-njw30rd\/","title":{"rendered":"Lampe de travail ronde 3-1\/3\u2033 Jet Black Work Edition - NJW30RD"},"content":{"rendered":"<div id=\"wpsecol-7bfb37af-4d27-a8d4-c915-fcdcef66639f\" class=\"csRow\">\n<div class=\"csColumnGap\" style=\"margin: 0; padding: 0; float: left; width: 0%;\"><img decoding=\"async\" src=\"https:\/\/nightriderleds.com\/wp-content\/plugins\/wp-smart-editor\/plugins\/columns\/img\/1x1-pixel.png\" \/><\/div>\n<div class=\"csColumn\" style=\"margin: 0; padding: 0; float: left; width: 46.349557522123895%;\" data-posx0=\"0\" data-posx1=\"46.46017699115044\" data-padding=\"5\" data-responsive=\"1\">\n<div style=\"padding: 5px;\">\n<div class=\"preview_text csColumn_text\">\n<h3>Noir de jais \u00e9dition travail<\/h3>\n<h4>Compact. Sans bords. Peu \u00e9blouissant. Tr\u00e8s efficace.<\/h4>\n<p>Ces feux sont dot\u00e9s de r\u00e9flecteurs et de lentilles sp\u00e9cialement con\u00e7us pour cr\u00e9er un faisceau large et uniform\u00e9ment r\u00e9parti, avec peu d'\u00e9blouissement. Le look tout noir ajoute une touche suppl\u00e9mentaire !<\/p>\n<p>R\u00e9sistante gr\u00e2ce \u00e0 une lentille en polycarbonate et un corps en aluminium avec un rev\u00eatement en poudre de premi\u00e8re qualit\u00e9. Conforme aux normes IP68\/IP69K.<\/p>\n<p>&nbsp;<\/p>\n<p>Livr\u00e9 avec une fiche Deutsch pour une installation Plug&amp;Play facile, un support de montage en acier inoxydable robuste et la quincaillerie.<\/p>\n<p>&nbsp;<\/p>\n<p>&nbsp;<\/p>\n<\/div>\n<\/div>\n<\/div>\n<div class=\"csColumnGap\" style=\"margin: 0; padding: 0; float: left; width: 0.33185840707964603%;\"><img decoding=\"async\" src=\"https:\/\/nightriderleds.com\/wp-content\/plugins\/wp-smart-editor\/plugins\/columns\/img\/1x1-pixel.png\" \/><\/div>\n<div class=\"csColumn\" style=\"margin: 0; padding: 0; float: left; width: 52.98672566371682%;\" data-posx0=\"46.792035398230084\" data-posx1=\"99.88938053097345\" data-padding=\"5\" data-responsive=\"1\">\n<div style=\"padding: 5px;\">\n<div class=\"preview_text csColumn_text\">\n<p><img fetchpriority=\"high\" decoding=\"async\" class=\"alignnone wp-image-7451 size-medium\" src=\"https:\/\/nightriderleds.com\/wp-content\/uploads\/2023\/09\/Loader-with-Work-Lights-544x340.jpg\" alt=\"\" width=\"544\" height=\"340\" srcset=\"https:\/\/nightriderleds.com\/wp-content\/uploads\/2023\/09\/Loader-with-Work-Lights-544x340.jpg 544w, https:\/\/nightriderleds.com\/wp-content\/uploads\/2023\/09\/Loader-with-Work-Lights-195x122.jpg 195w, https:\/\/nightriderleds.com\/wp-content\/uploads\/2023\/09\/Loader-with-Work-Lights-768x480.jpg 768w, https:\/\/nightriderleds.com\/wp-content\/uploads\/2023\/09\/Loader-with-Work-Lights.jpg 1088w\" sizes=\"(max-width: 544px) 100vw, 544px\" \/><\/p>\n<\/div>\n<\/div>\n<\/div>\n<div class=\"csColumnGap\" style=\"margin: 0; padding: 0; float: left; width: 0.3318584070796362%;\"><img decoding=\"async\" src=\"https:\/\/nightriderleds.com\/wp-content\/plugins\/wp-smart-editor\/plugins\/columns\/img\/1x1-pixel.png\" \/><\/div>\n<div style=\"clear: both; float: none; display: block; visibility: hidden; width: 0; font-size: 0; line-height: 0;\"><\/div>\n<\/div>\n<h3><\/h3>\n<div id=\"style-wpsecol-7bfb37af-4d27-a8d4-c915-fcdcef66639f\">\n<style><!-- @media (max-width: 768px) { #wpsecol-7bfb37af-4d27-a8d4-c915-fcdcef66639f .csColumn { display: block; width: 100% !important; } #wpsecol-7bfb37af-4d27-a8d4-c915-fcdcef66639f .csColumnGap { display: none; } } --><\/style>\n<\/div>","protected":false},"excerpt":{"rendered":"<p>Lampe de travail compacte, sans bords, avec un excellent rendement lumineux et une faible \u00e9blouissement.<\/p>\n<p>Livr\u00e9 avec une fiche Deutsch Plug&amp;Play pour une installation rapide et facile.<\/p>\n<p>24W \/ 2 600 lm brut \u2013 1 900 lm effectif<\/p>\n<p><a href=\"https:\/\/nightriderleds.com\/wp-content\/uploads\/2024\/11\/Wiring-Instructions-for-Economy-Lights-V2.pdf\" target=\"_blank\" rel=\"noopener\">Options de c\u00e2blage<\/a><\/p>\n<p><a href=\"https:\/\/nightriderleds.com\/wp-content\/uploads\/2026\/03\/Wiring-Instructions-for-Economy-Lights-V2-FRENCH.pdf\" target=\"_blank\" rel=\"noopener\">Options de c\u00e2blage<\/a><\/p>\n<p>&nbsp;<\/p>\n<p>&nbsp;<\/p>","protected":false},"featured_media":7060,"template":"","meta":[],"product_brand":[],"product_cat":[15,125,1311,1757],"product_tag":[160,414,348,1312,1825,161,355,434],"class_list":{"0":"post-7450","1":"product","2":"type-product","3":"status-publish","4":"has-post-thumbnail","6":"product_cat-automotive-equipment","7":"product_cat-economy","8":"product_cat-jet-black","9":"product_cat-jet-black-work-edition","10":"product_tag-automotive","11":"product_tag-economy","12":"product_tag-flood","13":"product_tag-jet-black","14":"product_tag-jet-black-work-edition","15":"product_tag-leds","16":"product_tag-round","17":"product_tag-work-flood","19":"first","20":"instock","21":"shipping-taxable","22":"product-type-simple"},"_links":{"self":[{"href":"https:\/\/nightriderleds.com\/fr\/wp-json\/wp\/v2\/product\/7450","targetHints":{"allow":["GET"]}}],"collection":[{"href":"https:\/\/nightriderleds.com\/fr\/wp-json\/wp\/v2\/product"}],"about":[{"href":"https:\/\/nightriderleds.com\/fr\/wp-json\/wp\/v2\/types\/product"}],"wp:featuredmedia":[{"embeddable":true,"href":"https:\/\/nightriderleds.com\/fr\/wp-json\/wp\/v2\/media\/7060"}],"wp:attachment":[{"href":"https:\/\/nightriderleds.com\/fr\/wp-json\/wp\/v2\/media?parent=7450"}],"wp:term":[{"taxonomy":"product_brand","embeddable":true,"href":"https:\/\/nightriderleds.com\/fr\/wp-json\/wp\/v2\/product_brand?post=7450"},{"taxonomy":"product_cat","embeddable":true,"href":"https:\/\/nightriderleds.com\/fr\/wp-json\/wp\/v2\/product_cat?post=7450"},{"taxonomy":"product_tag","embeddable":true,"href":"https:\/\/nightriderleds.com\/fr\/wp-json\/wp\/v2\/product_tag?post=7450"}],"curies":[{"name":"wp","href":"https:\/\/api.w.org\/{rel}","templated":true}]}}