{"id":7448,"date":"2024-01-01T10:21:47","date_gmt":"2024-01-01T18:21:47","guid":{"rendered":"https:\/\/nightriderleds.com\/?post_type=product&#038;p=7448"},"modified":"2024-11-21T08:26:57","modified_gmt":"2024-11-21T16:26:57","slug":"key-chain-light","status":"publish","type":"product","link":"https:\/\/nightriderleds.com\/fr\/products\/portable-lighting\/portable-work-lights\/key-chain-light\/","title":{"rendered":"Porte-cl\u00e9s lumineux"},"content":{"rendered":"<div id=\"wpsecol-7bfb37af-4d27-a8d4-c915-fcdcef66639f\" class=\"csRow\">\n<div class=\"csColumnGap\" style=\"margin: 0; padding: 0; float: left; width: 0%;\"><img decoding=\"async\" src=\"https:\/\/nightriderleds.com\/wp-content\/plugins\/wp-smart-editor\/plugins\/columns\/img\/1x1-pixel.png\" \/><\/div>\n<div class=\"csColumn\" style=\"margin: 0; padding: 0; float: left; width: 46.349557522123895%;\" data-posx0=\"0\" data-posx1=\"46.46017699115044\" data-padding=\"5\" data-responsive=\"1\">\n<div style=\"padding: 5px;\">\n<div class=\"preview_text csColumn_text\">\n<h3>Emportez de la lumi\u00e8re partout o\u00f9 vous allez.<\/h3>\n<h4>Ultra compact. Polyvalent. Rechargeable.<\/h4>\n<p>Ce porte-cl\u00e9s lumineux NightFire\u00ae est le compagnon id\u00e9al pour toutes les aventures.<\/p>\n<p>Choisissez parmi les modes d'\u00e9clairage suivants : fort, faible et stroboscopique. Pour obtenir un faisceau lumineux suppl\u00e9mentaire, maintenez le bouton \u2018On\u2019 enfonc\u00e9 pendant quelques secondes lorsque la lampe est en mode d'\u00e9clairage \u00e9lev\u00e9.<\/p>\n<p>La lampe est \u00e9quip\u00e9e d'un mousqueton, d'un aimant puissant \u00e0 l'arri\u00e8re et d'un support pliable offrant de nombreuses possibilit\u00e9s d'installation afin d'obtenir une couverture lumineuse optimale lorsque vous en avez besoin.<\/p>\n<p>La batterie int\u00e9gr\u00e9e de 500mAh est rechargeable via le port de charge USB de type C. Le c\u00e2ble de chargement est inclus.<\/p>\n<p>&nbsp;<\/p>\n<\/div>\n<\/div>\n<\/div>\n<div class=\"csColumnGap\" style=\"margin: 0; padding: 0; float: left; width: 0.33185840707964603%;\"><img decoding=\"async\" src=\"https:\/\/nightriderleds.com\/wp-content\/plugins\/wp-smart-editor\/plugins\/columns\/img\/1x1-pixel.png\" \/><\/div>\n<div class=\"csColumn\" style=\"margin: 0; padding: 0; float: left; width: 52.98672566371682%;\" data-posx0=\"46.792035398230084\" data-posx1=\"99.88938053097345\" data-padding=\"5\" data-responsive=\"1\">\n<div style=\"padding: 5px;\">\n<div class=\"preview_text csColumn_text\">\n<p>&nbsp;<\/p>\n<\/div>\n<\/div>\n<\/div>\n<div class=\"csColumnGap\" style=\"margin: 0; padding: 0; float: left; width: 0.3318584070796362%;\"><img decoding=\"async\" src=\"https:\/\/nightriderleds.com\/wp-content\/plugins\/wp-smart-editor\/plugins\/columns\/img\/1x1-pixel.png\" \/><\/div>\n<div style=\"clear: both; float: none; display: block; visibility: hidden; width: 0; font-size: 0; line-height: 0;\"><\/div>\n<\/div>\n<h3><\/h3>\n<div id=\"style-wpsecol-7bfb37af-4d27-a8d4-c915-fcdcef66639f\">\n<style><!-- @media (max-width: 768px) { #wpsecol-7bfb37af-4d27-a8d4-c915-fcdcef66639f .csColumn { display: block; width: 100% !important; } #wpsecol-7bfb37af-4d27-a8d4-c915-fcdcef66639f .csColumnGap { display: none; } } --><\/style>\n<\/div>","protected":false},"excerpt":{"rendered":"<p>Ultra compact, puissant et l\u00e9ger, il ne p\u00e8se que 43 grammes.<\/p>\n<p>La batterie lithium rechargeable int\u00e9gr\u00e9e offre jusqu'\u00e0 2 heures d'\u00e9clairage continu.<\/p>\n<p>9W \/ 600 Lumens<\/p>\n<p>Livr\u00e9 avec un c\u00e2ble de chargement USB de type C.<\/p>\n<p>&nbsp;<\/p>\n<p>&nbsp;<\/p>\n<p>&nbsp;<\/p>\n<p>&nbsp;<\/p>","protected":false},"featured_media":7056,"template":"","meta":[],"product_brand":[],"product_cat":[1231,1233],"product_tag":[161,1749,544,1221],"class_list":{"0":"post-7448","1":"product","2":"type-product","3":"status-publish","4":"has-post-thumbnail","6":"product_cat-portable-lighting","7":"product_cat-portable-work-lights","8":"product_tag-leds","9":"product_tag-lighting-on-the-go","10":"product_tag-nightfire","11":"product_tag-rechargeable","13":"first","14":"instock","15":"shipping-taxable","16":"product-type-simple"},"_links":{"self":[{"href":"https:\/\/nightriderleds.com\/fr\/wp-json\/wp\/v2\/product\/7448","targetHints":{"allow":["GET"]}}],"collection":[{"href":"https:\/\/nightriderleds.com\/fr\/wp-json\/wp\/v2\/product"}],"about":[{"href":"https:\/\/nightriderleds.com\/fr\/wp-json\/wp\/v2\/types\/product"}],"wp:featuredmedia":[{"embeddable":true,"href":"https:\/\/nightriderleds.com\/fr\/wp-json\/wp\/v2\/media\/7056"}],"wp:attachment":[{"href":"https:\/\/nightriderleds.com\/fr\/wp-json\/wp\/v2\/media?parent=7448"}],"wp:term":[{"taxonomy":"product_brand","embeddable":true,"href":"https:\/\/nightriderleds.com\/fr\/wp-json\/wp\/v2\/product_brand?post=7448"},{"taxonomy":"product_cat","embeddable":true,"href":"https:\/\/nightriderleds.com\/fr\/wp-json\/wp\/v2\/product_cat?post=7448"},{"taxonomy":"product_tag","embeddable":true,"href":"https:\/\/nightriderleds.com\/fr\/wp-json\/wp\/v2\/product_tag?post=7448"}],"curies":[{"name":"wp","href":"https:\/\/api.w.org\/{rel}","templated":true}]}}