{"id":7440,"date":"2024-01-15T14:23:12","date_gmt":"2024-01-15T22:23:12","guid":{"rendered":"https:\/\/nightriderleds.com\/?post_type=product&#038;p=7440"},"modified":"2026-01-07T17:55:17","modified_gmt":"2026-01-08T01:55:17","slug":"yellow-sae-dot-fog-cube-light-kit","status":"publish","type":"product","link":"https:\/\/nightriderleds.com\/fr\/products\/automotive-equipment\/street-legal\/sae\/fog-lights\/yellow-sae-dot-fog-cube-light-kit\/","title":{"rendered":"Kit de feux antibrouillard jaunes SAE\/DOT en forme de cube"},"content":{"rendered":"<div id=\"wpsecol-880bcffd-9b43-782e-67d7-79c7ca611a97\" class=\"csRow\">\n<div class=\"csColumnGap\" style=\"margin: 0; padding: 0; float: left; width: 0%;\"><img decoding=\"async\" src=\"https:\/\/nightriderleds.com\/wp-content\/plugins\/wp-smart-editor\/plugins\/columns\/img\/1x1-pixel.png\" \/><\/div>\n<div class=\"csColumn\" style=\"margin: 0; padding: 0; float: left; width: 50%;\" data-posx0=\"0\" data-posx1=\"50.11061946902655\" data-padding=\"10\" data-responsive=\"1\">\n<div style=\"padding: 10px;\">\n<div class=\"preview_text csColumn_text\">\n<h3>Kit de feux antibrouillard SAE\/DOT<\/h3>\n<h4><em>Percer le brouillard avec des feux homologu\u00e9s DOT\u00a0<\/em><\/h4>\n<p>Conduisez en toute s\u00e9curit\u00e9 et l\u00e9galement sur l'autoroute lorsque la nature vous impose du brouillard. Approuv\u00e9s par le DOT et certifi\u00e9s SAE J583, ces feux traversent le brouillard \u00e9pais gr\u00e2ce \u00e0 leur faisceau antibrouillard \u00e9troit sp\u00e9cialement con\u00e7u, vous permettant de voir la route et tout danger venant en sens inverse.<\/p>\n<p>\u00c9quipez votre v\u00e9hicule avec le nouveau kit de feux antibrouillard et rejoignez la r\u00e9volution de l'\u00e9clairage l\u00e9gal sur route !<\/p>\n<p>Ce kit se compose de deux \u00e9clairages cubiques, d'un faisceau de c\u00e2blage complet et du mat\u00e9riel de montage.<\/p>\n<p>&nbsp;<\/p>\n<\/div>\n<\/div>\n<\/div>\n<div class=\"csColumnGap\" style=\"margin: 0; padding: 0; float: left; width: 50%;\">\n<p><img fetchpriority=\"high\" decoding=\"async\" class=\"wp-image-7439 size-medium\" src=\"https:\/\/nightriderleds.com\/wp-content\/uploads\/2023\/09\/Yellow-Fog-Lights-544x340.jpg\" alt=\"Fog lights in Use\" width=\"544\" height=\"340\" srcset=\"https:\/\/nightriderleds.com\/wp-content\/uploads\/2023\/09\/Yellow-Fog-Lights-544x340.jpg 544w, https:\/\/nightriderleds.com\/wp-content\/uploads\/2023\/09\/Yellow-Fog-Lights-195x122.jpg 195w, https:\/\/nightriderleds.com\/wp-content\/uploads\/2023\/09\/Yellow-Fog-Lights-768x480.jpg 768w, https:\/\/nightriderleds.com\/wp-content\/uploads\/2023\/09\/Yellow-Fog-Lights.jpg 1088w\" sizes=\"(max-width: 544px) 100vw, 544px\" \/><\/p>\n<\/div>\n<p>&nbsp;<\/p>\n<p>&nbsp;<\/p>\n<\/div>","protected":false},"excerpt":{"rendered":"<p>Percez le brouillard avec ces feux de brouillard jaunes homologu\u00e9s pour la route et voyez mieux la route devant vous par mauvais temps.<\/p>\n<p><a href=\"https:\/\/nightriderleds.com\/wp-content\/uploads\/2024\/11\/NightRider-Auxiliary-Fog-Light-Information-2024.pdf\" target=\"_blank\" rel=\"noopener\"><strong> T\u00e9l\u00e9charger les informations d'installation <\/strong><\/a><\/p>","protected":false},"featured_media":4610,"template":"","meta":[],"product_brand":[],"product_cat":[15,1846,25,18],"product_tag":[729,364,161,99,23],"class_list":{"0":"post-7440","1":"product","2":"type-product","3":"status-publish","4":"has-post-thumbnail","6":"product_cat-automotive-equipment","7":"product_cat-fog-lights","8":"product_cat-sae","9":"product_cat-street-legal","10":"product_tag-dot-approved","11":"product_tag-fog","12":"product_tag-leds","13":"product_tag-sae","14":"product_tag-street-legal","16":"first","17":"instock","18":"shipping-taxable","19":"product-type-simple"},"_links":{"self":[{"href":"https:\/\/nightriderleds.com\/fr\/wp-json\/wp\/v2\/product\/7440","targetHints":{"allow":["GET"]}}],"collection":[{"href":"https:\/\/nightriderleds.com\/fr\/wp-json\/wp\/v2\/product"}],"about":[{"href":"https:\/\/nightriderleds.com\/fr\/wp-json\/wp\/v2\/types\/product"}],"wp:featuredmedia":[{"embeddable":true,"href":"https:\/\/nightriderleds.com\/fr\/wp-json\/wp\/v2\/media\/4610"}],"wp:attachment":[{"href":"https:\/\/nightriderleds.com\/fr\/wp-json\/wp\/v2\/media?parent=7440"}],"wp:term":[{"taxonomy":"product_brand","embeddable":true,"href":"https:\/\/nightriderleds.com\/fr\/wp-json\/wp\/v2\/product_brand?post=7440"},{"taxonomy":"product_cat","embeddable":true,"href":"https:\/\/nightriderleds.com\/fr\/wp-json\/wp\/v2\/product_cat?post=7440"},{"taxonomy":"product_tag","embeddable":true,"href":"https:\/\/nightriderleds.com\/fr\/wp-json\/wp\/v2\/product_tag?post=7440"}],"curies":[{"name":"wp","href":"https:\/\/api.w.org\/{rel}","templated":true}]}}