{"id":7438,"date":"2024-01-15T13:15:15","date_gmt":"2024-01-15T21:15:15","guid":{"rendered":"https:\/\/nightriderleds.com\/?post_type=product&#038;p=7438"},"modified":"2024-11-26T13:21:02","modified_gmt":"2024-11-26T21:21:02","slug":"yellow-sae-dot-fog-light-bar-kit","status":"publish","type":"product","link":"https:\/\/nightriderleds.com\/fr\/products\/automotive-equipment\/street-legal\/sae\/fog-lights\/yellow-sae-dot-fog-light-bar-kit\/","title":{"rendered":"Kit de phares antibrouillard jaunes SAE\/DOT"},"content":{"rendered":"<div id=\"wpsecol-880bcffd-9b43-782e-67d7-79c7ca611a97\" class=\"csRow\">\n<div class=\"csColumnGap\" style=\"margin: 0; padding: 0; float: left; width: 0%;\"><img decoding=\"async\" src=\"https:\/\/nightriderleds.com\/wp-content\/plugins\/wp-smart-editor\/plugins\/columns\/img\/1x1-pixel.png\" \/><\/div>\n<div class=\"csColumn\" style=\"margin: 0; padding: 0; float: left; width: 50%;\" data-posx0=\"0\" data-posx1=\"50.11061946902655\" data-padding=\"10\" data-responsive=\"1\">\n<div style=\"padding: 10px;\">\n<div class=\"preview_text csColumn_text\">\n<h3>Kit de feux antibrouillard SAE\/DOT<\/h3>\n<h4><em>Percer le brouillard avec des feux homologu\u00e9s DOT\u00a0<\/em><\/h4>\n<p>Conduisez en toute s\u00e9curit\u00e9 et l\u00e9galement sur l'autoroute lorsque la nature vous impose du brouillard. Approuv\u00e9s par le DOT et certifi\u00e9s SAE J583, ces feux traversent le brouillard \u00e9pais gr\u00e2ce \u00e0 leur faisceau antibrouillard \u00e9troit sp\u00e9cialement con\u00e7u, vous permettant de voir la route et tout danger venant en sens inverse.<\/p>\n<p>Ce kit comprend 2 x rampes de phares antibrouillard de 6 pouces, des supports de montage doubles (lat\u00e9ral et arri\u00e8re) et un kit de c\u00e2blage complet avec deux connecteurs Deutsch int\u00e9gr\u00e9s. Plug &amp; Play !<\/p>\n<p>\u00c9quipez votre v\u00e9hicule avec le nouveau kit de feux antibrouillard et rejoignez la r\u00e9volution de l'\u00e9clairage l\u00e9gal sur route !<\/p>\n<p>&nbsp;<\/p>\n<\/div>\n<\/div>\n<\/div>\n<div class=\"csColumnGap\" style=\"margin: 0; padding: 0; float: left; width: 50%;\"><img fetchpriority=\"high\" decoding=\"async\" class=\"alignnone wp-image-7439 size-medium\" src=\"https:\/\/nightriderleds.com\/wp-content\/uploads\/2023\/09\/Yellow-Fog-Lights-544x340.jpg\" alt=\"\" width=\"544\" height=\"340\" srcset=\"https:\/\/nightriderleds.com\/wp-content\/uploads\/2023\/09\/Yellow-Fog-Lights-544x340.jpg 544w, https:\/\/nightriderleds.com\/wp-content\/uploads\/2023\/09\/Yellow-Fog-Lights-195x122.jpg 195w, https:\/\/nightriderleds.com\/wp-content\/uploads\/2023\/09\/Yellow-Fog-Lights-768x480.jpg 768w, https:\/\/nightriderleds.com\/wp-content\/uploads\/2023\/09\/Yellow-Fog-Lights.jpg 1088w\" sizes=\"(max-width: 544px) 100vw, 544px\" \/><\/div>\n<p>&nbsp;<\/p>\n<p>&nbsp;<\/p>\n<\/div>","protected":false},"excerpt":{"rendered":"<p>Brouillard, pluie ou neige : rendez votre conduite plus s\u00fbre et augmentez votre visibilit\u00e9 avec ce kit de barre de feux antibrouillard de 6 pouces l\u00e9galement homologu\u00e9 pour la route !<\/p>\n<p><a href=\"https:\/\/nightriderleds.com\/wp-content\/uploads\/2024\/11\/NightRider-Auxiliary-Fog-Light-Information-2024.pdf\" target=\"_blank\" rel=\"noopener\"><strong> T\u00e9l\u00e9charger les informations d'installation <\/strong><\/a><\/p>","protected":false},"featured_media":4575,"template":"","meta":[],"product_brand":[],"product_cat":[15,1846,25,1498,18,677],"product_tag":[729,364,161,99,23],"class_list":{"0":"post-7438","1":"product","2":"type-product","3":"status-publish","4":"has-post-thumbnail","6":"product_cat-automotive-equipment","7":"product_cat-fog-lights","8":"product_cat-sae","9":"product_cat-single-row","10":"product_cat-street-legal","11":"product_cat-street-legal-bars","12":"product_tag-dot-approved","13":"product_tag-fog","14":"product_tag-leds","15":"product_tag-sae","16":"product_tag-street-legal","18":"first","19":"instock","20":"shipping-taxable","21":"product-type-simple"},"_links":{"self":[{"href":"https:\/\/nightriderleds.com\/fr\/wp-json\/wp\/v2\/product\/7438","targetHints":{"allow":["GET"]}}],"collection":[{"href":"https:\/\/nightriderleds.com\/fr\/wp-json\/wp\/v2\/product"}],"about":[{"href":"https:\/\/nightriderleds.com\/fr\/wp-json\/wp\/v2\/types\/product"}],"wp:featuredmedia":[{"embeddable":true,"href":"https:\/\/nightriderleds.com\/fr\/wp-json\/wp\/v2\/media\/4575"}],"wp:attachment":[{"href":"https:\/\/nightriderleds.com\/fr\/wp-json\/wp\/v2\/media?parent=7438"}],"wp:term":[{"taxonomy":"product_brand","embeddable":true,"href":"https:\/\/nightriderleds.com\/fr\/wp-json\/wp\/v2\/product_brand?post=7438"},{"taxonomy":"product_cat","embeddable":true,"href":"https:\/\/nightriderleds.com\/fr\/wp-json\/wp\/v2\/product_cat?post=7438"},{"taxonomy":"product_tag","embeddable":true,"href":"https:\/\/nightriderleds.com\/fr\/wp-json\/wp\/v2\/product_tag?post=7438"}],"curies":[{"name":"wp","href":"https:\/\/api.w.org\/{rel}","templated":true}]}}