{"id":728,"date":"2017-11-08T19:36:10","date_gmt":"2017-11-08T19:36:10","guid":{"rendered":"https:\/\/nightriderleds.com\/?post_type=product&#038;p=728"},"modified":"2026-04-07T13:25:32","modified_gmt":"2026-04-07T20:25:32","slug":"3-cube-18w-flood-led-light","status":"publish","type":"product","link":"https:\/\/nightriderleds.com\/fr\/products\/automotive-equipment\/compact\/cube\/3-cube-18w-flood-led-light\/","title":{"rendered":"3\u2033 Cube 18W Flood"},"content":{"rendered":"<div id=\"wpsecol-7bfb37af-4d27-a8d4-c915-fcdcef66639f\" class=\"csRow\">\n<div class=\"csColumnGap\" style=\"margin: 0; padding: 0; float: left; width: 0%;\"><img decoding=\"async\" src=\"https:\/\/nightriderleds.com\/wp-content\/plugins\/wp-smart-editor\/plugins\/columns\/img\/1x1-pixel.png\" \/><\/div>\n<div class=\"csColumn\" style=\"margin: 0; padding: 0; float: left; width: 46.349557522123895%;\" data-posx0=\"0\" data-posx1=\"46.46017699115044\" data-padding=\"5\" data-responsive=\"1\">\n<div style=\"padding: 5px;\">\n<div class=\"preview_text csColumn_text\">\n<h3>Lampes compactes<\/h3>\n<h4>Petit mais puissant et tr\u00e8s polyvalent<\/h4>\n<p>Elles conviennent parfaitement \u00e0 l'\u00e9clairage auxiliaire hors route des \u00e9quipements agricoles, forestiers, p\u00e9troliers, miniers et autres. Vous pouvez \u00e9galement les utiliser pour l'\u00e9clairage des remorques, les feux de recul des camions ou l'\u00e9clairage d'appoint des motos et des VTT.<\/p>\n<p>&nbsp;<\/p>\n<p>Les Compact Lights sont livr\u00e9s avec un connecteur Deutsch int\u00e9gr\u00e9 et le mat\u00e9riel de montage. Le support de montage inclus permet une installation horizontale ou verticale.<\/p>\n<p>\u00c9galement inclus : 4 paires d'inserts de couleurs diff\u00e9rentes : rouge, bleu, jaune et noir.<\/p>\n<p>&nbsp;<\/p>\n<p>&nbsp;<\/p>\n<\/div>\n<\/div>\n<\/div>\n<div class=\"csColumnGap\" style=\"margin: 0; padding: 0; float: left; width: 0.33185840707964603%;\"><img decoding=\"async\" src=\"https:\/\/nightriderleds.com\/wp-content\/plugins\/wp-smart-editor\/plugins\/columns\/img\/1x1-pixel.png\" \/><\/div>\n<div class=\"csColumn\" style=\"margin: 0; padding: 0; float: left; width: 52.98672566371682%;\" data-posx0=\"46.792035398230084\" data-posx1=\"99.88938053097345\" data-padding=\"5\" data-responsive=\"1\">\n<div style=\"padding: 5px;\">\n<div class=\"preview_text csColumn_text\">\n<p><img fetchpriority=\"high\" decoding=\"async\" class=\"wp-image-3069 size-medium\" src=\"https:\/\/nightriderleds.com\/wp-content\/uploads\/2018\/04\/Scott-Jarvis-N1218F-255x340.jpg\" alt=\"\" width=\"255\" height=\"340\" srcset=\"https:\/\/nightriderleds.com\/wp-content\/uploads\/2018\/04\/Scott-Jarvis-N1218F-255x340.jpg 255w, https:\/\/nightriderleds.com\/wp-content\/uploads\/2018\/04\/Scott-Jarvis-N1218F-96x128.jpg 96w, https:\/\/nightriderleds.com\/wp-content\/uploads\/2018\/04\/Scott-Jarvis-N1218F-510x680.jpg 510w, https:\/\/nightriderleds.com\/wp-content\/uploads\/2018\/04\/Scott-Jarvis-N1218F-127x170.jpg 127w, https:\/\/nightriderleds.com\/wp-content\/uploads\/2018\/04\/Scott-Jarvis-N1218F.jpg 539w\" sizes=\"(max-width: 255px) 100vw, 255px\" \/><\/p>\n<\/div>\n<\/div>\n<\/div>\n<div class=\"csColumnGap\" style=\"margin: 0; padding: 0; float: left; width: 0.3318584070796362%;\"><img decoding=\"async\" src=\"https:\/\/nightriderleds.com\/wp-content\/plugins\/wp-smart-editor\/plugins\/columns\/img\/1x1-pixel.png\" \/><\/div>\n<div style=\"clear: both; float: none; display: block; visibility: hidden; width: 0; font-size: 0; line-height: 0;\"><\/div>\n<\/div>\n<h3><\/h3>\n<div id=\"style-wpsecol-7bfb37af-4d27-a8d4-c915-fcdcef66639f\">\n<style><!-- @media (max-width: 768px) { #wpsecol-7bfb37af-4d27-a8d4-c915-fcdcef66639f .csColumn { display: block; width: 100% !important; } #wpsecol-7bfb37af-4d27-a8d4-c915-fcdcef66639f .csColumnGap { display: none; } } --><\/style>\n<\/div>","protected":false},"excerpt":{"rendered":"<p>Les lampes compactes sont parfaites pour l'\u00e9clairage d'appoint de divers \u00e9quipements.<\/p>\n<p>Ils peuvent \u00e9galement \u00eatre utilis\u00e9s comme \u00e9clairage d'appoint sur les remorques, comme feux de recul sur les camions ou comme \u00e9clairage d'appoint sur les motos et les VTT.<\/p>\n<p>18W \/ 1 620 lumens<\/p>\n<p><a href=\"https:\/\/nightriderleds.com\/wp-content\/uploads\/2024\/11\/Wiring-Instructions-for-Compact-Lights-V2.pdf\" target=\"_blank\" rel=\"noopener\">Options de c\u00e2blage<\/a><\/p>\n<p><a href=\"https:\/\/nightriderleds.com\/wp-content\/uploads\/2026\/03\/Wiring-Instructions-for-Compact-Lights-V2-FRENCH.pdf\" target=\"_blank\" rel=\"noopener\">Options de c\u00e2blage<\/a><\/p>\n<p>&nbsp;<\/p>\n<p>&nbsp;<\/p>","protected":false},"featured_media":5886,"template":"","meta":[],"product_brand":[],"product_cat":[15,124,790],"product_tag":[160,339,349,348,161],"class_list":{"0":"post-728","1":"product","2":"type-product","3":"status-publish","4":"has-post-thumbnail","6":"product_cat-automotive-equipment","7":"product_cat-compact","8":"product_cat-cube","9":"product_tag-automotive","10":"product_tag-compact","11":"product_tag-cube","12":"product_tag-flood","13":"product_tag-leds","15":"first","16":"instock","17":"shipping-taxable","18":"product-type-simple"},"_links":{"self":[{"href":"https:\/\/nightriderleds.com\/fr\/wp-json\/wp\/v2\/product\/728","targetHints":{"allow":["GET"]}}],"collection":[{"href":"https:\/\/nightriderleds.com\/fr\/wp-json\/wp\/v2\/product"}],"about":[{"href":"https:\/\/nightriderleds.com\/fr\/wp-json\/wp\/v2\/types\/product"}],"wp:featuredmedia":[{"embeddable":true,"href":"https:\/\/nightriderleds.com\/fr\/wp-json\/wp\/v2\/media\/5886"}],"wp:attachment":[{"href":"https:\/\/nightriderleds.com\/fr\/wp-json\/wp\/v2\/media?parent=728"}],"wp:term":[{"taxonomy":"product_brand","embeddable":true,"href":"https:\/\/nightriderleds.com\/fr\/wp-json\/wp\/v2\/product_brand?post=728"},{"taxonomy":"product_cat","embeddable":true,"href":"https:\/\/nightriderleds.com\/fr\/wp-json\/wp\/v2\/product_cat?post=728"},{"taxonomy":"product_tag","embeddable":true,"href":"https:\/\/nightriderleds.com\/fr\/wp-json\/wp\/v2\/product_tag?post=728"}],"curies":[{"name":"wp","href":"https:\/\/api.w.org\/{rel}","templated":true}]}}