{"id":713,"date":"2017-11-08T18:02:54","date_gmt":"2017-11-08T18:02:54","guid":{"rendered":"https:\/\/nightriderleds.com\/?post_type=product&#038;p=713"},"modified":"2026-04-07T11:58:37","modified_gmt":"2026-04-07T18:58:37","slug":"5-square-90w-flood-led-light","status":"publish","type":"product","link":"https:\/\/nightriderleds.com\/fr\/products\/automotive-equipment\/heavy-duty\/5-square-90w-flood-led-light\/","title":{"rendered":"5\u2033 Square 90W Flood"},"content":{"rendered":"<div id=\"wpsecol-7bfb37af-4d27-a8d4-c915-fcdcef66639f\" class=\"csRow\">\n<div class=\"csColumnGap\" style=\"margin: 0; padding: 0; float: left; width: 0%;\"><img decoding=\"async\" src=\"https:\/\/nightriderleds.com\/wp-content\/plugins\/wp-smart-editor\/plugins\/columns\/img\/1x1-pixel.png\" \/><\/div>\n<div class=\"csColumn\" style=\"margin: 0; padding: 0; float: left; width: 46.349557522123895%;\" data-posx0=\"0\" data-posx1=\"46.46017699115044\" data-padding=\"5\" data-responsive=\"1\">\n<div style=\"padding: 5px;\">\n<div class=\"preview_text csColumn_text\">\n<h3>Lampe LED \u00e0 usage intensif<\/h3>\n<h4>Pour une lumi\u00e8re de haute intensit\u00e9 dans des conditions extr\u00eames<\/h4>\n<p>Ces lampes sont dot\u00e9es de l'indice de protection le plus \u00e9lev\u00e9 qui soit (IP67\/IP69K), d'une isolation contre les chocs en caoutchouc dans leur base, de lentilles en polycarbonate r\u00e9sistantes et de bo\u00eetiers en aluminium tr\u00e8s robustes.<\/p>\n<p>Con\u00e7us pour r\u00e9sister aux conditions de travail les plus difficiles dans les secteurs de l'exploitation mini\u00e8re et foresti\u00e8re, du p\u00e9trole, de l'agriculture et de la marine.<\/p>\n<p>La lampe est \u00e9quip\u00e9e d'une prise Deutsch int\u00e9gr\u00e9e pour une installation facile \u2018Plug&amp;Play\u2019 et est livr\u00e9e avec un support de montage robuste et le mat\u00e9riel n\u00e9cessaire.<\/p>\n<p>&nbsp;<\/p>\n<\/div>\n<\/div>\n<\/div>\n<div class=\"csColumnGap\" style=\"margin: 0; padding: 0; float: left; width: 0.33185840707964603%;\"><img decoding=\"async\" src=\"https:\/\/nightriderleds.com\/wp-content\/plugins\/wp-smart-editor\/plugins\/columns\/img\/1x1-pixel.png\" \/><\/div>\n<div class=\"csColumn\" style=\"margin: 0; padding: 0; float: left; width: 52.98672566371682%;\" data-posx0=\"46.792035398230084\" data-posx1=\"99.88938053097345\" data-padding=\"5\" data-responsive=\"1\">\n<div style=\"padding: 5px;\">\n<div class=\"preview_text csColumn_text\">\n<p><img fetchpriority=\"high\" decoding=\"async\" class=\"size-medium wp-image-378\" src=\"https:\/\/nightriderleds.com\/wp-content\/uploads\/2017\/11\/Heavy-Duty-519x340.jpg\" alt=\"Heavy Duty LED Lighting\" width=\"519\" height=\"340\" srcset=\"https:\/\/nightriderleds.com\/wp-content\/uploads\/2017\/11\/Heavy-Duty-519x340.jpg 519w, https:\/\/nightriderleds.com\/wp-content\/uploads\/2017\/11\/Heavy-Duty-544x356.jpg 544w, https:\/\/nightriderleds.com\/wp-content\/uploads\/2017\/11\/Heavy-Duty-195x128.jpg 195w, https:\/\/nightriderleds.com\/wp-content\/uploads\/2017\/11\/Heavy-Duty-680x445.jpg 680w, https:\/\/nightriderleds.com\/wp-content\/uploads\/2017\/11\/Heavy-Duty-260x170.jpg 260w, https:\/\/nightriderleds.com\/wp-content\/uploads\/2017\/11\/Heavy-Duty-300x196.jpg 300w, https:\/\/nightriderleds.com\/wp-content\/uploads\/2017\/11\/Heavy-Duty-684x448.jpg 684w, https:\/\/nightriderleds.com\/wp-content\/uploads\/2017\/11\/Heavy-Duty-130x85.jpg 130w, https:\/\/nightriderleds.com\/wp-content\/uploads\/2017\/11\/Heavy-Duty.jpg 730w\" sizes=\"(max-width: 519px) 100vw, 519px\" \/><\/p>\n<\/div>\n<\/div>\n<\/div>\n<div class=\"csColumnGap\" style=\"margin: 0; padding: 0; float: left; width: 0.3318584070796362%;\"><img decoding=\"async\" src=\"https:\/\/nightriderleds.com\/wp-content\/plugins\/wp-smart-editor\/plugins\/columns\/img\/1x1-pixel.png\" \/><\/div>\n<div style=\"clear: both; float: none; display: block; visibility: hidden; width: 0; font-size: 0; line-height: 0;\"><\/div>\n<\/div>\n<h3><\/h3>\n<div id=\"style-wpsecol-7bfb37af-4d27-a8d4-c915-fcdcef66639f\">\n<style><!-- @media (max-width: 768px) { #wpsecol-7bfb37af-4d27-a8d4-c915-fcdcef66639f .csColumn { display: block; width: 100% !important; } #wpsecol-7bfb37af-4d27-a8d4-c915-fcdcef66639f .csColumnGap { display: none; } } --><\/style>\n<\/div>","protected":false},"excerpt":{"rendered":"<p>Des lampes extr\u00eamement r\u00e9sistantes, con\u00e7ues pour des conditions de travail difficiles.<\/p>\n<p>Indice de protection le plus \u00e9lev\u00e9 disponible (IP67 \/ IP69K) avec isolation des chocs en caoutchouc et bo\u00eetier en aluminium r\u00e9sistant.<\/p>\n<p>Livr\u00e9 avec une prise Deutsch int\u00e9gr\u00e9e pour une installation facile \u2018Plug&amp;Play\u2019.<\/p>\n<p>90W \/ 8 100 Lumens<\/p>\n<p><a href=\"https:\/\/nightriderleds.com\/wp-content\/uploads\/2024\/11\/Wiring-Instructions-for-Heavy-Duty-Lights-V2.pdf\" target=\"_blank\" rel=\"noopener\">Options de c\u00e2blage<\/a><\/p>\n<p><a href=\"https:\/\/nightriderleds.com\/wp-content\/uploads\/2026\/03\/Wiring-Instructions-for-Heavy-Duty-Lights-V2-FRENCH.pdf\" target=\"_blank\" rel=\"noopener\">Options de c\u00e2blage<\/a><\/p>","protected":false},"featured_media":714,"template":"","meta":[],"product_brand":[],"product_cat":[15,123],"product_tag":[160,316,161],"class_list":{"0":"post-713","1":"product","2":"type-product","3":"status-publish","4":"has-post-thumbnail","6":"product_cat-automotive-equipment","7":"product_cat-heavy-duty","8":"product_tag-automotive","9":"product_tag-heavy-duty","10":"product_tag-leds","12":"first","13":"instock","14":"shipping-taxable","15":"product-type-simple"},"_links":{"self":[{"href":"https:\/\/nightriderleds.com\/fr\/wp-json\/wp\/v2\/product\/713","targetHints":{"allow":["GET"]}}],"collection":[{"href":"https:\/\/nightriderleds.com\/fr\/wp-json\/wp\/v2\/product"}],"about":[{"href":"https:\/\/nightriderleds.com\/fr\/wp-json\/wp\/v2\/types\/product"}],"wp:featuredmedia":[{"embeddable":true,"href":"https:\/\/nightriderleds.com\/fr\/wp-json\/wp\/v2\/media\/714"}],"wp:attachment":[{"href":"https:\/\/nightriderleds.com\/fr\/wp-json\/wp\/v2\/media?parent=713"}],"wp:term":[{"taxonomy":"product_brand","embeddable":true,"href":"https:\/\/nightriderleds.com\/fr\/wp-json\/wp\/v2\/product_brand?post=713"},{"taxonomy":"product_cat","embeddable":true,"href":"https:\/\/nightriderleds.com\/fr\/wp-json\/wp\/v2\/product_cat?post=713"},{"taxonomy":"product_tag","embeddable":true,"href":"https:\/\/nightriderleds.com\/fr\/wp-json\/wp\/v2\/product_tag?post=713"}],"curies":[{"name":"wp","href":"https:\/\/api.w.org\/{rel}","templated":true}]}}