{"id":7090,"date":"2024-02-05T16:18:02","date_gmt":"2024-02-06T00:18:02","guid":{"rendered":"https:\/\/nightriderleds.com\/?post_type=product&#038;p=7090"},"modified":"2026-04-15T15:00:15","modified_gmt":"2026-04-15T22:00:15","slug":"gen2-5-low-profile-amber-strobe-light","status":"publish","type":"product","link":"https:\/\/nightriderleds.com\/fr\/products\/automotive-equipment\/safety-signal-lights\/beacons-strobes\/gen2-5-low-profile-amber-strobe-light\/","title":{"rendered":"Gen2 5\u2033 Low Profile Amber Strobe Light"},"content":{"rendered":"<div id=\"wpsecol-7bfb37af-4d27-a8d4-c915-fcdcef66639f\" class=\"csRow\">\n<div class=\"csColumnGap\" style=\"margin: 0; padding: 0; float: left; width: 0%;\"><img decoding=\"async\" src=\"https:\/\/nightriderleds.com\/wp-content\/plugins\/wp-smart-editor\/plugins\/columns\/img\/1x1-pixel.png\" \/><\/div>\n<div class=\"csColumn\" style=\"margin: 0; padding: 0; float: left; width: 46.349557522123895%;\" data-posx0=\"0\" data-posx1=\"46.46017699115044\" data-padding=\"5\" data-responsive=\"1\">\n<div style=\"padding: 5px;\">\n<div class=\"preview_text csColumn_text\">\n<h3>Gen2 5\u2033 Low Profile Surface Mount Amber Warning\/Hazard Light<\/h3>\n<h4>Augmenter la s\u00e9curit\u00e9. Faites en sorte que votre \u00e9quipement se distingue visiblement.<\/h4>\n<p>Cette lampe stroboscopique est construite avec 6 LED 3W de haute puissance permettant 26 motifs de clignotement ambr\u00e9. La Gen2 de ces lumi\u00e8res est construite de mani\u00e8re ultra fine !  Parfaites pour une installation discr\u00e8te dans les grilles, sur les miroirs, les supports de maux de t\u00eate, les panneaux lat\u00e9raux et plus encore.<\/p>\n<p>Les lampes stroboscopiques sont livr\u00e9es avec le mat\u00e9riel de montage, le joint de montage et 4\u2032 de fil. A combiner avec l'interrupteur de balise NSB-WSM pour un fonctionnement facile.<\/p>\n<p>&nbsp;<\/p>\n<\/div>\n<\/div>\n<\/div>\n<div class=\"csColumnGap\" style=\"margin: 0; padding: 0; float: left; width: 0.33185840707964603%;\"><img decoding=\"async\" src=\"https:\/\/nightriderleds.com\/wp-content\/plugins\/wp-smart-editor\/plugins\/columns\/img\/1x1-pixel.png\" \/><\/div>\n<div class=\"csColumn\" style=\"margin: 0; padding: 0; float: left; width: 52.98672566371682%;\" data-posx0=\"46.792035398230084\" data-posx1=\"99.88938053097345\" data-padding=\"5\" data-responsive=\"1\">\n<div style=\"padding: 5px;\">\n<div class=\"preview_text csColumn_text\">\n<p><img fetchpriority=\"high\" decoding=\"async\" class=\"wp-image-3371 size-medium\" src=\"https:\/\/nightriderleds.com\/wp-content\/uploads\/2019\/01\/Pilot-Car-with-NSB-S626-in-Grille-544x340.jpg\" alt=\"Pilot Car with NSB-S626 in Grille\" width=\"544\" height=\"340\" srcset=\"https:\/\/nightriderleds.com\/wp-content\/uploads\/2019\/01\/Pilot-Car-with-NSB-S626-in-Grille-544x340.jpg 544w, https:\/\/nightriderleds.com\/wp-content\/uploads\/2019\/01\/Pilot-Car-with-NSB-S626-in-Grille-195x122.jpg 195w, https:\/\/nightriderleds.com\/wp-content\/uploads\/2019\/01\/Pilot-Car-with-NSB-S626-in-Grille-768x480.jpg 768w, https:\/\/nightriderleds.com\/wp-content\/uploads\/2019\/01\/Pilot-Car-with-NSB-S626-in-Grille.jpg 1088w, https:\/\/nightriderleds.com\/wp-content\/uploads\/2019\/01\/Pilot-Car-with-NSB-S626-in-Grille-680x425.jpg 680w, https:\/\/nightriderleds.com\/wp-content\/uploads\/2019\/01\/Pilot-Car-with-NSB-S626-in-Grille-272x170.jpg 272w\" sizes=\"(max-width: 544px) 100vw, 544px\" \/><\/p>\n<\/div>\n<\/div>\n<\/div>\n<div class=\"csColumnGap\" style=\"margin: 0; padding: 0; float: left; width: 0.3318584070796362%;\"><img decoding=\"async\" src=\"https:\/\/nightriderleds.com\/wp-content\/plugins\/wp-smart-editor\/plugins\/columns\/img\/1x1-pixel.png\" \/><\/div>\n<div style=\"clear: both; float: none; display: block; visibility: hidden; width: 0; font-size: 0; line-height: 0;\"><\/div>\n<\/div>\n<h3><\/h3>\n<div id=\"style-wpsecol-7bfb37af-4d27-a8d4-c915-fcdcef66639f\">\n<style><!-- @media (max-width: 768px) { #wpsecol-7bfb37af-4d27-a8d4-c915-fcdcef66639f .csColumn { display: block; width: 100% !important; } #wpsecol-7bfb37af-4d27-a8d4-c915-fcdcef66639f .csColumnGap { display: none; } } --><\/style>\n<\/div>","protected":false},"excerpt":{"rendered":"<p>Gen2 5\u2033 profil bas <span style=\"color: #ff6600;\">ambre<\/span>\u00a0<span style=\"color: #000000;\">f<\/span><span style=\"color: #000000;\">fouet<\/span> Lumi\u00e8re stroboscopique utilisant la derni\u00e8re technologie LED pour une performance efficace, fiable et durable. Base en aluminium ultra-mince et robuste avec lentille en polycarbonate r\u00e9sistante aux UV. Synchronisez jusqu'\u00e0 12 lumi\u00e8res sur le m\u00eame mod\u00e8le de clignotement. 26 mod\u00e8les diff\u00e9rents au choix. Le stroboscope est certifi\u00e9 ECE R65.<\/p>\n<p><a href=\"https:\/\/nightriderleds.com\/wp-content\/uploads\/2026\/03\/Gen2-NSB-S626AMB-Wiring-Instructions-ENG-1up-V2.pdf\" target=\"_blank\" rel=\"noopener\">T\u00e9l\u00e9charger le guide de c\u00e2blage<\/a><\/p>\n<p class=\"p1\"><a href=\"https:\/\/nightriderleds.com\/wp-content\/uploads\/2026\/03\/Gen2-NSB-S626AMB-Wiring-Instructions-FRENCH-1up-V2.pdf\" target=\"_blank\" rel=\"noopener\">T\u00e9l\u00e9charger le guide d\u2019installation (fran\u00e7ais)<\/a><\/p>\n<p>&nbsp;<\/p>\n<p>&nbsp;<\/p>","protected":false},"featured_media":7088,"template":"","meta":[],"product_brand":[],"product_cat":[15,1064],"product_tag":[160,450,161,556,1062,451],"class_list":{"0":"post-7090","1":"product","2":"type-product","3":"status-publish","4":"has-post-thumbnail","6":"product_cat-automotive-equipment","7":"product_cat-beacons-strobes","8":"product_tag-automotive","9":"product_tag-beacon","10":"product_tag-leds","11":"product_tag-low-profile","12":"product_tag-new","13":"product_tag-strobe","15":"first","16":"instock","17":"shipping-taxable","18":"product-type-simple"},"_links":{"self":[{"href":"https:\/\/nightriderleds.com\/fr\/wp-json\/wp\/v2\/product\/7090","targetHints":{"allow":["GET"]}}],"collection":[{"href":"https:\/\/nightriderleds.com\/fr\/wp-json\/wp\/v2\/product"}],"about":[{"href":"https:\/\/nightriderleds.com\/fr\/wp-json\/wp\/v2\/types\/product"}],"wp:featuredmedia":[{"embeddable":true,"href":"https:\/\/nightriderleds.com\/fr\/wp-json\/wp\/v2\/media\/7088"}],"wp:attachment":[{"href":"https:\/\/nightriderleds.com\/fr\/wp-json\/wp\/v2\/media?parent=7090"}],"wp:term":[{"taxonomy":"product_brand","embeddable":true,"href":"https:\/\/nightriderleds.com\/fr\/wp-json\/wp\/v2\/product_brand?post=7090"},{"taxonomy":"product_cat","embeddable":true,"href":"https:\/\/nightriderleds.com\/fr\/wp-json\/wp\/v2\/product_cat?post=7090"},{"taxonomy":"product_tag","embeddable":true,"href":"https:\/\/nightriderleds.com\/fr\/wp-json\/wp\/v2\/product_tag?post=7090"}],"curies":[{"name":"wp","href":"https:\/\/api.w.org\/{rel}","templated":true}]}}