{"id":6738,"date":"2024-01-01T13:56:13","date_gmt":"2024-01-01T21:56:13","guid":{"rendered":"https:\/\/nightriderleds.com\/?post_type=product&#038;p=6738"},"modified":"2024-11-21T08:31:33","modified_gmt":"2024-11-21T16:31:33","slug":"300w-solar-led-flood-light","status":"publish","type":"product","link":"https:\/\/nightriderleds.com\/fr\/products\/commercial\/flood\/300w-solar-led-flood-light\/","title":{"rendered":"Lampe solaire \u00e0 LED 300W"},"content":{"rendered":"<div id=\"wpsecol-7bfb37af-4d27-a8d4-c915-fcdcef66639f\" class=\"csRow\">\n<div class=\"csColumnGap\" style=\"margin: 0; padding: 0; float: left; width: 0%;\"><\/div>\n<div class=\"csColumn\" style=\"margin: 0; padding: 0; float: left; width: 46.349557522123895%;\" data-posx0=\"0\" data-posx1=\"46.46017699115044\" data-padding=\"5\" data-responsive=\"1\">\n<div style=\"padding: 5px;\">\n<div class=\"preview_text csColumn_text\">\n<h3>Lampe solaire \u00e0 LED 300W<\/h3>\n<h4>Avez-vous besoin d'un bon \u00e9clairage hors r\u00e9seau ?<\/h4>\n<p>Ce puissant projecteur de 300 W est reli\u00e9 \u00e0 un panneau solaire producteur d'\u00e9nergie par un cordon de 4,5 m, ce qui permet d'installer le projecteur et le panneau solaire \u00e0 des angles diff\u00e9rents, afin d'obtenir les meilleures performances possibles.<\/p>\n<p>La lampe est command\u00e9e par une t\u00e9l\u00e9commande qui permet de r\u00e9gler la luminosit\u00e9 et la dur\u00e9e de l'\u00e9clairage.<\/p>\n<p>Veuillez noter que le panneau solaire de cette lampe doit \u00eatre expos\u00e9 directement \u00e0 la lumi\u00e8re du soleil. Veillez \u00e0 l'installer dans un endroit bien expos\u00e9 au soleil, loin des objets qui font de l'ombre. Veillez \u00e0 ce que le panneau solaire soit exempt de salet\u00e9s et de d\u00e9bris afin d'obtenir des performances optimales.<\/p>\n<p>&nbsp;<\/p>\n<\/div>\n<\/div>\n<\/div>\n<div class=\"csColumnGap\" style=\"margin: 0; padding: 0; float: left; width: 0.33185840707964603%;\"><\/div>\n<div class=\"csColumn\" style=\"margin: 0; padding: 0; float: left; width: 52.98672566371682%;\" data-posx0=\"46.792035398230084\" data-posx1=\"99.88938053097345\" data-padding=\"5\" data-responsive=\"1\">\n<div style=\"padding: 5px;\">\n<div class=\"preview_text csColumn_text\">\n<p><img fetchpriority=\"high\" decoding=\"async\" class=\"wp-image-5755 size-medium alignnone\" src=\"https:\/\/nightriderleds.com\/wp-content\/uploads\/2021\/05\/Solar-Light-on-Remote-Cabin-by-Lake-Cropped-495x340.jpg\" alt=\"\" width=\"495\" height=\"340\" srcset=\"https:\/\/nightriderleds.com\/wp-content\/uploads\/2021\/05\/Solar-Light-on-Remote-Cabin-by-Lake-Cropped-495x340.jpg 495w, https:\/\/nightriderleds.com\/wp-content\/uploads\/2021\/05\/Solar-Light-on-Remote-Cabin-by-Lake-Cropped-544x374.jpg 544w, https:\/\/nightriderleds.com\/wp-content\/uploads\/2021\/05\/Solar-Light-on-Remote-Cabin-by-Lake-Cropped-186x128.jpg 186w, https:\/\/nightriderleds.com\/wp-content\/uploads\/2021\/05\/Solar-Light-on-Remote-Cabin-by-Lake-Cropped.jpg 745w\" sizes=\"(max-width: 495px) 100vw, 495px\" \/><\/p>\n<p>&nbsp;<\/p>\n<\/div>\n<\/div>\n<\/div>\n<div class=\"csColumnGap\" style=\"margin: 0; padding: 0; float: left; width: 0.3318584070796362%;\"><img decoding=\"async\" src=\"https:\/\/nightriderleds.com\/wp-content\/plugins\/wp-smart-editor\/plugins\/columns\/img\/1x1-pixel.png\" \/><\/div>\n<div style=\"clear: both; float: none; display: block; visibility: hidden; width: 0; font-size: 0; line-height: 0;\"><\/div>\n<\/div>\n<h3><\/h3>","protected":false},"excerpt":{"rendered":"<p>Aucun c\u00e2blage n'est n\u00e9cessaire ! Utilisation dans des endroits \u00e9loign\u00e9s. Un panneau solaire \u00e0 haut rendement se charge pendant la journ\u00e9e et alimente ensuite des LED \u00e0 haute efficacit\u00e9 lorsque la nuit tombe.<\/p>\n<p>La lampe et le panneau solaire sont des unit\u00e9s s\u00e9par\u00e9es reli\u00e9es par un cordon d'alimentation (4,5 m de longueur totale), ce qui permet des options d'installation plus efficaces.<\/p>\n<p>L'\u00e9clairage est command\u00e9 par une t\u00e9l\u00e9commande qui permet de varier la luminosit\u00e9 et la dur\u00e9e de fonctionnement.<\/p>\n<p><a href=\"https:\/\/nightriderleds.com\/wp-content\/uploads\/2023\/04\/Instruction-Manual-300W-Flood-Light.pdf\" target=\"_blank\" rel=\"noopener\">T\u00e9l\u00e9charger le manuel pour 300W Solar LED Flood Light<\/a><\/p>\n<p>&nbsp;<\/p>\n<p>&nbsp;<\/p>","protected":false},"featured_media":6745,"template":"","meta":[],"product_brand":[],"product_cat":[134,140,985],"product_tag":[529,161,172,987,986],"class_list":{"0":"post-6738","1":"product","2":"type-product","3":"status-publish","4":"has-post-thumbnail","6":"product_cat-commercial","7":"product_cat-flood","8":"product_cat-solar","9":"product_tag-flood-light","10":"product_tag-leds","11":"product_tag-commercial","12":"product_tag-solar","13":"product_tag-solar-power","15":"first","16":"instock","17":"shipping-taxable","18":"product-type-simple"},"_links":{"self":[{"href":"https:\/\/nightriderleds.com\/fr\/wp-json\/wp\/v2\/product\/6738","targetHints":{"allow":["GET"]}}],"collection":[{"href":"https:\/\/nightriderleds.com\/fr\/wp-json\/wp\/v2\/product"}],"about":[{"href":"https:\/\/nightriderleds.com\/fr\/wp-json\/wp\/v2\/types\/product"}],"wp:featuredmedia":[{"embeddable":true,"href":"https:\/\/nightriderleds.com\/fr\/wp-json\/wp\/v2\/media\/6745"}],"wp:attachment":[{"href":"https:\/\/nightriderleds.com\/fr\/wp-json\/wp\/v2\/media?parent=6738"}],"wp:term":[{"taxonomy":"product_brand","embeddable":true,"href":"https:\/\/nightriderleds.com\/fr\/wp-json\/wp\/v2\/product_brand?post=6738"},{"taxonomy":"product_cat","embeddable":true,"href":"https:\/\/nightriderleds.com\/fr\/wp-json\/wp\/v2\/product_cat?post=6738"},{"taxonomy":"product_tag","embeddable":true,"href":"https:\/\/nightriderleds.com\/fr\/wp-json\/wp\/v2\/product_tag?post=6738"}],"curies":[{"name":"wp","href":"https:\/\/api.w.org\/{rel}","templated":true}]}}