{"id":6609,"date":"2023-01-10T14:11:56","date_gmt":"2023-01-10T22:11:56","guid":{"rendered":"https:\/\/nightriderleds.com\/?post_type=product&#038;p=6609"},"modified":"2024-03-05T15:57:29","modified_gmt":"2024-03-05T23:57:29","slug":"jet-black-series-side-shooter-light-covers","status":"publish","type":"product","link":"https:\/\/nightriderleds.com\/fr\/products\/accessories\/lens-covers\/jet-black-series-side-shooter-light-covers\/","title":{"rendered":"Cachettes pour feux lat\u00e9raux s\u00e9rie JET BLACK"},"content":{"rendered":"<div id=\"wpsecol-7bfb37af-4d27-a8d4-c915-fcdcef66639f\" class=\"csRow\">\n<div class=\"csColumnGap\" style=\"margin: 0; padding: 0; float: left; width: 0%;\"><img decoding=\"async\" src=\"https:\/\/nightriderleds.com\/wp-content\/plugins\/wp-smart-editor\/plugins\/columns\/img\/1x1-pixel.png\" \/><\/div>\n<div class=\"csColumn\" style=\"margin: 0; padding: 0; float: left; width: 46.349557522123895%;\" data-posx0=\"0\" data-posx1=\"46.46017699115044\" data-padding=\"5\" data-responsive=\"1\">\n<div style=\"padding: 5px;\">\n<div class=\"preview_text csColumn_text\">\n<h3>JET BLACK Series Covers<\/h3>\n<h4>Prot\u00e9gez votre investissement<\/h4>\n<p>Lens Covers are sold individually.<\/p>\n<p>Les couvertures transparentes sont con\u00e7ues pour transmettre 99,9% de lumi\u00e8re visible.<\/p>\n<p>Les couvertures orange et bleue sont utilis\u00e9es en cas d'intemp\u00e9ries telles que la neige, le gr\u00e9sil, la gr\u00eale, la pluie et le brouillard.<\/p>\n<p><span style=\"font-size: 14px;\"><strong>A noter :<\/strong> Les couvercles ambr\u00e9s et bleus ne sont pas recommand\u00e9s pour une utilisation l\u00e9gale sur la voie publique.<\/span><\/p>\n<p>&nbsp;<\/p>\n<\/div>\n<\/div>\n<\/div>\n<div class=\"csColumnGap\" style=\"margin: 0; padding: 0; float: left; width: 0.33185840707964603%;\"><img decoding=\"async\" src=\"https:\/\/nightriderleds.com\/wp-content\/plugins\/wp-smart-editor\/plugins\/columns\/img\/1x1-pixel.png\" \/><\/div>\n<div class=\"csColumn\" style=\"margin: 0; padding: 0; float: left; width: 52.98672566371682%;\" data-posx0=\"46.792035398230084\" data-posx1=\"99.88938053097345\" data-padding=\"5\" data-responsive=\"1\">\n<div style=\"padding: 5px;\">\n<div class=\"preview_text csColumn_text\">\n<p><img fetchpriority=\"high\" decoding=\"async\" class=\"wp-image-6632 size-medium\" src=\"https:\/\/nightriderleds.com\/wp-content\/uploads\/2023\/01\/Jet-Black-Side-Shooter-Covers-Medley-544x340.jpg\" alt=\"Jet Black Side Shooter Light Covers\" width=\"544\" height=\"340\" srcset=\"https:\/\/nightriderleds.com\/wp-content\/uploads\/2023\/01\/Jet-Black-Side-Shooter-Covers-Medley-544x340.jpg 544w, https:\/\/nightriderleds.com\/wp-content\/uploads\/2023\/01\/Jet-Black-Side-Shooter-Covers-Medley-195x122.jpg 195w, https:\/\/nightriderleds.com\/wp-content\/uploads\/2023\/01\/Jet-Black-Side-Shooter-Covers-Medley-768x480.jpg 768w, https:\/\/nightriderleds.com\/wp-content\/uploads\/2023\/01\/Jet-Black-Side-Shooter-Covers-Medley.jpg 1088w\" sizes=\"(max-width: 544px) 100vw, 544px\" \/><\/p>\n<\/div>\n<\/div>\n<\/div>\n<div class=\"csColumnGap\" style=\"margin: 0; padding: 0; float: left; width: 0.3318584070796362%;\"><img decoding=\"async\" src=\"https:\/\/nightriderleds.com\/wp-content\/plugins\/wp-smart-editor\/plugins\/columns\/img\/1x1-pixel.png\" \/><\/div>\n<div style=\"clear: both; float: none; display: block; visibility: hidden; width: 0; font-size: 0; line-height: 0;\"><\/div>\n<\/div>\n<h3><\/h3>\n<div id=\"style-wpsecol-7bfb37af-4d27-a8d4-c915-fcdcef66639f\">\n<style><!-- @media (max-width: 768px) { #wpsecol-7bfb37af-4d27-a8d4-c915-fcdcef66639f .csColumn { display: block; width: 100% !important; } #wpsecol-7bfb37af-4d27-a8d4-c915-fcdcef66639f .csColumnGap { display: none; } } --><\/style>\n<\/div>","protected":false},"excerpt":{"rendered":"<p>Protects your JET BLACK Series side shooter lights with amber warning function.<\/p>\n<p>Available in Black, Clear, Amber and Blue<\/p>\n<p>Lens Covers are sold individually.<\/p>\n<p>&nbsp;<\/p>\n<h3><\/h3>\n<p>&nbsp;<\/p>\n<p>&nbsp;<\/p>","protected":false},"featured_media":6632,"template":"","meta":[],"product_brand":[],"product_cat":[129,132],"product_tag":[554,388,622,1312,161,1102],"class_list":{"0":"post-6609","1":"product","2":"type-product","3":"status-publish","4":"has-post-thumbnail","6":"product_cat-accessories","7":"product_cat-lens-covers","8":"product_tag-covers","9":"product_tag-double-row","10":"product_tag-gel","11":"product_tag-jet-black","12":"product_tag-leds","13":"product_tag-side-shooter","15":"first","16":"instock","17":"shipping-taxable","18":"product-type-variable"},"_links":{"self":[{"href":"https:\/\/nightriderleds.com\/fr\/wp-json\/wp\/v2\/product\/6609","targetHints":{"allow":["GET"]}}],"collection":[{"href":"https:\/\/nightriderleds.com\/fr\/wp-json\/wp\/v2\/product"}],"about":[{"href":"https:\/\/nightriderleds.com\/fr\/wp-json\/wp\/v2\/types\/product"}],"wp:featuredmedia":[{"embeddable":true,"href":"https:\/\/nightriderleds.com\/fr\/wp-json\/wp\/v2\/media\/6632"}],"wp:attachment":[{"href":"https:\/\/nightriderleds.com\/fr\/wp-json\/wp\/v2\/media?parent=6609"}],"wp:term":[{"taxonomy":"product_brand","embeddable":true,"href":"https:\/\/nightriderleds.com\/fr\/wp-json\/wp\/v2\/product_brand?post=6609"},{"taxonomy":"product_cat","embeddable":true,"href":"https:\/\/nightriderleds.com\/fr\/wp-json\/wp\/v2\/product_cat?post=6609"},{"taxonomy":"product_tag","embeddable":true,"href":"https:\/\/nightriderleds.com\/fr\/wp-json\/wp\/v2\/product_tag?post=6609"}],"curies":[{"name":"wp","href":"https:\/\/api.w.org\/{rel}","templated":true}]}}