{"id":6594,"date":"2022-12-20T17:15:27","date_gmt":"2022-12-21T01:15:27","guid":{"rendered":"https:\/\/nightriderleds.com\/?post_type=product&#038;p=6594"},"modified":"2026-04-07T13:50:52","modified_gmt":"2026-04-07T20:50:52","slug":"jet-black-side-shooter-light-kit-with-amber-warning-light-ece-certified","status":"publish","type":"product","link":"https:\/\/nightriderleds.com\/fr\/products\/automotive-equipment\/street-legal\/ece-emark\/compact-ece-emark\/jet-black-side-shooter-light-kit-with-amber-warning-light-ece-certified\/","title":{"rendered":"Kit de cubes \u00e0 projection lat\u00e9rale Jet Black avec feux d'avertissement clignotants ambr\u00e9s - certifi\u00e9 ECE"},"content":{"rendered":"<div id=\"wpsecol-bc77f860-40ee-7d1d-a3b6-930381d4f3fc\" class=\"csRow\">\n<div class=\"csColumnGap\" style=\"margin: 0; padding: 0; float: left; width: 0%;\"><img decoding=\"async\" src=\"https:\/\/nightriderleds.com\/wp-content\/plugins\/wp-smart-editor\/plugins\/columns\/img\/1x1-pixel.png\" \/><\/div>\n<div class=\"csColumn\" style=\"margin: 0; padding: 0; float: left; width: 49.22566371681416%;\" data-posx0=\"0\" data-posx1=\"49.336283185840706\" data-padding=\"5\" data-responsive=\"1\">\n<div style=\"padding: 5px;\">\n<div class=\"preview_text csColumn_text\">\n<h3>Certifi\u00e9 ECE\/EMARK R112<\/h3>\n<h4>Associ\u00e9 \u00e0 des feux d'avertissement ambr\u00e9s clignotants (certifi\u00e9s ECE R65)<\/h4>\n<p><strong>Feu de route auxiliaire homologu\u00e9 pour la circulation routi\u00e8re et stroboscopique tout en un !<\/strong><\/p>\n<p>Ce kit de cubes a projection lat\u00e9rale offre tous les avantages des lampes de la s\u00e9rie Jet Black. Le faisceau central \u00e0 longue port\u00e9e est moins \u00e9blouissant gr\u00e2ce aux r\u00e9flecteurs \u00e0 capuchon, tandis que les r\u00e9flecteurs \u00e0 faisceau large situ\u00e9s de chaque c\u00f4t\u00e9 des lampes assurent une couverture lumineuse de 140\u00b0.<\/p>\n<p>Chaque lampe comporte des mini-barres lumineuses sur ses quatre c\u00f4t\u00e9s, qui peuvent servir de double gyrophare ambr\u00e9. Id\u00e9al pour les v\u00e9hicules d'escorte et tout autre v\u00e9hicule n\u00e9cessitant une visibilit\u00e9 accrue.<\/p>\n<p>Le kit comprend 2 feux \u00e0 projection lat\u00e9rale Jet Black, un faisceau de c\u00e2bles complet et le mat\u00e9riel de fixation.<\/p>\n<\/div>\n<p><em>*V\u00e9rifiez toujours les r\u00e8gles et r\u00e9glementations r\u00e9gionales concernant l'utilisation des feux de route auxiliaires. NightRider\u2122 LEDS s'efforce de fournir les feux les plus s\u00fbrs et les plus l\u00e9gaux, mais ne peut \u00eatre tenu responsable des restrictions r\u00e9gionales, d'un montage, d'une vis\u00e9e ou d'un c\u00e2blage inappropri\u00e9s.<\/em><\/p>\n<\/div>\n<\/div>\n<div class=\"csColumnGap\" style=\"margin: 0; padding: 0; float: left; width: 1.3274336283185841%;\"><img decoding=\"async\" src=\"https:\/\/nightriderleds.com\/wp-content\/plugins\/wp-smart-editor\/plugins\/columns\/img\/1x1-pixel.png\" \/><\/div>\n<div class=\"csColumn\" style=\"margin: 0; padding: 0; float: left; width: 49.22566371681416%;\" data-posx0=\"50.66371681415929\" data-posx1=\"100\" data-padding=\"5\" data-responsive=\"1\">\n<div style=\"padding: 5px;\">\n<div class=\"preview_text csColumn_text\">\n<p><img fetchpriority=\"high\" decoding=\"async\" class=\"wp-image-6589 size-medium\" src=\"https:\/\/nightriderleds.com\/wp-content\/uploads\/2022\/12\/NJSS2EMAW-with-Amber-Warning-Lights-ON-544x340.jpg\" alt=\"ECE Jet Black Side Shooter with Amber Warning Light Function turned on - Aspect View\" width=\"544\" height=\"340\" srcset=\"https:\/\/nightriderleds.com\/wp-content\/uploads\/2022\/12\/NJSS2EMAW-with-Amber-Warning-Lights-ON-544x340.jpg 544w, https:\/\/nightriderleds.com\/wp-content\/uploads\/2022\/12\/NJSS2EMAW-with-Amber-Warning-Lights-ON-195x122.jpg 195w, https:\/\/nightriderleds.com\/wp-content\/uploads\/2022\/12\/NJSS2EMAW-with-Amber-Warning-Lights-ON-768x480.jpg 768w, https:\/\/nightriderleds.com\/wp-content\/uploads\/2022\/12\/NJSS2EMAW-with-Amber-Warning-Lights-ON.jpg 1088w\" sizes=\"(max-width: 544px) 100vw, 544px\" \/><\/p>\n<\/div>\n<\/div>\n<\/div>\n<div class=\"csColumnGap\" style=\"margin: 0; padding: 0; float: left; width: 0.2212389380530908%;\"><img decoding=\"async\" src=\"https:\/\/nightriderleds.com\/wp-content\/plugins\/wp-smart-editor\/plugins\/columns\/img\/1x1-pixel.png\" \/><\/div>\n<\/div>\n<div id=\"style-wpsecol-bc77f860-40ee-7d1d-a3b6-930381d4f3fc\"><\/div>","protected":false},"excerpt":{"rendered":"<p><strong>Feu de route auxiliaire homologu\u00e9 pour la circulation routi\u00e8re et stroboscopique tout en un !<\/strong><\/p>\n<p>Lentille sans rebord. R\u00e9flecteurs \u00e0 capuchon noir. Ce feu lat\u00e9ral de la s\u00e9rie Jet Black est \u00e9quip\u00e9 de mini-barres lumineuses int\u00e9gr\u00e9es qui, une fois activ\u00e9es, \u00e9mettent un double clignotement d'avertissement ambr\u00e9.<\/p>\n<p>70W \/ 8400lm bruts - 3452lm r\u00e9els par lampe<\/p>\n<p>Vendu en lot de 2 feux, avec harnais \u00e9lectrique complet et mat\u00e9riel de fixation<\/p>\n<p><a href=\"https:\/\/nightriderleds.com\/wp-content\/uploads\/2024\/11\/Auxiliary-Light-Installation-for-NJSS2EMAW-2024.pdf\" target=\"_blank\" rel=\"noopener\"><strong>T\u00e9l\u00e9charger le guide d'installation (anglais)<\/strong><\/a><\/p>\n<p class=\"p1\"><a href=\"https:\/\/nightriderleds.com\/wp-content\/uploads\/2026\/03\/Wiring-Instructions-for-NJSS2EMAW-FRENCH-V02-FLAT.pdf\"><strong>T\u00e9l\u00e9charger le guide d\u2019installation (fran\u00e7ais)<\/strong><\/a><\/p>\n<div id=\"style-btn-66769921-3166-9ed3-51a1-34f756e1b6a4\">\n<style class=\"style-btn\"><!-- #btn-66769921-3166-9ed3-51a1-34f756e1b6a4 {font-size: 14px;color: #ffffff;background: #0e83cd;padding-left: 12px;padding-top: 6px;padding-right: 12px;padding-bottom: 6px;border-radius: 0px;-moz-border-radius: 0px;-webkit-border-radius: 0px;border-color: #357ebd;border-width: 1px;} #btn-66769921-3166-9ed3-51a1-34f756e1b6a4:hover {background: #1990f9;color: #ffffff;box-shadow: 3px 3px 3px 0px #bababa;-moz-box-shadow: 3px 3px 3px 0px #bababa;-webkit-box-shadow: 3px 3px 3px 0px #bababa;} --><\/style>\n<\/div>","protected":false},"featured_media":6590,"template":"","meta":[],"product_brand":[],"product_cat":[15,1064,124,1465,1398,790,19,1311,1519,18,1396],"product_tag":[1666,450,20,1329,21,1312,161,1102,23],"class_list":{"0":"post-6594","1":"product","2":"type-product","3":"status-publish","4":"has-post-thumbnail","6":"product_cat-automotive-equipment","7":"product_cat-beacons-strobes","8":"product_cat-compact","9":"product_cat-compact-ece-emark","10":"product_cat-jet-black-compact","11":"product_cat-cube","12":"product_cat-ece-emark","13":"product_cat-jet-black","14":"product_cat-safety-signal-lights","15":"product_cat-street-legal","16":"product_cat-jet-black-street-legal","17":"product_tag-amber-warning-light","18":"product_tag-beacon","19":"product_tag-ece","20":"product_tag-ece-r112","21":"product_tag-emark","22":"product_tag-jet-black","23":"product_tag-leds","24":"product_tag-side-shooter","25":"product_tag-street-legal","27":"first","28":"instock","29":"shipping-taxable","30":"product-type-simple"},"_links":{"self":[{"href":"https:\/\/nightriderleds.com\/fr\/wp-json\/wp\/v2\/product\/6594","targetHints":{"allow":["GET"]}}],"collection":[{"href":"https:\/\/nightriderleds.com\/fr\/wp-json\/wp\/v2\/product"}],"about":[{"href":"https:\/\/nightriderleds.com\/fr\/wp-json\/wp\/v2\/types\/product"}],"wp:featuredmedia":[{"embeddable":true,"href":"https:\/\/nightriderleds.com\/fr\/wp-json\/wp\/v2\/media\/6590"}],"wp:attachment":[{"href":"https:\/\/nightriderleds.com\/fr\/wp-json\/wp\/v2\/media?parent=6594"}],"wp:term":[{"taxonomy":"product_brand","embeddable":true,"href":"https:\/\/nightriderleds.com\/fr\/wp-json\/wp\/v2\/product_brand?post=6594"},{"taxonomy":"product_cat","embeddable":true,"href":"https:\/\/nightriderleds.com\/fr\/wp-json\/wp\/v2\/product_cat?post=6594"},{"taxonomy":"product_tag","embeddable":true,"href":"https:\/\/nightriderleds.com\/fr\/wp-json\/wp\/v2\/product_tag?post=6594"}],"curies":[{"name":"wp","href":"https:\/\/api.w.org\/{rel}","templated":true}]}}