{"id":6570,"date":"2022-12-20T14:08:07","date_gmt":"2022-12-20T22:08:07","guid":{"rendered":"https:\/\/nightriderleds.com\/?post_type=product&#038;p=6570"},"modified":"2026-03-30T13:36:07","modified_gmt":"2026-03-30T20:36:07","slug":"jet-black-20-double-row-bar-with-amber-warning-light-ece-certified","status":"publish","type":"product","link":"https:\/\/nightriderleds.com\/fr\/products\/automotive-equipment\/lightbars\/x-series\/2-row-extreme\/2-row-x-straight\/jet-black-20-double-row-bar-with-amber-warning-light-ece-certified\/","title":{"rendered":"JET BLACK 20\u2033 Double Row Bar with Amber Warning Light - ECE Certified"},"content":{"rendered":"<div id=\"wpsecol-bc77f860-40ee-7d1d-a3b6-930381d4f3fc\" class=\"csRow\">\n<div class=\"csColumnGap\" style=\"margin: 0; padding: 0; float: left; width: 0%;\"><img decoding=\"async\" src=\"https:\/\/nightriderleds.com\/wp-content\/plugins\/wp-smart-editor\/plugins\/columns\/img\/1x1-pixel.png\" \/><\/div>\n<div class=\"csColumn\" style=\"margin: 0; padding: 0; float: left; width: 49.22566371681416%;\" data-posx0=\"0\" data-posx1=\"49.336283185840706\" data-padding=\"5\" data-responsive=\"1\">\n<div style=\"padding: 5px;\">\n<div class=\"preview_text csColumn_text\">\n<h3>Certifi\u00e9 ECE\/EMARK R112<\/h3>\n<h4>Avec double feu d'avertissement orange clignotant (certifi\u00e9 ECE R65)<\/h4>\n<p><strong>Feu de route auxiliaire homologu\u00e9 pour la circulation routi\u00e8re et stroboscopique tout en un !<\/strong><\/p>\n<p>Le m\u00eame look \u00e9l\u00e9gant et les m\u00eames performances exceptionnelles que tous les feux de la s\u00e9rie Jet Black, mais avec un plus : une mini barre lumineuse polyvalente int\u00e9gr\u00e9e ! Elle permet d'ajouter les fonctions suivantes : double clignotement du feu d'avertissement orange pour une meilleure visibilit\u00e9, feux de jour orange fixes et feux de jour blancs fixes.<\/p>\n<p>Le compl\u00e9ment id\u00e9al pour les v\u00e9hicules qui recherchent une visibilit\u00e9 accrue sur la route, tels que les v\u00e9hicules pilotes et les camions avec des charges sp\u00e9ciales.<\/p>\n<p>La barre lumineuse est livr\u00e9e avec un faisceau de c\u00e2blage complet, un syst\u00e8me de montage double et la quincaillerie.<\/p>\n<\/div>\n<p><em>*V\u00e9rifiez toujours les r\u00e8gles et r\u00e9glementations r\u00e9gionales concernant l'utilisation des feux de route auxiliaires. NightRider\u2122 LEDS s'efforce de fournir les feux les plus s\u00fbrs et les plus l\u00e9gaux, mais ne peut \u00eatre tenu responsable des restrictions r\u00e9gionales, d'un montage, d'une vis\u00e9e ou d'un c\u00e2blage inappropri\u00e9s.<\/em><\/p>\n<\/div>\n<\/div>\n<div class=\"csColumnGap\" style=\"margin: 0; padding: 0; float: left; width: 1.3274336283185841%;\"><img decoding=\"async\" src=\"https:\/\/nightriderleds.com\/wp-content\/plugins\/wp-smart-editor\/plugins\/columns\/img\/1x1-pixel.png\" \/><\/div>\n<div class=\"csColumn\" style=\"margin: 0; padding: 0; float: left; width: 49.22566371681416%;\" data-posx0=\"50.66371681415929\" data-posx1=\"100\" data-padding=\"5\" data-responsive=\"1\">\n<div style=\"padding: 5px;\">\n<div class=\"preview_text csColumn_text\">\n<p><img fetchpriority=\"high\" decoding=\"async\" class=\"alignnone wp-image-6581 size-medium\" src=\"https:\/\/nightriderleds.com\/wp-content\/uploads\/2022\/12\/NJS20EMAW-on-Oversize-Truck-544x340.jpg\" alt=\"\" width=\"544\" height=\"340\" srcset=\"https:\/\/nightriderleds.com\/wp-content\/uploads\/2022\/12\/NJS20EMAW-on-Oversize-Truck-544x340.jpg 544w, https:\/\/nightriderleds.com\/wp-content\/uploads\/2022\/12\/NJS20EMAW-on-Oversize-Truck-195x122.jpg 195w, https:\/\/nightriderleds.com\/wp-content\/uploads\/2022\/12\/NJS20EMAW-on-Oversize-Truck-768x480.jpg 768w, https:\/\/nightriderleds.com\/wp-content\/uploads\/2022\/12\/NJS20EMAW-on-Oversize-Truck.jpg 1088w\" sizes=\"(max-width: 544px) 100vw, 544px\" \/><\/p>\n<\/div>\n<\/div>\n<\/div>\n<div class=\"csColumnGap\" style=\"margin: 0; padding: 0; float: left; width: 0.2212389380530908%;\"><img decoding=\"async\" src=\"https:\/\/nightriderleds.com\/wp-content\/plugins\/wp-smart-editor\/plugins\/columns\/img\/1x1-pixel.png\" \/><\/div>\n<\/div>\n<div id=\"style-wpsecol-bc77f860-40ee-7d1d-a3b6-930381d4f3fc\"><\/div>","protected":false},"excerpt":{"rendered":"<p><strong>Feu de route auxiliaire homologu\u00e9 pour la circulation routi\u00e8re et stroboscopique tout en un !<\/strong><\/p>\n<p>Lentille sans bord. R\u00e9flecteurs sombres \u00e0 capuchon. Grande puissance. En outre, cette barre de la s\u00e9rie Jet Black contient une mini-barre lumineuse polyvalente int\u00e9gr\u00e9e, qui \u00e9met un double feu d'avertissement orange clignotant. La mini barre lumineuse peut \u00e9galement \u00eatre utilis\u00e9e comme DRL en ambre ou en blanc.<\/p>\n<p>200W \/ 16 800 lm bruts - 4 617 lm effectifs<\/p>\n<p><a href=\"https:\/\/nightriderleds.com\/wp-content\/uploads\/2024\/11\/Wiring-Instructions-for-NJ20EMAW-and-NJS20EMAW-ENGLISH-2024.pdf\" target=\"_blank\" rel=\"noopener\"><strong>T\u00e9l\u00e9charger le guide d'installation<\/strong><\/a><\/p>\n<p class=\"p1\"><strong><a href=\"https:\/\/nightriderleds.com\/wp-content\/uploads\/2026\/03\/Wiring-Instructions-for-NJ20EMAW-and-NJS20EMAW-FRENCH-V2.pdf\">T\u00e9l\u00e9charger le guide d\u2019installation (fran\u00e7ais)<\/a><\/strong><\/p>\n<div id=\"style-btn-66769921-3166-9ed3-51a1-34f756e1b6a4\">\n<style class=\"style-btn\"><!-- #btn-66769921-3166-9ed3-51a1-34f756e1b6a4 {font-size: 14px;color: #ffffff;background: #0e83cd;padding-left: 12px;padding-top: 6px;padding-right: 12px;padding-bottom: 6px;border-radius: 0px;-moz-border-radius: 0px;-webkit-border-radius: 0px;border-color: #357ebd;border-width: 1px;} #btn-66769921-3166-9ed3-51a1-34f756e1b6a4:hover {background: #1990f9;color: #ffffff;box-shadow: 3px 3px 3px 0px #bababa;-moz-box-shadow: 3px 3px 3px 0px #bababa;-webkit-box-shadow: 3px 3px 3px 0px #bababa;} --><\/style>\n<\/div>","protected":false},"featured_media":6573,"template":"","meta":[],"product_brand":[],"product_cat":[15,1464,1064,1334,119,19,1311,260,1519,18,677,1396],"product_tag":[1666,450,1667,1110,20,1329,1678,21,1312,161,22,23,686],"class_list":{"0":"post-6570","1":"product","2":"type-product","3":"status-publish","4":"has-post-thumbnail","6":"product_cat-automotive-equipment","7":"product_cat-bars","8":"product_cat-beacons-strobes","9":"product_cat-double-row","10":"product_cat-2-row-x-straight","11":"product_cat-ece-emark","12":"product_cat-jet-black","13":"product_cat-lightbars","14":"product_cat-safety-signal-lights","15":"product_cat-street-legal","16":"product_cat-street-legal-bars","17":"product_cat-jet-black-street-legal","18":"product_tag-amber-warning-light","19":"product_tag-beacon","20":"product_tag-drl","21":"product_tag-dual-mounting-system","22":"product_tag-ece","23":"product_tag-ece-r112","24":"product_tag-ece-r65","25":"product_tag-emark","26":"product_tag-jet-black","27":"product_tag-leds","28":"product_tag-light-bar","29":"product_tag-street-legal","30":"product_tag-street-legal-bar","32":"first","33":"instock","34":"shipping-taxable","35":"product-type-simple"},"_links":{"self":[{"href":"https:\/\/nightriderleds.com\/fr\/wp-json\/wp\/v2\/product\/6570","targetHints":{"allow":["GET"]}}],"collection":[{"href":"https:\/\/nightriderleds.com\/fr\/wp-json\/wp\/v2\/product"}],"about":[{"href":"https:\/\/nightriderleds.com\/fr\/wp-json\/wp\/v2\/types\/product"}],"wp:featuredmedia":[{"embeddable":true,"href":"https:\/\/nightriderleds.com\/fr\/wp-json\/wp\/v2\/media\/6573"}],"wp:attachment":[{"href":"https:\/\/nightriderleds.com\/fr\/wp-json\/wp\/v2\/media?parent=6570"}],"wp:term":[{"taxonomy":"product_brand","embeddable":true,"href":"https:\/\/nightriderleds.com\/fr\/wp-json\/wp\/v2\/product_brand?post=6570"},{"taxonomy":"product_cat","embeddable":true,"href":"https:\/\/nightriderleds.com\/fr\/wp-json\/wp\/v2\/product_cat?post=6570"},{"taxonomy":"product_tag","embeddable":true,"href":"https:\/\/nightriderleds.com\/fr\/wp-json\/wp\/v2\/product_tag?post=6570"}],"curies":[{"name":"wp","href":"https:\/\/api.w.org\/{rel}","templated":true}]}}