{"id":6531,"date":"2022-11-15T15:32:17","date_gmt":"2022-11-15T23:32:17","guid":{"rendered":"https:\/\/nightriderleds.com\/?post_type=product&#038;p=6531"},"modified":"2024-01-22T18:51:20","modified_gmt":"2024-01-23T02:51:20","slug":"spring-mount-replacement","status":"publish","type":"product","link":"https:\/\/nightriderleds.com\/fr\/products\/automotive-equipment\/safety-signal-lights\/safety-whips\/safety-whip-accessories\/spring-mount-replacement\/","title":{"rendered":"Remplacement de la monture du ressort"},"content":{"rendered":"<p>&nbsp;<\/p>\n<div id=\"wpsecol-71c6b5a3-2a78-d4b7-9cf0-02dab0423b46\" class=\"csRow\">\n<div class=\"csColumnGap\" style=\"margin: 0; padding: 0; float: left; width: 0.11061946902654868%;\"><img decoding=\"async\" src=\"https:\/\/nightriderleds.com\/wp-content\/plugins\/wp-smart-editor\/plugins\/columns\/img\/1x1-pixel.png\" \/><\/div>\n<div class=\"csColumn\" style=\"margin: 0; padding: 0; float: left; width: 46.23893805309734%;\" data-posx0=\"0.11061946902654868\" data-posx1=\"46.46017699115044\" data-padding=\"5\" data-responsive=\"1\">\n<div style=\"padding: 5px;\">\n<div class=\"preview_text csColumn_text\">\n<h3 class=\"p1\">Heavy Duty Spring Mount for Removable Top Light Safety Whips<\/h3>\n<p>Made from heavy duty galvanized 6-8mm wire.<\/p>\n<p>Comes with pig tail wiring.<\/p>\n<\/div>\n<\/div>\n<\/div>\n<div class=\"csColumnGap\" style=\"margin: 0; padding: 0; float: left; width: 1.7699115044247788%;\"><img decoding=\"async\" src=\"https:\/\/nightriderleds.com\/wp-content\/plugins\/wp-smart-editor\/plugins\/columns\/img\/1x1-pixel.png\" \/><\/div>\n<div class=\"csColumn\" style=\"margin: 0; padding: 0; float: left; width: 51.65929203539823%;\" data-posx0=\"48.23008849557522\" data-posx1=\"100\" data-padding=\"5\" data-responsive=\"1\">\n<div style=\"padding: 5px;\">\n<div class=\"preview_text csColumn_text\">\n<p>&nbsp;<\/p>\n<p>&nbsp;<\/p>\n<p>&nbsp;<\/p>\n<p>&nbsp;<\/p>\n<p>&nbsp;<\/p>\n<p><img fetchpriority=\"high\" decoding=\"async\" class=\"wp-image-6529 size-medium\" src=\"https:\/\/nightriderleds.com\/wp-content\/uploads\/2022\/11\/Replacement-Spring-Mount-for-Top-Light-Whip-544x340.jpg\" alt=\"Heavy Duty Replacement Spring Mount for Top Light Whip\" width=\"544\" height=\"340\" srcset=\"https:\/\/nightriderleds.com\/wp-content\/uploads\/2022\/11\/Replacement-Spring-Mount-for-Top-Light-Whip-544x340.jpg 544w, https:\/\/nightriderleds.com\/wp-content\/uploads\/2022\/11\/Replacement-Spring-Mount-for-Top-Light-Whip-195x122.jpg 195w, https:\/\/nightriderleds.com\/wp-content\/uploads\/2022\/11\/Replacement-Spring-Mount-for-Top-Light-Whip-768x480.jpg 768w, https:\/\/nightriderleds.com\/wp-content\/uploads\/2022\/11\/Replacement-Spring-Mount-for-Top-Light-Whip.jpg 1088w\" sizes=\"(max-width: 544px) 100vw, 544px\" \/><\/p>\n<\/div>\n<\/div>\n<\/div>\n<div style=\"clear: both; float: none; display: block; visibility: hidden; width: 0; font-size: 0; line-height: 0;\"><\/div>\n<\/div>\n<p>&nbsp;<\/p>\n<div id=\"style-wpsecol-71c6b5a3-2a78-d4b7-9cf0-02dab0423b46\">\n<style><!-- @media (max-width: 768px) { #wpsecol-71c6b5a3-2a78-d4b7-9cf0-02dab0423b46 .csColumn { display: block; width: 100% !important; } #wpsecol-71c6b5a3-2a78-d4b7-9cf0-02dab0423b46 .csColumnGap { display: none; } } --><\/style>\n<\/div>","protected":false},"excerpt":{"rendered":"<div class=\"tableOfContent\"><\/div>\n<p><b>Support \u00e0 ressort pour fouets de s\u00e9curit\u00e9 avec partie sup\u00e9rieure amovible<\/b><\/p>\n<p>Made from heavy duty galvanized wire, 6-8mm in diameter<\/p>\n<p>Comes with pig tail wiring.<\/p>\n<p>&nbsp;<\/p>\n<p>&nbsp;<\/p>","protected":false},"featured_media":6529,"template":"","meta":[],"product_brand":[],"product_cat":[129,15,822,130,1519,1841,1534],"product_tag":[160,161,765,1656,1603,1655],"class_list":{"0":"post-6531","1":"product","2":"type-product","3":"status-publish","4":"has-post-thumbnail","6":"product_cat-accessories","7":"product_cat-automotive-equipment","8":"product_cat-hardware-parts","9":"product_cat-mounts","10":"product_cat-safety-signal-lights","11":"product_cat-safety-whip-accessories","12":"product_cat-safety-whips","13":"product_tag-automotive","14":"product_tag-leds","15":"product_tag-mount","16":"product_tag-removable-top-light","17":"product_tag-safety-whip","18":"product_tag-spring-mount","20":"first","21":"instock","22":"shipping-taxable","23":"product-type-simple"},"_links":{"self":[{"href":"https:\/\/nightriderleds.com\/fr\/wp-json\/wp\/v2\/product\/6531","targetHints":{"allow":["GET"]}}],"collection":[{"href":"https:\/\/nightriderleds.com\/fr\/wp-json\/wp\/v2\/product"}],"about":[{"href":"https:\/\/nightriderleds.com\/fr\/wp-json\/wp\/v2\/types\/product"}],"wp:featuredmedia":[{"embeddable":true,"href":"https:\/\/nightriderleds.com\/fr\/wp-json\/wp\/v2\/media\/6529"}],"wp:attachment":[{"href":"https:\/\/nightriderleds.com\/fr\/wp-json\/wp\/v2\/media?parent=6531"}],"wp:term":[{"taxonomy":"product_brand","embeddable":true,"href":"https:\/\/nightriderleds.com\/fr\/wp-json\/wp\/v2\/product_brand?post=6531"},{"taxonomy":"product_cat","embeddable":true,"href":"https:\/\/nightriderleds.com\/fr\/wp-json\/wp\/v2\/product_cat?post=6531"},{"taxonomy":"product_tag","embeddable":true,"href":"https:\/\/nightriderleds.com\/fr\/wp-json\/wp\/v2\/product_tag?post=6531"}],"curies":[{"name":"wp","href":"https:\/\/api.w.org\/{rel}","templated":true}]}}