{"id":6522,"date":"2022-11-09T13:37:05","date_gmt":"2022-11-09T21:37:05","guid":{"rendered":"https:\/\/nightriderleds.com\/?post_type=product&#038;p=6522"},"modified":"2024-01-22T18:51:20","modified_gmt":"2024-01-23T02:51:20","slug":"clamping-kit-for-safety-whips","status":"publish","type":"product","link":"https:\/\/nightriderleds.com\/fr\/products\/automotive-equipment\/safety-signal-lights\/safety-whips\/safety-whip-accessories\/clamping-kit-for-safety-whips\/","title":{"rendered":"Kit de serrage pour fouets de s\u00e9curit\u00e9"},"content":{"rendered":"<p>&nbsp;<\/p>\n<div id=\"wpsecol-71c6b5a3-2a78-d4b7-9cf0-02dab0423b46\" class=\"csRow\">\n<div class=\"csColumnGap\" style=\"margin: 0; padding: 0; float: left; width: 0.11061946902654868%;\"><img decoding=\"async\" src=\"https:\/\/nightriderleds.com\/wp-content\/plugins\/wp-smart-editor\/plugins\/columns\/img\/1x1-pixel.png\" \/><\/div>\n<div class=\"csColumn\" style=\"margin: 0; padding: 0; float: left; width: 46.23893805309734%;\" data-posx0=\"0.11061946902654868\" data-posx1=\"46.46017699115044\" data-padding=\"5\" data-responsive=\"1\">\n<div style=\"padding: 5px;\">\n<div class=\"preview_text csColumn_text\">\n<h3 class=\"p1\">Support de tuyau variable pour votre fouet de s\u00e9curit\u00e9<\/h3>\n<p>Profitez d'une barre ronde ou d'un tuyau existant sur votre v\u00e9hicule pour une installation facile et solide. Il n'est pas n\u00e9cessaire de percer des trous dans votre v\u00e9hicule. Le collier se fixe en toute s\u00e9curit\u00e9 sur les barres rondes de 1\u2033, 1.5\u2033, 1.75\u2033 et 2\u2033 de diam\u00e8tre.<\/p>\n<p>La base de montage du fouet de s\u00e9curit\u00e9 est filet\u00e9e et pivote facilement pour obtenir le bon angle ou pour d\u00e9gager le fouet de s\u00e9curit\u00e9 afin de le ranger.<\/p>\n<p>Le kit est livr\u00e9 avec quatre jeux d'inserts en caoutchouc de diff\u00e9rentes \u00e9paisseurs.<\/p>\n<\/div>\n<\/div>\n<\/div>\n<div class=\"csColumnGap\" style=\"margin: 0; padding: 0; float: left; width: 1.7699115044247788%;\"><img decoding=\"async\" src=\"https:\/\/nightriderleds.com\/wp-content\/plugins\/wp-smart-editor\/plugins\/columns\/img\/1x1-pixel.png\" \/><\/div>\n<div class=\"csColumn\" style=\"margin: 0; padding: 0; float: left; width: 51.65929203539823%;\" data-posx0=\"48.23008849557522\" data-posx1=\"100\" data-padding=\"5\" data-responsive=\"1\">\n<div style=\"padding: 5px;\">\n<div class=\"preview_text csColumn_text\">\n<p>&nbsp;<\/p>\n<p>&nbsp;<\/p>\n<p>&nbsp;<\/p>\n<p>&nbsp;<\/p>\n<p>&nbsp;<\/p>\n<p><img fetchpriority=\"high\" decoding=\"async\" class=\"alignnone wp-image-6524 size-medium\" src=\"https:\/\/nightriderleds.com\/wp-content\/uploads\/2022\/11\/Clamping-Kit-Contents-1-544x340.jpg\" alt=\"\" width=\"544\" height=\"340\" srcset=\"https:\/\/nightriderleds.com\/wp-content\/uploads\/2022\/11\/Clamping-Kit-Contents-1-544x340.jpg 544w, https:\/\/nightriderleds.com\/wp-content\/uploads\/2022\/11\/Clamping-Kit-Contents-1-195x122.jpg 195w, https:\/\/nightriderleds.com\/wp-content\/uploads\/2022\/11\/Clamping-Kit-Contents-1-768x480.jpg 768w, https:\/\/nightriderleds.com\/wp-content\/uploads\/2022\/11\/Clamping-Kit-Contents-1.jpg 1088w\" sizes=\"(max-width: 544px) 100vw, 544px\" \/><\/p>\n<\/div>\n<\/div>\n<\/div>\n<div style=\"clear: both; float: none; display: block; visibility: hidden; width: 0; font-size: 0; line-height: 0;\"><\/div>\n<\/div>\n<p>&nbsp;<\/p>\n<div id=\"style-wpsecol-71c6b5a3-2a78-d4b7-9cf0-02dab0423b46\">\n<style><!-- @media (max-width: 768px) { #wpsecol-71c6b5a3-2a78-d4b7-9cf0-02dab0423b46 .csColumn { display: block; width: 100% !important; } #wpsecol-71c6b5a3-2a78-d4b7-9cf0-02dab0423b46 .csColumnGap { display: none; } } --><\/style>\n<\/div>","protected":false},"excerpt":{"rendered":"<div class=\"tableOfContent\"><\/div>\n<p><b>Attachez votre fouet de s\u00e9curit\u00e9 NightRider\u2122 \u00e0 une barre\/un tuyau existant(e).<\/b><\/p>\n<p>Ce kit de serrage fonctionne pour les barres ou les tuyaux mesurant 1\u2033, 1,5\u2033, 1,75\u2033 \u00e0 2\u2033 de diam\u00e8tre. La base de montage du fouet de s\u00e9curit\u00e9 est filet\u00e9e et pivote facilement pour obtenir le bon angle ou pour d\u00e9gager le fouet de s\u00e9curit\u00e9 afin de le ranger.<\/p>\n<p>Livr\u00e9 avec quatre jeux d'inserts en caoutchouc de diff\u00e9rentes \u00e9paisseurs et le mat\u00e9riel de montage.<\/p>\n<p>&nbsp;<\/p>\n<p>&nbsp;<\/p>","protected":false},"featured_media":6504,"template":"","meta":[],"product_brand":[],"product_cat":[129,15,822,130,1519,1841,1534],"product_tag":[160,841,161,765,758,1603],"class_list":{"0":"post-6522","1":"product","2":"type-product","3":"status-publish","4":"has-post-thumbnail","6":"product_cat-accessories","7":"product_cat-automotive-equipment","8":"product_cat-hardware-parts","9":"product_cat-mounts","10":"product_cat-safety-signal-lights","11":"product_cat-safety-whip-accessories","12":"product_cat-safety-whips","13":"product_tag-automotive","14":"product_tag-hardware-kits","15":"product_tag-leds","16":"product_tag-mount","17":"product_tag-pipe-mount","18":"product_tag-safety-whip","20":"first","21":"instock","22":"shipping-taxable","23":"product-type-simple"},"_links":{"self":[{"href":"https:\/\/nightriderleds.com\/fr\/wp-json\/wp\/v2\/product\/6522","targetHints":{"allow":["GET"]}}],"collection":[{"href":"https:\/\/nightriderleds.com\/fr\/wp-json\/wp\/v2\/product"}],"about":[{"href":"https:\/\/nightriderleds.com\/fr\/wp-json\/wp\/v2\/types\/product"}],"wp:featuredmedia":[{"embeddable":true,"href":"https:\/\/nightriderleds.com\/fr\/wp-json\/wp\/v2\/media\/6504"}],"wp:attachment":[{"href":"https:\/\/nightriderleds.com\/fr\/wp-json\/wp\/v2\/media?parent=6522"}],"wp:term":[{"taxonomy":"product_brand","embeddable":true,"href":"https:\/\/nightriderleds.com\/fr\/wp-json\/wp\/v2\/product_brand?post=6522"},{"taxonomy":"product_cat","embeddable":true,"href":"https:\/\/nightriderleds.com\/fr\/wp-json\/wp\/v2\/product_cat?post=6522"},{"taxonomy":"product_tag","embeddable":true,"href":"https:\/\/nightriderleds.com\/fr\/wp-json\/wp\/v2\/product_tag?post=6522"}],"curies":[{"name":"wp","href":"https:\/\/api.w.org\/{rel}","templated":true}]}}