{"id":6489,"date":"2022-11-01T09:04:48","date_gmt":"2022-11-01T16:04:48","guid":{"rendered":"https:\/\/nightriderleds.com\/?post_type=product&#038;p=6489"},"modified":"2024-01-22T18:55:32","modified_gmt":"2024-01-23T02:55:32","slug":"6-safety-whip-with-internally-lit-pole","status":"publish","type":"product","link":"https:\/\/nightriderleds.com\/fr\/products\/automotive-equipment\/safety-signal-lights\/safety-whips\/internally-lit-pole\/6-safety-whip-with-internally-lit-pole\/","title":{"rendered":"Fouet de s\u00e9curit\u00e9 de 6\u2032 avec poteau \u00e9clair\u00e9 \u00e0 l'int\u00e9rieur"},"content":{"rendered":"<div id=\"wpsecol-7bfb37af-4d27-a8d4-c915-fcdcef66639f\" class=\"csRow\">\n<div class=\"csColumnGap\" style=\"margin: 0; padding: 0; float: left; width: 0%;\"><img decoding=\"async\" src=\"https:\/\/nightriderleds.com\/wp-content\/plugins\/wp-smart-editor\/plugins\/columns\/img\/1x1-pixel.png\" \/><\/div>\n<div class=\"csColumn\" style=\"margin: 0; padding: 0; float: left; width: 46.349557522123895%;\" data-posx0=\"0\" data-posx1=\"46.46017699115044\" data-padding=\"5\" data-responsive=\"1\">\n<div style=\"padding: 5px;\">\n<div class=\"preview_text csColumn_text\">\n<h3>Fouets de s\u00e9curit\u00e9 \u00e0 LED<\/h3>\n<h4>La visibilit\u00e9 passe \u00e0 la vitesse sup\u00e9rieure.<\/h4>\n<p>Les fouets de s\u00e9curit\u00e9 ont \u00e9t\u00e9 mis en place comme mesure de s\u00e9curit\u00e9, augmentant la visibilit\u00e9 des v\u00e9hicules sur les sites miniers, les routes de service tr\u00e8s fr\u00e9quent\u00e9es, etc.<\/p>\n<p>L'utilisation d'un poteau \u00e9clair\u00e9 \u00e0 l'int\u00e9rieur pour votre fouet de s\u00e9curit\u00e9 ne manquera pas de vous faire remarquer !<\/p>\n<p>Les fouets de s\u00e9curit\u00e9 avec p\u00f4les \u00e0 \u00e9clairage interne sont livr\u00e9s avec un faisceau de c\u00e2bles de 2 m\u00e8tres et un connecteur \u00e0 d\u00e9gagement rapide.<\/p>\n<p>&nbsp;<\/p>\n<\/div>\n<\/div>\n<\/div>\n<div class=\"csColumnGap\" style=\"margin: 0; padding: 0; float: left; width: 0.33185840707964603%;\"><img decoding=\"async\" src=\"https:\/\/nightriderleds.com\/wp-content\/plugins\/wp-smart-editor\/plugins\/columns\/img\/1x1-pixel.png\" \/><\/div>\n<div class=\"csColumn\" style=\"margin: 0; padding: 0; float: left; width: 52.98672566371682%;\" data-posx0=\"46.792035398230084\" data-posx1=\"99.88938053097345\" data-padding=\"5\" data-responsive=\"1\">\n<div style=\"padding: 5px;\">\n<div class=\"preview_text csColumn_text\">\n<p><img fetchpriority=\"high\" decoding=\"async\" class=\"alignnone wp-image-6390 size-medium\" src=\"https:\/\/nightriderleds.com\/wp-content\/uploads\/2022\/08\/Truck-with-Internally-Lit-Pole-Safety-Whip-544x340.jpg\" alt=\"\" width=\"544\" height=\"340\" srcset=\"https:\/\/nightriderleds.com\/wp-content\/uploads\/2022\/08\/Truck-with-Internally-Lit-Pole-Safety-Whip-544x340.jpg 544w, https:\/\/nightriderleds.com\/wp-content\/uploads\/2022\/08\/Truck-with-Internally-Lit-Pole-Safety-Whip-195x122.jpg 195w, https:\/\/nightriderleds.com\/wp-content\/uploads\/2022\/08\/Truck-with-Internally-Lit-Pole-Safety-Whip-768x480.jpg 768w, https:\/\/nightriderleds.com\/wp-content\/uploads\/2022\/08\/Truck-with-Internally-Lit-Pole-Safety-Whip.jpg 1088w\" sizes=\"(max-width: 544px) 100vw, 544px\" \/><\/p>\n<\/div>\n<\/div>\n<\/div>\n<div class=\"csColumnGap\" style=\"margin: 0; padding: 0; float: left; width: 0.3318584070796362%;\"><img decoding=\"async\" src=\"https:\/\/nightriderleds.com\/wp-content\/plugins\/wp-smart-editor\/plugins\/columns\/img\/1x1-pixel.png\" \/><\/div>\n<div style=\"clear: both; float: none; display: block; visibility: hidden; width: 0; font-size: 0; line-height: 0;\"><\/div>\n<\/div>\n<h3><\/h3>\n<div id=\"style-wpsecol-7bfb37af-4d27-a8d4-c915-fcdcef66639f\">\n<style><!-- @media (max-width: 768px) { #wpsecol-7bfb37af-4d27-a8d4-c915-fcdcef66639f .csColumn { display: block; width: 100% !important; } #wpsecol-7bfb37af-4d27-a8d4-c915-fcdcef66639f .csColumnGap { display: none; } } --><\/style>\n<\/div>","protected":false},"excerpt":{"rendered":"<p>Soyez vu : la perche \u00e9clair\u00e9e int\u00e9rieurement donne \u00e0 ce fouet de s\u00e9curit\u00e9 une visibilit\u00e9 encore plus grande !<\/p>\n<p>\u00c9galement disponible en longueurs de 4ft, 8ft et 10ft.<\/p>\n<p>&nbsp;<\/p>\n<p>&nbsp;<\/p>\n<p>&nbsp;<\/p>","protected":false},"featured_media":6484,"template":"","meta":[],"product_brand":[],"product_cat":[15,1842,1519,1534],"product_tag":[160,161,1792,1517,1603,1550],"class_list":{"0":"post-6489","1":"product","2":"type-product","3":"status-publish","4":"has-post-thumbnail","6":"product_cat-automotive-equipment","7":"product_cat-internally-lit-pole","8":"product_cat-safety-signal-lights","9":"product_cat-safety-whips","10":"product_tag-automotive","11":"product_tag-leds","12":"product_tag-lit-pole","13":"product_tag-safety","14":"product_tag-safety-whip","15":"product_tag-signal-light","17":"first","18":"instock","19":"shipping-taxable","20":"product-type-simple"},"_links":{"self":[{"href":"https:\/\/nightriderleds.com\/fr\/wp-json\/wp\/v2\/product\/6489","targetHints":{"allow":["GET"]}}],"collection":[{"href":"https:\/\/nightriderleds.com\/fr\/wp-json\/wp\/v2\/product"}],"about":[{"href":"https:\/\/nightriderleds.com\/fr\/wp-json\/wp\/v2\/types\/product"}],"wp:featuredmedia":[{"embeddable":true,"href":"https:\/\/nightriderleds.com\/fr\/wp-json\/wp\/v2\/media\/6484"}],"wp:attachment":[{"href":"https:\/\/nightriderleds.com\/fr\/wp-json\/wp\/v2\/media?parent=6489"}],"wp:term":[{"taxonomy":"product_brand","embeddable":true,"href":"https:\/\/nightriderleds.com\/fr\/wp-json\/wp\/v2\/product_brand?post=6489"},{"taxonomy":"product_cat","embeddable":true,"href":"https:\/\/nightriderleds.com\/fr\/wp-json\/wp\/v2\/product_cat?post=6489"},{"taxonomy":"product_tag","embeddable":true,"href":"https:\/\/nightriderleds.com\/fr\/wp-json\/wp\/v2\/product_tag?post=6489"}],"curies":[{"name":"wp","href":"https:\/\/api.w.org\/{rel}","templated":true}]}}