{"id":6469,"date":"2022-10-18T08:56:35","date_gmt":"2022-10-18T15:56:35","guid":{"rendered":"https:\/\/nightriderleds.com\/?post_type=product&#038;p=6469"},"modified":"2026-04-08T08:48:22","modified_gmt":"2026-04-08T15:48:22","slug":"sae-dot-snow-plow-light-kit","status":"publish","type":"product","link":"https:\/\/nightriderleds.com\/fr\/products\/automotive-equipment\/street-legal\/sae\/headlights-sae\/sae-dot-snow-plow-light-kit\/","title":{"rendered":"Kit de phares pour chasse-neige SAE\/DOT"},"content":{"rendered":"<div id=\"wpsecol-e896fa68-d752-aae0-f9d8-87942b103014\" class=\"csRow\">\n<div class=\"csColumnGap\" style=\"margin: 0; padding: 0; float: left; width: 0%;\"><img decoding=\"async\" src=\"https:\/\/nightriderleds.com\/wp-content\/plugins\/wp-smart-editor\/plugins\/columns\/img\/1x1-pixel.png\" \/><\/div>\n<div class=\"csColumn\" style=\"margin: 0; padding: 0; float: left; width: 49.22566371681416%;\" data-posx0=\"0\" data-posx1=\"49.336283185840706\" data-padding=\"5\" data-responsive=\"1\">\n<div style=\"padding: 5px;\">\n<div class=\"preview_text csColumn_text\">\n<h3>Certifi\u00e9 SAE\/DOT<\/h3>\n<p>Feux de route\/croisement complets avec clignotants et feux de jour int\u00e9gr\u00e9s. La conception sans bords, associ\u00e9e \u00e0 la lentille chauffante, emp\u00eachera la neige de s'accumuler. Les feux peuvent \u00eatre mont\u00e9s horizontalement ou verticalement.<\/p>\n<p>Le kit comprend des feux gauche et droit, des supports de montage et deux longueurs de c\u00e2blage \"queue de cochon\" avec un connecteur Deutsch \u00e0 6 broches se branchant \u00e0 l'arri\u00e8re de chaque feu. .<\/p>\n<\/div>\n<\/div>\n<\/div>\n<div class=\"csColumnGap\" style=\"margin: 0; padding: 0; float: left; width: 1.3274336283185841%;\"><img decoding=\"async\" src=\"https:\/\/nightriderleds.com\/wp-content\/plugins\/wp-smart-editor\/plugins\/columns\/img\/1x1-pixel.png\" \/><\/div>\n<div class=\"csColumn\" style=\"margin: 0; padding: 0; float: left; width: 49.22566371681416%;\" data-posx0=\"50.66371681415929\" data-posx1=\"100\" data-padding=\"5\" data-responsive=\"1\">\n<div style=\"padding: 5px;\">\n<div class=\"preview_text csColumn_text\">\n<p>&nbsp;<\/p>\n<p>&nbsp;<\/p>\n<\/div>\n<\/div>\n<\/div>\n<div class=\"csColumnGap\" style=\"margin: 0; padding: 0; float: left; width: 0.2212389380530908%;\"><img decoding=\"async\" src=\"https:\/\/nightriderleds.com\/wp-content\/plugins\/wp-smart-editor\/plugins\/columns\/img\/1x1-pixel.png\" \/><\/div>\n<div style=\"clear: both; float: none; display: block; visibility: hidden; width: 0; font-size: 0; line-height: 0;\"><\/div>\n<\/div>\n<h3><\/h3>\n<div id=\"style-wpsecol-e896fa68-d752-aae0-f9d8-87942b103014\">\n<style><!-- @media (max-width: 768px) { #wpsecol-e896fa68-d752-aae0-f9d8-87942b103014 .csColumn { display: block; width: 100% !important; } #wpsecol-e896fa68-d752-aae0-f9d8-87942b103014 .csColumnGap { display: none; } } --><\/style>\n<\/div>","protected":false},"excerpt":{"rendered":"<p>Ces feux ont tout ce dont vous aurez besoin : feux de route\/croisement, clignotant int\u00e9gr\u00e9, feux de jour et une lentille chauffante sans rebord pour emp\u00eacher la neige de s'y accrocher !<\/p>\n<p>Feux de croisement : 30 W - 2 400 lm bruts \/ 1 008 lm effectifs<\/p>\n<p>Feux de route : 30W - 3 000 lm bruts \/ 1 380 lm effectifs<\/p>\n<p>Vendu en kit.<\/p>\n<p>&nbsp;<\/p>\n<p><a href=\"https:\/\/nightriderleds.com\/wp-content\/uploads\/2025\/10\/Snow-Plow-Wiring-Instruction-Sheet-for-inside-Box-ENGFRENCH-Updated.pdf\" target=\"_blank\" rel=\"noopener\"><strong>T\u00e9l\u00e9charger les instructions de c\u00e2blage et d'installation (anglais et fran\u00e7ais)<\/strong><\/a><\/p>\n<p>&nbsp;<\/p>\n<div id=\"style-btn-877f2f8f-5011-96c8-1f40-48752a8d0a97\">\n<style class=\"style-btn\"><!-- #btn-877f2f8f-5011-96c8-1f40-48752a8d0a97 {font-size: 14px;color: #ffffff;background: #0e83cd;padding-left: 12px;padding-top: 6px;padding-right: 12px;padding-bottom: 6px;border-radius: 0px;-moz-border-radius: 0px;-webkit-border-radius: 0px;border-color: #357ebd;border-width: 1px;} #btn-877f2f8f-5011-96c8-1f40-48752a8d0a97:hover {background: #1990f9;color: #ffffff;box-shadow: 3px 3px 3px 0px #bababa;-moz-box-shadow: 3px 3px 3px 0px #bababa;-webkit-box-shadow: 3px 3px 3px 0px #bababa;} --><\/style>\n<\/div>","protected":false},"featured_media":6472,"template":"","meta":[],"product_brand":[],"product_cat":[15,1844,25,18],"product_tag":[160,1108,161,100,99,1633,23],"class_list":{"0":"post-6469","1":"product","2":"type-product","3":"status-publish","4":"has-post-thumbnail","6":"product_cat-automotive-equipment","7":"product_cat-headlights-sae","8":"product_cat-sae","9":"product_cat-street-legal","10":"product_tag-automotive","11":"product_tag-heated-lens","12":"product_tag-leds","13":"product_tag-nightdriver","14":"product_tag-sae","15":"product_tag-snow-plow","16":"product_tag-street-legal","18":"first","19":"instock","20":"shipping-taxable","21":"product-type-simple"},"_links":{"self":[{"href":"https:\/\/nightriderleds.com\/fr\/wp-json\/wp\/v2\/product\/6469","targetHints":{"allow":["GET"]}}],"collection":[{"href":"https:\/\/nightriderleds.com\/fr\/wp-json\/wp\/v2\/product"}],"about":[{"href":"https:\/\/nightriderleds.com\/fr\/wp-json\/wp\/v2\/types\/product"}],"wp:featuredmedia":[{"embeddable":true,"href":"https:\/\/nightriderleds.com\/fr\/wp-json\/wp\/v2\/media\/6472"}],"wp:attachment":[{"href":"https:\/\/nightriderleds.com\/fr\/wp-json\/wp\/v2\/media?parent=6469"}],"wp:term":[{"taxonomy":"product_brand","embeddable":true,"href":"https:\/\/nightriderleds.com\/fr\/wp-json\/wp\/v2\/product_brand?post=6469"},{"taxonomy":"product_cat","embeddable":true,"href":"https:\/\/nightriderleds.com\/fr\/wp-json\/wp\/v2\/product_cat?post=6469"},{"taxonomy":"product_tag","embeddable":true,"href":"https:\/\/nightriderleds.com\/fr\/wp-json\/wp\/v2\/product_tag?post=6469"}],"curies":[{"name":"wp","href":"https:\/\/api.w.org\/{rel}","templated":true}]}}