{"id":6454,"date":"2022-10-17T12:50:48","date_gmt":"2022-10-17T19:50:48","guid":{"rendered":"https:\/\/nightriderleds.com\/?post_type=product&#038;p=6454"},"modified":"2026-04-15T08:20:13","modified_gmt":"2026-04-15T15:20:13","slug":"nightfire-2000z-headlamp","status":"publish","type":"product","link":"https:\/\/nightriderleds.com\/fr\/products\/portable-lighting\/flashlights-headlamps\/nightfire-2000z-headlamp\/","title":{"rendered":"Lampe frontale NightFire\u00ae 2000Z"},"content":{"rendered":"<div id=\"wpsecol-7bfb37af-4d27-a8d4-c915-fcdcef66639f\" class=\"csRow\">\n<div class=\"csColumnGap\" style=\"margin: 0; padding: 0; float: left; width: 0%;\"><img decoding=\"async\" src=\"https:\/\/nightriderleds.com\/wp-content\/plugins\/wp-smart-editor\/plugins\/columns\/img\/1x1-pixel.png\" \/><\/div>\n<div class=\"csColumn\" style=\"margin: 0; padding: 0; float: left; width: 46.349557522123895%;\" data-posx0=\"0\" data-posx1=\"46.46017699115044\" data-padding=\"5\" data-responsive=\"1\">\n<div style=\"padding: 5px;\">\n<div class=\"preview_text csColumn_text\">\n<h3>Lampe frontale NightFire\u00ae 2000Z<\/h3>\n<h3><span style=\"font-size: medium;\">Haute intensit\u00e9, l\u00e9g\u00e8ret\u00e9 et zoom puissant<\/span><\/h3>\n<p>La lampe frontale NightFire\u00ae 2000Z est construite autour d'une puce LED P90 haute puissance. Son faisceau peut \u00eatre ajust\u00e9 \u00e0 90\u00ba, allant de la ligne droite vers l'avant \u00e0 la ligne droite vers le sol lorsque l'on porte la lampe. Les deux batteries 18650 2000mAh peuvent \u00eatre recharg\u00e9es \u00e0 l'int\u00e9rieur de l'\u00e9tui pour plus de commodit\u00e9.<\/p>\n<p>Choisissez parmi 5 modes d'\u00e9clairage : Faible, moyen, \u00e9lev\u00e9, stroboscopique, SOS. Passez d'un mode \u00e0 l'autre en appuyant sur le bouton \u2018On\u2019.<\/p>\n<\/div>\n<p>Livr\u00e9 avec deux batteries rechargeables et un c\u00e2ble de charge USB Type-C.<\/p>\n<p>Remarque : cette lampe frontale utilise une batterie Li-ion 18650 haute puissance. NightRider\u2122 LEDS n'est pas responsable de l'utilisation de ces batteries et ne sera pas responsable des dommages ou blessures r\u00e9sultant de l'utilisation de ce produit.\u00a0<em>Utilisation \u00e0 vos risques et p\u00e9rils.<\/em><\/p>\n<div class=\"preview_text csColumn_text\">\n<p>&nbsp;<\/p>\n<p>&nbsp;<\/p>\n<\/div>\n<\/div>\n<\/div>\n<div class=\"csColumnGap\" style=\"margin: 0; padding: 0; float: left; width: 0.33185840707964603%;\"><img decoding=\"async\" src=\"https:\/\/nightriderleds.com\/wp-content\/plugins\/wp-smart-editor\/plugins\/columns\/img\/1x1-pixel.png\" \/><\/div>\n<div><\/div>\n<div class=\"csColumn\" style=\"margin: 0; padding: 0; float: left; width: 52.98672566371682%;\" data-posx0=\"46.792035398230084\" data-posx1=\"99.88938053097345\" data-padding=\"5\" data-responsive=\"1\">\n<div style=\"padding: 5px;\">\n<div class=\"preview_text csColumn_text\">\n<p><img fetchpriority=\"high\" decoding=\"async\" class=\"wp-image-3283 size-medium\" src=\"https:\/\/nightriderleds.com\/wp-content\/uploads\/2018\/12\/Jamie-with-Flat-Tire-544x340.jpg\" alt=\"NFH800Z in use\" width=\"544\" height=\"340\" srcset=\"https:\/\/nightriderleds.com\/wp-content\/uploads\/2018\/12\/Jamie-with-Flat-Tire-544x340.jpg 544w, https:\/\/nightriderleds.com\/wp-content\/uploads\/2018\/12\/Jamie-with-Flat-Tire-195x122.jpg 195w, https:\/\/nightriderleds.com\/wp-content\/uploads\/2018\/12\/Jamie-with-Flat-Tire-768x480.jpg 768w, https:\/\/nightriderleds.com\/wp-content\/uploads\/2018\/12\/Jamie-with-Flat-Tire.jpg 1088w, https:\/\/nightriderleds.com\/wp-content\/uploads\/2018\/12\/Jamie-with-Flat-Tire-680x425.jpg 680w, https:\/\/nightriderleds.com\/wp-content\/uploads\/2018\/12\/Jamie-with-Flat-Tire-272x170.jpg 272w\" sizes=\"(max-width: 544px) 100vw, 544px\" \/><\/p>\n<\/div>\n<\/div>\n<\/div>\n<div class=\"csColumnGap\" style=\"margin: 0; padding: 0; float: left; width: 0.3318584070796362%;\"><img decoding=\"async\" src=\"https:\/\/nightriderleds.com\/wp-content\/plugins\/wp-smart-editor\/plugins\/columns\/img\/1x1-pixel.png\" \/><\/div>\n<div style=\"clear: both; float: none; display: block; visibility: hidden; width: 0; font-size: 0; line-height: 0;\"><\/div>\n<\/div>\n<h3><\/h3>\n<div id=\"style-wpsecol-7bfb37af-4d27-a8d4-c915-fcdcef66639f\">\n<style><!-- @media (max-width: 768px) { #wpsecol-7bfb37af-4d27-a8d4-c915-fcdcef66639f .csColumn { display: block; width: 100% !important; } #wpsecol-7bfb37af-4d27-a8d4-c915-fcdcef66639f .csColumnGap { display: none; } } --><\/style>\n<\/div>","protected":false},"excerpt":{"rendered":"<p>Lampe frontale puissante, l\u00e9g\u00e8re et durable, avec zoom \u00e0 grande port\u00e9e. \u00c9clairage mains libres partout o\u00f9 cela est n\u00e9cessaire.<\/p>\n<p>Choisissez parmi 5 modes d'\u00e9clairage diff\u00e9rents : Faible, moyen, \u00e9lev\u00e9, stroboscopique, SOS<\/p>\n<p>Livr\u00e9 avec 2 batteries rechargeables au lithium 18650 2000mAh et un cordon de charge USB de type C.<\/p>\n<p><a href=\"https:\/\/nightriderleds.com\/wp-content\/uploads\/2024\/11\/NFH2000Z-Instruction-Manual-For-Website.pdf\" target=\"_blank\" rel=\"noopener\">T\u00e9l\u00e9charger le guide de l'utilisateur<\/a><\/p>\n<p class=\"p1\"><a href=\"https:\/\/nightriderleds.com\/wp-content\/uploads\/2026\/03\/NFH2000Z-Instruction-Manual-French-Only-for-Website.pdf\" target=\"_blank\" rel=\"noopener\">T\u00e9l\u00e9charger le guide d\u2019installation (fran\u00e7ais)<\/a><\/p>\n<p>&nbsp;<\/p>","protected":false},"featured_media":6452,"template":"","meta":[],"product_brand":[],"product_cat":[1232,1231],"product_tag":[543,445,161,544],"class_list":{"0":"post-6454","1":"product","2":"type-product","3":"status-publish","4":"has-post-thumbnail","6":"product_cat-flashlights-headlamps","7":"product_cat-portable-lighting","8":"product_tag-flashlight","9":"product_tag-headlamp","10":"product_tag-leds","11":"product_tag-nightfire","13":"first","14":"instock","15":"shipping-taxable","16":"product-type-simple"},"_links":{"self":[{"href":"https:\/\/nightriderleds.com\/fr\/wp-json\/wp\/v2\/product\/6454","targetHints":{"allow":["GET"]}}],"collection":[{"href":"https:\/\/nightriderleds.com\/fr\/wp-json\/wp\/v2\/product"}],"about":[{"href":"https:\/\/nightriderleds.com\/fr\/wp-json\/wp\/v2\/types\/product"}],"wp:featuredmedia":[{"embeddable":true,"href":"https:\/\/nightriderleds.com\/fr\/wp-json\/wp\/v2\/media\/6452"}],"wp:attachment":[{"href":"https:\/\/nightriderleds.com\/fr\/wp-json\/wp\/v2\/media?parent=6454"}],"wp:term":[{"taxonomy":"product_brand","embeddable":true,"href":"https:\/\/nightriderleds.com\/fr\/wp-json\/wp\/v2\/product_brand?post=6454"},{"taxonomy":"product_cat","embeddable":true,"href":"https:\/\/nightriderleds.com\/fr\/wp-json\/wp\/v2\/product_cat?post=6454"},{"taxonomy":"product_tag","embeddable":true,"href":"https:\/\/nightriderleds.com\/fr\/wp-json\/wp\/v2\/product_tag?post=6454"}],"curies":[{"name":"wp","href":"https:\/\/api.w.org\/{rel}","templated":true}]}}