{"id":6443,"date":"2022-10-17T09:40:57","date_gmt":"2022-10-17T16:40:57","guid":{"rendered":"https:\/\/nightriderleds.com\/?post_type=product&#038;p=6443"},"modified":"2026-04-15T08:38:05","modified_gmt":"2026-04-15T15:38:05","slug":"multifunction-camping-lantern","status":"publish","type":"product","link":"https:\/\/nightriderleds.com\/fr\/products\/portable-lighting\/flashlights-headlamps\/multifunction-camping-lantern\/","title":{"rendered":"Lanterne de camping multifonction"},"content":{"rendered":"<div id=\"wpsecol-7bfb37af-4d27-a8d4-c915-fcdcef66639f\" class=\"csRow\">\n<div class=\"csColumnGap\" style=\"margin: 0; padding: 0; float: left; width: 0%;\"><img decoding=\"async\" src=\"https:\/\/nightriderleds.com\/wp-content\/plugins\/wp-smart-editor\/plugins\/columns\/img\/1x1-pixel.png\" \/><\/div>\n<div class=\"csColumn\" style=\"margin: 0; padding: 0; float: left; width: 46.349557522123895%;\" data-posx0=\"0\" data-posx1=\"46.46017699115044\" data-padding=\"5\" data-responsive=\"1\">\n<div style=\"padding: 5px;\">\n<div class=\"preview_text csColumn_text\">\n<h3>Lampe de poche. Lanterne. Zappeur de moustiques.<\/h3>\n<h4>Compact, rechargeable et facile \u00e0 utiliser<\/h4>\n<p>Cette lanterne NightFire\u00ae est le compagnon id\u00e9al \u00e0 emporter lors de votre prochain voyage en camping. Non seulement elle est \u00e9quip\u00e9e d'une puissante lampe de poche, mais elle contient \u00e9galement une lumi\u00e8re ultraviolette dans sa partie sup\u00e9rieure extensible pour vous aider \u00e0 vous d\u00e9barrasser des moustiques nuisibles afin que vous puissiez profiter du plein air !<\/p>\n<p>Choisissez parmi les modes d'\u00e9clairage suivants :\u00a0<strong>Lampe de poche :<\/strong> Haut \/ bas \/ stroboscopique \u00a0 <strong>Lanterne :<\/strong> Haut \/ Bas<\/p>\n<p>La lanterne est \u00e9quip\u00e9e d'un port Micro USB \u00e9tanche pour une recharge facile. Un c\u00e2ble de recharge et une brosse de nettoyage pour la lumi\u00e8re UV sont inclus.<\/p>\n<p>&nbsp;<\/p>\n<\/div>\n<\/div>\n<\/div>\n<div class=\"csColumnGap\" style=\"margin: 0; padding: 0; float: left; width: 0.33185840707964603%;\"><img decoding=\"async\" src=\"https:\/\/nightriderleds.com\/wp-content\/plugins\/wp-smart-editor\/plugins\/columns\/img\/1x1-pixel.png\" \/><\/div>\n<div class=\"csColumn\" style=\"margin: 0; padding: 0; float: left; width: 52.98672566371682%;\" data-posx0=\"46.792035398230084\" data-posx1=\"99.88938053097345\" data-padding=\"5\" data-responsive=\"1\">\n<div style=\"padding: 5px;\">\n<div class=\"preview_text csColumn_text\">\n<p><img fetchpriority=\"high\" decoding=\"async\" class=\"alignnone wp-image-6447 size-medium\" src=\"https:\/\/nightriderleds.com\/wp-content\/uploads\/2022\/10\/NFL500-with-Camping-Background-544x340.jpg\" alt=\"\" width=\"544\" height=\"340\" srcset=\"https:\/\/nightriderleds.com\/wp-content\/uploads\/2022\/10\/NFL500-with-Camping-Background-544x340.jpg 544w, https:\/\/nightriderleds.com\/wp-content\/uploads\/2022\/10\/NFL500-with-Camping-Background-195x122.jpg 195w, https:\/\/nightriderleds.com\/wp-content\/uploads\/2022\/10\/NFL500-with-Camping-Background-768x480.jpg 768w, https:\/\/nightriderleds.com\/wp-content\/uploads\/2022\/10\/NFL500-with-Camping-Background.jpg 1088w\" sizes=\"(max-width: 544px) 100vw, 544px\" \/><\/p>\n<\/div>\n<\/div>\n<\/div>\n<div class=\"csColumnGap\" style=\"margin: 0; padding: 0; float: left; width: 0.3318584070796362%;\"><img decoding=\"async\" src=\"https:\/\/nightriderleds.com\/wp-content\/plugins\/wp-smart-editor\/plugins\/columns\/img\/1x1-pixel.png\" \/><\/div>\n<div style=\"clear: both; float: none; display: block; visibility: hidden; width: 0; font-size: 0; line-height: 0;\"><\/div>\n<\/div>\n<h3><\/h3>\n<div id=\"style-wpsecol-7bfb37af-4d27-a8d4-c915-fcdcef66639f\">\n<style><!-- @media (max-width: 768px) { #wpsecol-7bfb37af-4d27-a8d4-c915-fcdcef66639f .csColumn { display: block; width: 100% !important; } #wpsecol-7bfb37af-4d27-a8d4-c915-fcdcef66639f .csColumnGap { display: none; } } --><\/style>\n<\/div>","protected":false},"excerpt":{"rendered":"<p>Une lampe de poche, une lanterne et un destructeur de moustiques dans un seul ensemble compact !<\/p>\n<p>La batterie lithium rechargeable int\u00e9gr\u00e9e offre jusqu'\u00e0 5 heures d'autonomie.<\/p>\n<p>Livr\u00e9 avec un c\u00e2ble de chargement USB et une brosse de nettoyage.<\/p>\n<p><a href=\"https:\/\/nightriderleds.com\/wp-content\/uploads\/2022\/12\/NFL500-Manual-for-Website-in-English.pdf\" target=\"_blank\" rel=\"noopener\">T\u00e9l\u00e9charger le guide de l'utilisateur<\/a><\/p>\n<p class=\"p1\"><a href=\"https:\/\/nightriderleds.com\/wp-content\/uploads\/2026\/03\/NFL500-Instruction-Manual-For-Website-FRENCH.pdf\" target=\"_blank\" rel=\"noopener\">T\u00e9l\u00e9charger le guide d\u2019installation (fran\u00e7ais)<\/a><\/p>\n<p>&nbsp;<\/p>\n<p>&nbsp;<\/p>\n<p>&nbsp;<\/p>","protected":false},"featured_media":6448,"template":"","meta":[],"product_brand":[],"product_cat":[1232,1231],"product_tag":[543,1269,161,544,1677],"class_list":{"0":"post-6443","1":"product","2":"type-product","3":"status-publish","4":"has-post-thumbnail","6":"product_cat-flashlights-headlamps","7":"product_cat-portable-lighting","8":"product_tag-flashlight","9":"product_tag-lantern","10":"product_tag-leds","11":"product_tag-nightfire","12":"product_tag-ultraviolet","14":"first","15":"instock","16":"shipping-taxable","17":"product-type-simple"},"_links":{"self":[{"href":"https:\/\/nightriderleds.com\/fr\/wp-json\/wp\/v2\/product\/6443","targetHints":{"allow":["GET"]}}],"collection":[{"href":"https:\/\/nightriderleds.com\/fr\/wp-json\/wp\/v2\/product"}],"about":[{"href":"https:\/\/nightriderleds.com\/fr\/wp-json\/wp\/v2\/types\/product"}],"wp:featuredmedia":[{"embeddable":true,"href":"https:\/\/nightriderleds.com\/fr\/wp-json\/wp\/v2\/media\/6448"}],"wp:attachment":[{"href":"https:\/\/nightriderleds.com\/fr\/wp-json\/wp\/v2\/media?parent=6443"}],"wp:term":[{"taxonomy":"product_brand","embeddable":true,"href":"https:\/\/nightriderleds.com\/fr\/wp-json\/wp\/v2\/product_brand?post=6443"},{"taxonomy":"product_cat","embeddable":true,"href":"https:\/\/nightriderleds.com\/fr\/wp-json\/wp\/v2\/product_cat?post=6443"},{"taxonomy":"product_tag","embeddable":true,"href":"https:\/\/nightriderleds.com\/fr\/wp-json\/wp\/v2\/product_tag?post=6443"}],"curies":[{"name":"wp","href":"https:\/\/api.w.org\/{rel}","templated":true}]}}