{"id":6433,"date":"2022-10-12T16:18:19","date_gmt":"2022-10-12T23:18:19","guid":{"rendered":"https:\/\/nightriderleds.com\/?post_type=product&#038;p=6433"},"modified":"2026-03-30T13:43:05","modified_gmt":"2026-03-30T20:43:05","slug":"universal-8-gang-switch-panel","status":"publish","type":"product","link":"https:\/\/nightriderleds.com\/fr\/products\/accessories\/wiring\/universal-8-gang-switch-panel\/","title":{"rendered":"Panneau de commande 8 gang"},"content":{"rendered":"<div id=\"wpsecol-7bfb37af-4d27-a8d4-c915-fcdcef66639f\" class=\"csRow\">\n<div class=\"csColumnGap\" style=\"margin: 0; padding: 0; float: left; width: 0%;\"><img decoding=\"async\" src=\"https:\/\/nightriderleds.com\/wp-content\/plugins\/wp-smart-editor\/plugins\/columns\/img\/1x1-pixel.png\" \/><\/div>\n<div class=\"csColumn\" style=\"margin: 0; padding: 0; float: left; width: 46.349557522123895%;\" data-posx0=\"0\" data-posx1=\"46.46017699115044\" data-padding=\"5\" data-responsive=\"1\">\n<div style=\"padding: 5px;\">\n<div class=\"preview_text csColumn_text\">\n<h3>Contr\u00f4lez jusqu'\u00e0 8 ensembles de lampes LED<\/h3>\n<h4>\u00c9liminez le c\u00e2blage d\u00e9sordonn\u00e9.<\/h4>\n<p>Ce kit universel, dot\u00e9 d'un panneau de commande personnalisable et d'un bouton central marche\/arr\u00eat, facilite le contr\u00f4le de votre \u00e9clairage suppl\u00e9mentaire ou d'autres accessoires. Le kit compact est livr\u00e9 avec tout ce dont vous avez besoin (c\u00e2blage, mat\u00e9riel, fusibles, etc.) et est facile \u00e0 installer. Pas de c\u00e2blage compliqu\u00e9 ni de gros trou \u00e0 faire dans votre v\u00e9hicule.<\/p>\n<p>Le panneau de contr\u00f4le est livr\u00e9 avec une feuille de 50 \u00e9tiquettes autocollantes afin que vous puissiez le personnaliser \u00e0 votre guise. La luminosit\u00e9 du r\u00e9tro-\u00e9clairage vert du panneau est \u00e9galement r\u00e9glable.<\/p>\n<p>&nbsp;<\/p>\n<\/div>\n<div class=\"preview_text csColumn_text\">\n<p>&nbsp;<\/p>\n<p>&nbsp;<\/p>\n<\/div>\n<\/div>\n<\/div>\n<div class=\"csColumnGap\" style=\"margin: 0; padding: 0; float: left; width: 0.33185840707964603%;\"><img decoding=\"async\" src=\"https:\/\/nightriderleds.com\/wp-content\/plugins\/wp-smart-editor\/plugins\/columns\/img\/1x1-pixel.png\" \/><\/div>\n<div class=\"csColumn\" style=\"margin: 0; padding: 0; float: left; width: 52.98672566371682%;\" data-posx0=\"46.792035398230084\" data-posx1=\"99.88938053097345\" data-padding=\"5\" data-responsive=\"1\">\n<div style=\"padding: 5px;\">\n<div class=\"preview_text csColumn_text\">\n<p><img fetchpriority=\"high\" decoding=\"async\" class=\"alignnone wp-image-6434 size-medium\" src=\"https:\/\/nightriderleds.com\/wp-content\/uploads\/2022\/10\/NR-Jeep-with-Lights-On-544x340.jpg\" alt=\"\" width=\"544\" height=\"340\" srcset=\"https:\/\/nightriderleds.com\/wp-content\/uploads\/2022\/10\/NR-Jeep-with-Lights-On-544x340.jpg 544w, https:\/\/nightriderleds.com\/wp-content\/uploads\/2022\/10\/NR-Jeep-with-Lights-On-195x122.jpg 195w, https:\/\/nightriderleds.com\/wp-content\/uploads\/2022\/10\/NR-Jeep-with-Lights-On-768x480.jpg 768w, https:\/\/nightriderleds.com\/wp-content\/uploads\/2022\/10\/NR-Jeep-with-Lights-On.jpg 1088w\" sizes=\"(max-width: 544px) 100vw, 544px\" \/><\/p>\n<\/div>\n<\/div>\n<\/div>\n<div class=\"csColumnGap\" style=\"margin: 0; padding: 0; float: left; width: 0.3318584070796362%;\"><img decoding=\"async\" src=\"https:\/\/nightriderleds.com\/wp-content\/plugins\/wp-smart-editor\/plugins\/columns\/img\/1x1-pixel.png\" \/><\/div>\n<div style=\"clear: both; float: none; display: block; visibility: hidden; width: 0; font-size: 0; line-height: 0;\"><\/div>\n<\/div>\n<h3><\/h3>\n<div id=\"style-wpsecol-7bfb37af-4d27-a8d4-c915-fcdcef66639f\">\n<style><!-- @media (max-width: 768px) { #wpsecol-7bfb37af-4d27-a8d4-c915-fcdcef66639f .csColumn { display: block; width: 100% !important; } #wpsecol-7bfb37af-4d27-a8d4-c915-fcdcef66639f .csColumnGap { display: none; } } --><\/style>\n<\/div>","protected":false},"excerpt":{"rendered":"<p>Contr\u00f4lez jusqu'\u00e0 8 ensembles de lamps LED et d'accessoires et et dites adieu aux c\u00e2bles emm\u00eal\u00e9s !<\/p>\n<p>Le kit est livr\u00e9 complet avec les supports de montage, le c\u00e2blage, des autocollants personnalisables, des fusibles suppl\u00e9mentaires et plus encore.<\/p>\n<p>Compact et facile \u00e0 installer.<\/p>\n<p>&nbsp;<\/p>\n<p><a href=\"https:\/\/nightriderleds.com\/wp-content\/uploads\/2026\/03\/NWSB-8-Instruction-Manual-English-New-Logo-V2.pdf\" target=\"_blank\" rel=\"noopener\">T\u00e9l\u00e9charger le guide d'installation<\/a><\/p>\n<p class=\"p1\"><a href=\"https:\/\/nightriderleds.com\/wp-content\/uploads\/2026\/03\/NWSB-8-Instruction-Manual-FRENCH-New-Logo-V2-CURVES.pdf\">T\u00e9l\u00e9charger le guide d\u2019installation (fran\u00e7ais)<\/a><\/p>\n<p>&nbsp;<\/p>\n<p>&nbsp;<\/p>\n<p>&nbsp;<\/p>","protected":false},"featured_media":9100,"template":"","meta":[],"product_brand":[],"product_cat":[129,15,131],"product_tag":[160,1617,161,1616,1615,647],"class_list":{"0":"post-6433","1":"product","2":"type-product","3":"status-publish","4":"has-post-thumbnail","6":"product_cat-accessories","7":"product_cat-automotive-equipment","8":"product_cat-wiring","9":"product_tag-automotive","10":"product_tag-gang-switch","11":"product_tag-leds","12":"product_tag-switch-board","13":"product_tag-switch-panel","14":"product_tag-wiring","16":"first","17":"instock","18":"shipping-taxable","19":"product-type-simple"},"_links":{"self":[{"href":"https:\/\/nightriderleds.com\/fr\/wp-json\/wp\/v2\/product\/6433","targetHints":{"allow":["GET"]}}],"collection":[{"href":"https:\/\/nightriderleds.com\/fr\/wp-json\/wp\/v2\/product"}],"about":[{"href":"https:\/\/nightriderleds.com\/fr\/wp-json\/wp\/v2\/types\/product"}],"wp:featuredmedia":[{"embeddable":true,"href":"https:\/\/nightriderleds.com\/fr\/wp-json\/wp\/v2\/media\/9100"}],"wp:attachment":[{"href":"https:\/\/nightriderleds.com\/fr\/wp-json\/wp\/v2\/media?parent=6433"}],"wp:term":[{"taxonomy":"product_brand","embeddable":true,"href":"https:\/\/nightriderleds.com\/fr\/wp-json\/wp\/v2\/product_brand?post=6433"},{"taxonomy":"product_cat","embeddable":true,"href":"https:\/\/nightriderleds.com\/fr\/wp-json\/wp\/v2\/product_cat?post=6433"},{"taxonomy":"product_tag","embeddable":true,"href":"https:\/\/nightriderleds.com\/fr\/wp-json\/wp\/v2\/product_tag?post=6433"}],"curies":[{"name":"wp","href":"https:\/\/api.w.org\/{rel}","templated":true}]}}