{"id":6402,"date":"2022-09-01T13:27:54","date_gmt":"2022-09-01T20:27:54","guid":{"rendered":"https:\/\/nightriderleds.com\/?post_type=product&#038;p=6402"},"modified":"2024-01-22T18:56:02","modified_gmt":"2024-01-23T02:56:02","slug":"4-safety-whip-with-removable-led-top-light","status":"publish","type":"product","link":"https:\/\/nightriderleds.com\/fr\/products\/automotive-equipment\/safety-signal-lights\/safety-whips\/removable-top-light\/4-safety-whip-with-removable-led-top-light\/","title":{"rendered":"Fouet de s\u00e9curit\u00e9 4\u2032 avec \u00e9clairage sup\u00e9rieur LED amovible"},"content":{"rendered":"<div id=\"wpsecol-7bfb37af-4d27-a8d4-c915-fcdcef66639f\" class=\"csRow\">\n<div class=\"csColumnGap\" style=\"margin: 0; padding: 0; float: left; width: 0%;\"><img decoding=\"async\" src=\"https:\/\/nightriderleds.com\/wp-content\/plugins\/wp-smart-editor\/plugins\/columns\/img\/1x1-pixel.png\" \/><\/div>\n<div class=\"csColumn\" style=\"margin: 0; padding: 0; float: left; width: 46.349557522123895%;\" data-posx0=\"0\" data-posx1=\"46.46017699115044\" data-padding=\"5\" data-responsive=\"1\">\n<div style=\"padding: 5px;\">\n<div class=\"preview_text csColumn_text\">\n<h3>Fouets de s\u00e9curit\u00e9 \u00e0 LED<\/h3>\n<h4>La visibilit\u00e9 passe \u00e0 la vitesse sup\u00e9rieure.<\/h4>\n<p>Les fouets de s\u00e9curit\u00e9 ont \u00e9t\u00e9 mis en place comme mesure de s\u00e9curit\u00e9, augmentant la visibilit\u00e9 des v\u00e9hicules sur les sites miniers, les routes de service tr\u00e8s fr\u00e9quent\u00e9es, etc.<\/p>\n<p>L'ajout d'une lumi\u00e8re LED au sommet augmente encore la visibilit\u00e9.<\/p>\n<p>Lumi\u00e8re sup\u00e9rieure amovible Les fouets de s\u00e9curit\u00e9 sont \u00e9quip\u00e9s d'une base hexagonale, d'une fixation \u00e0 ressort robuste, d'un connecteur rapide DC et d'un c\u00e2ble de 50 cm.<\/p>\n<p>&nbsp;<\/p>\n<\/div>\n<\/div>\n<\/div>\n<div class=\"csColumnGap\" style=\"margin: 0; padding: 0; float: left; width: 0.33185840707964603%;\"><img decoding=\"async\" src=\"https:\/\/nightriderleds.com\/wp-content\/plugins\/wp-smart-editor\/plugins\/columns\/img\/1x1-pixel.png\" \/><\/div>\n<div class=\"csColumn\" style=\"margin: 0; padding: 0; float: left; width: 52.98672566371682%;\" data-posx0=\"46.792035398230084\" data-posx1=\"99.88938053097345\" data-padding=\"5\" data-responsive=\"1\">\n<div style=\"padding: 5px;\">\n<div class=\"preview_text csColumn_text\">\n<p><img fetchpriority=\"high\" decoding=\"async\" class=\"wp-image-6391 size-medium\" src=\"https:\/\/nightriderleds.com\/wp-content\/uploads\/2022\/08\/Pickup-Truck-with-Top-Light-Safety-Whip-544x340.jpg\" alt=\"Pickup Truck with Top Light Safety Whip\" width=\"544\" height=\"340\" srcset=\"https:\/\/nightriderleds.com\/wp-content\/uploads\/2022\/08\/Pickup-Truck-with-Top-Light-Safety-Whip-544x340.jpg 544w, https:\/\/nightriderleds.com\/wp-content\/uploads\/2022\/08\/Pickup-Truck-with-Top-Light-Safety-Whip-195x122.jpg 195w, https:\/\/nightriderleds.com\/wp-content\/uploads\/2022\/08\/Pickup-Truck-with-Top-Light-Safety-Whip-768x480.jpg 768w, https:\/\/nightriderleds.com\/wp-content\/uploads\/2022\/08\/Pickup-Truck-with-Top-Light-Safety-Whip.jpg 1088w\" sizes=\"(max-width: 544px) 100vw, 544px\" \/><\/p>\n<\/div>\n<\/div>\n<\/div>\n<div class=\"csColumnGap\" style=\"margin: 0; padding: 0; float: left; width: 0.3318584070796362%;\"><img decoding=\"async\" src=\"https:\/\/nightriderleds.com\/wp-content\/plugins\/wp-smart-editor\/plugins\/columns\/img\/1x1-pixel.png\" \/><\/div>\n<div style=\"clear: both; float: none; display: block; visibility: hidden; width: 0; font-size: 0; line-height: 0;\"><\/div>\n<\/div>\n<h3><\/h3>\n<div id=\"style-wpsecol-7bfb37af-4d27-a8d4-c915-fcdcef66639f\">\n<style><!-- @media (max-width: 768px) { #wpsecol-7bfb37af-4d27-a8d4-c915-fcdcef66639f .csColumn { display: block; width: 100% !important; } #wpsecol-7bfb37af-4d27-a8d4-c915-fcdcef66639f .csColumnGap { display: none; } } --><\/style>\n<\/div>","protected":false},"excerpt":{"rendered":"<p>L'\u00e9clairage sup\u00e9rieur LED ambre amovible am\u00e9liore consid\u00e9rablement la visibilit\u00e9 de ce fouet de s\u00e9curit\u00e9 !<\/p>\n<p>\u00c9galement disponible en longueurs de 6ft, 8ft et 10ft.<\/p>\n<p>&nbsp;<\/p>\n<p>&nbsp;<\/p>\n<p>&nbsp;<\/p>","protected":false},"featured_media":6481,"template":"","meta":[],"product_brand":[],"product_cat":[15,1843,1519,1534],"product_tag":[160,161,1517,1603,1604],"class_list":{"0":"post-6402","1":"product","2":"type-product","3":"status-publish","4":"has-post-thumbnail","6":"product_cat-automotive-equipment","7":"product_cat-removable-top-light","8":"product_cat-safety-signal-lights","9":"product_cat-safety-whips","10":"product_tag-automotive","11":"product_tag-leds","12":"product_tag-safety","13":"product_tag-safety-whip","14":"product_tag-top-light","16":"first","17":"instock","18":"shipping-taxable","19":"product-type-simple"},"_links":{"self":[{"href":"https:\/\/nightriderleds.com\/fr\/wp-json\/wp\/v2\/product\/6402","targetHints":{"allow":["GET"]}}],"collection":[{"href":"https:\/\/nightriderleds.com\/fr\/wp-json\/wp\/v2\/product"}],"about":[{"href":"https:\/\/nightriderleds.com\/fr\/wp-json\/wp\/v2\/types\/product"}],"wp:featuredmedia":[{"embeddable":true,"href":"https:\/\/nightriderleds.com\/fr\/wp-json\/wp\/v2\/media\/6481"}],"wp:attachment":[{"href":"https:\/\/nightriderleds.com\/fr\/wp-json\/wp\/v2\/media?parent=6402"}],"wp:term":[{"taxonomy":"product_brand","embeddable":true,"href":"https:\/\/nightriderleds.com\/fr\/wp-json\/wp\/v2\/product_brand?post=6402"},{"taxonomy":"product_cat","embeddable":true,"href":"https:\/\/nightriderleds.com\/fr\/wp-json\/wp\/v2\/product_cat?post=6402"},{"taxonomy":"product_tag","embeddable":true,"href":"https:\/\/nightriderleds.com\/fr\/wp-json\/wp\/v2\/product_tag?post=6402"}],"curies":[{"name":"wp","href":"https:\/\/api.w.org\/{rel}","templated":true}]}}