{"id":6356,"date":"2022-08-30T16:16:41","date_gmt":"2022-08-30T23:16:41","guid":{"rendered":"https:\/\/nightriderleds.com\/?post_type=product&#038;p=6356"},"modified":"2026-03-30T13:42:03","modified_gmt":"2026-03-30T20:42:03","slug":"wireless-trailer-light-kit","status":"publish","type":"product","link":"https:\/\/nightriderleds.com\/fr\/products\/automotive-equipment\/safety-signal-lights\/warning-lights-safety-signal-lights\/wireless-trailer-light-kit\/","title":{"rendered":"Kit d'\u00e9clairage de remorque sans fil"},"content":{"rendered":"<div id=\"wpsecol-7bfb37af-4d27-a8d4-c915-fcdcef66639f\" class=\"csRow\">\n<div class=\"csColumnGap\" style=\"margin: 0; padding: 0; float: left; width: 0%;\"><img decoding=\"async\" src=\"https:\/\/nightriderleds.com\/wp-content\/plugins\/wp-smart-editor\/plugins\/columns\/img\/1x1-pixel.png\" \/><\/div>\n<div class=\"csColumn\" style=\"margin: 0; padding: 0; float: left; width: 46.349557522123895%;\" data-posx0=\"0\" data-posx1=\"46.46017699115044\" data-padding=\"5\" data-responsive=\"1\">\n<div style=\"padding: 5px;\">\n<div class=\"preview_text csColumn_text\">\n<h3>Feux de remorque sans fil<\/h3>\n<h4>Fini les probl\u00e8mes de c\u00e2bles cass\u00e9s.<\/h4>\n<p>Ce kit se compose de deux feux rechargeables avec feu de jour rouge, feu de freinage et feu de signalisation, d'un \u00e9metteur sans fil, qui se branche sur la prise de votre remorque et peut \u00e9mettre sur une distance allant jusqu'\u00e0 30 m\u00e8tres. Un cordon de charge USB pour recharger les feux est \u00e9galement inclus.<\/p>\n<\/div>\n<p>Les lampes contiennent un aimant tr\u00e8s r\u00e9sistant \u00e0 l'arri\u00e8re pour un montage magn\u00e9tique.<\/p>\n<div class=\"preview_text csColumn_text\">\n<p>Remarque : la batterie int\u00e9gr\u00e9e ne tient la charge que pendant environ 6 mois. S'il vous pla\u00eet\u00a0<i>s'assurer que les feux de la remorque sont compl\u00e8tement charg\u00e9s avant chaque utilisation.<\/i><\/p>\n<p>&nbsp;<\/p>\n<\/div>\n<\/div>\n<\/div>\n<div class=\"csColumnGap\" style=\"margin: 0; padding: 0; float: left; width: 0.33185840707964603%;\"><img decoding=\"async\" src=\"https:\/\/nightriderleds.com\/wp-content\/plugins\/wp-smart-editor\/plugins\/columns\/img\/1x1-pixel.png\" \/><\/div>\n<div class=\"csColumn\" style=\"margin: 0; padding: 0; float: left; width: 52.98672566371682%;\" data-posx0=\"46.792035398230084\" data-posx1=\"99.88938053097345\" data-padding=\"5\" data-responsive=\"1\">\n<div style=\"padding: 5px;\">\n<div class=\"preview_text csColumn_text\">\n<p><img fetchpriority=\"high\" decoding=\"async\" class=\"alignnone wp-image-6364 size-medium\" src=\"https:\/\/nightriderleds.com\/wp-content\/uploads\/2022\/08\/Truck-with-Trailer-544x340.jpg\" alt=\"\" width=\"544\" height=\"340\" srcset=\"https:\/\/nightriderleds.com\/wp-content\/uploads\/2022\/08\/Truck-with-Trailer-544x340.jpg 544w, https:\/\/nightriderleds.com\/wp-content\/uploads\/2022\/08\/Truck-with-Trailer-195x122.jpg 195w, https:\/\/nightriderleds.com\/wp-content\/uploads\/2022\/08\/Truck-with-Trailer-768x480.jpg 768w, https:\/\/nightriderleds.com\/wp-content\/uploads\/2022\/08\/Truck-with-Trailer.jpg 1088w\" sizes=\"(max-width: 544px) 100vw, 544px\" \/><\/p>\n<\/div>\n<\/div>\n<\/div>\n<div class=\"csColumnGap\" style=\"margin: 0; padding: 0; float: left; width: 0.3318584070796362%;\"><img decoding=\"async\" src=\"https:\/\/nightriderleds.com\/wp-content\/plugins\/wp-smart-editor\/plugins\/columns\/img\/1x1-pixel.png\" \/><\/div>\n<div style=\"clear: both; float: none; display: block; visibility: hidden; width: 0; font-size: 0; line-height: 0;\"><\/div>\n<\/div>\n<h3><\/h3>\n<div id=\"style-wpsecol-7bfb37af-4d27-a8d4-c915-fcdcef66639f\">\n<style><!-- @media (max-width: 768px) { #wpsecol-7bfb37af-4d27-a8d4-c915-fcdcef66639f .csColumn { display: block; width: 100% !important; } #wpsecol-7bfb37af-4d27-a8d4-c915-fcdcef66639f .csColumnGap { display: none; } } --><\/style>\n<\/div>","protected":false},"excerpt":{"rendered":"<p>Kit compos\u00e9 de deux lampes, d'un \u00e9metteur sans fil, d'une prise de type RV et d'un cordon de charge USB.<\/p>\n<p>Les lampes se montent de mani\u00e8re magn\u00e9tique.<\/p>\n<p><em><strong>Soyez Visible \u2013 Soyez en S\u00e9curit\u00e9.<\/strong><\/em><\/p>\n<p><a href=\"https:\/\/nightriderleds.com\/wp-content\/uploads\/2022\/08\/Instruction-Manual-English-for-Website.pdf\" target=\"_blank\" rel=\"noopener\">T\u00e9l\u00e9charger le guide de l'utilisateur<\/a><\/p>\n<p class=\"p1\"><a href=\"https:\/\/nightriderleds.com\/wp-content\/uploads\/2026\/03\/NSTK28-Wireless-Trailer-Light-Kit-User-Manual-both-kits-FRENCH-CURVES-3.pdf\">T\u00e9l\u00e9charger le guide d\u2019installation (fran\u00e7ais)<\/a><\/p>\n<p>&nbsp;<\/p>\n<p>&nbsp;<\/p>","protected":false},"featured_media":9210,"template":"","meta":[],"product_brand":[],"product_cat":[15,1519,1572],"product_tag":[160,161,1582,1581],"class_list":{"0":"post-6356","1":"product","2":"type-product","3":"status-publish","4":"has-post-thumbnail","6":"product_cat-automotive-equipment","7":"product_cat-safety-signal-lights","8":"product_cat-warning-lights-safety-signal-lights","9":"product_tag-automotive","10":"product_tag-leds","11":"product_tag-trailer-light","12":"product_tag-wireless","14":"first","15":"instock","16":"shipping-taxable","17":"product-type-simple"},"_links":{"self":[{"href":"https:\/\/nightriderleds.com\/fr\/wp-json\/wp\/v2\/product\/6356","targetHints":{"allow":["GET"]}}],"collection":[{"href":"https:\/\/nightriderleds.com\/fr\/wp-json\/wp\/v2\/product"}],"about":[{"href":"https:\/\/nightriderleds.com\/fr\/wp-json\/wp\/v2\/types\/product"}],"wp:featuredmedia":[{"embeddable":true,"href":"https:\/\/nightriderleds.com\/fr\/wp-json\/wp\/v2\/media\/9210"}],"wp:attachment":[{"href":"https:\/\/nightriderleds.com\/fr\/wp-json\/wp\/v2\/media?parent=6356"}],"wp:term":[{"taxonomy":"product_brand","embeddable":true,"href":"https:\/\/nightriderleds.com\/fr\/wp-json\/wp\/v2\/product_brand?post=6356"},{"taxonomy":"product_cat","embeddable":true,"href":"https:\/\/nightriderleds.com\/fr\/wp-json\/wp\/v2\/product_cat?post=6356"},{"taxonomy":"product_tag","embeddable":true,"href":"https:\/\/nightriderleds.com\/fr\/wp-json\/wp\/v2\/product_tag?post=6356"}],"curies":[{"name":"wp","href":"https:\/\/api.w.org\/{rel}","templated":true}]}}