{"id":6348,"date":"2022-08-30T15:22:30","date_gmt":"2022-08-30T22:22:30","guid":{"rendered":"https:\/\/nightriderleds.com\/?post_type=product&#038;p=6348"},"modified":"2023-10-10T11:03:16","modified_gmt":"2023-10-10T18:03:16","slug":"red-warning-light-kit","status":"publish","type":"product","link":"https:\/\/nightriderleds.com\/fr\/products\/automotive-equipment\/safety-signal-lights\/warning-lights-safety-signal-lights\/red-warning-light-kit\/","title":{"rendered":"Kit de feux d'avertissement rouges"},"content":{"rendered":"<div id=\"wpsecol-7bfb37af-4d27-a8d4-c915-fcdcef66639f\" class=\"csRow\">\n<div class=\"csColumnGap\" style=\"margin: 0; padding: 0; float: left; width: 0%;\"><img decoding=\"async\" src=\"https:\/\/nightriderleds.com\/wp-content\/plugins\/wp-smart-editor\/plugins\/columns\/img\/1x1-pixel.png\" \/><\/div>\n<div class=\"csColumn\" style=\"margin: 0; padding: 0; float: left; width: 46.349557522123895%;\" data-posx0=\"0\" data-posx1=\"46.46017699115044\" data-padding=\"5\" data-responsive=\"1\">\n<div style=\"padding: 5px;\">\n<div class=\"preview_text csColumn_text\">\n<h3>Feux d'avertissement<\/h3>\n<h4>Am\u00e9liorer la visibilit\u00e9. Augmenter la s\u00e9curit\u00e9.<\/h4>\n<p>Jeu de 4 lampes d'avertissement. Choisissez entre les modes d'\u00e9clairage \u2018rouge continu\u2019 et \u2018rouge clignotant\u2019. Avec une charge compl\u00e8te, ces lampes d'avertissement fonctionnent pendant environ 15 heures ! Chaque lampe est \u00e9quip\u00e9e d'un aimant puissant qui permet de la fixer facilement sur des surfaces magn\u00e9tiques. Fabriqu\u00e9s en polycarbonate et dot\u00e9s d'une enveloppe en caoutchouc robuste, ils r\u00e9sistent au passage des voitures.  Les feux contiennent une puissante batterie lithium polym\u00e8re rechargeable int\u00e9gr\u00e9e.<\/p>\n<\/div>\n<p>Le kit de quatre lampes est livr\u00e9 dans une mallette de transport pratique, qui sert \u00e9galement \u00e0 recharger les lampes. Des chargeurs muraux et de voiture sont inclus dans le kit.<\/p>\n<div class=\"preview_text csColumn_text\">\n<p>Remarque : la batterie int\u00e9gr\u00e9e ne tient la charge que pendant 6 mois environ.\u00a0<i>s'assurer que le voyant est compl\u00e8tement charg\u00e9 avant chaque utilisation.<\/i><\/p>\n<p>&nbsp;<\/p>\n<\/div>\n<\/div>\n<\/div>\n<div class=\"csColumnGap\" style=\"margin: 0; padding: 0; float: left; width: 0.33185840707964603%;\"><img decoding=\"async\" src=\"https:\/\/nightriderleds.com\/wp-content\/plugins\/wp-smart-editor\/plugins\/columns\/img\/1x1-pixel.png\" \/><\/div>\n<div class=\"csColumn\" style=\"margin: 0; padding: 0; float: left; width: 52.98672566371682%;\" data-posx0=\"46.792035398230084\" data-posx1=\"99.88938053097345\" data-padding=\"5\" data-responsive=\"1\">\n<div style=\"padding: 5px;\">\n<div class=\"preview_text csColumn_text\">\n<p><img fetchpriority=\"high\" decoding=\"async\" class=\"alignnone wp-image-6349 size-medium\" src=\"https:\/\/nightriderleds.com\/wp-content\/uploads\/2022\/08\/Broken-Down-Car-544x340.jpg\" alt=\"\" width=\"544\" height=\"340\" srcset=\"https:\/\/nightriderleds.com\/wp-content\/uploads\/2022\/08\/Broken-Down-Car-544x340.jpg 544w, https:\/\/nightriderleds.com\/wp-content\/uploads\/2022\/08\/Broken-Down-Car-195x122.jpg 195w, https:\/\/nightriderleds.com\/wp-content\/uploads\/2022\/08\/Broken-Down-Car-768x480.jpg 768w, https:\/\/nightriderleds.com\/wp-content\/uploads\/2022\/08\/Broken-Down-Car.jpg 1088w\" sizes=\"(max-width: 544px) 100vw, 544px\" \/><\/p>\n<\/div>\n<\/div>\n<\/div>\n<div class=\"csColumnGap\" style=\"margin: 0; padding: 0; float: left; width: 0.3318584070796362%;\"><img decoding=\"async\" src=\"https:\/\/nightriderleds.com\/wp-content\/plugins\/wp-smart-editor\/plugins\/columns\/img\/1x1-pixel.png\" \/><\/div>\n<div style=\"clear: both; float: none; display: block; visibility: hidden; width: 0; font-size: 0; line-height: 0;\"><\/div>\n<\/div>\n<h3><\/h3>\n<div id=\"style-wpsecol-7bfb37af-4d27-a8d4-c915-fcdcef66639f\">\n<style><!-- @media (max-width: 768px) { #wpsecol-7bfb37af-4d27-a8d4-c915-fcdcef66639f .csColumn { display: block; width: 100% !important; } #wpsecol-7bfb37af-4d27-a8d4-c915-fcdcef66639f .csColumnGap { display: none; } } --><\/style>\n<\/div>","protected":false},"excerpt":{"rendered":"<p>Jeu de 4 lampes d'avertissement rechargeables avec un aimant puissant \u00e0 l'arri\u00e8re pour un montage magn\u00e9tique facile. Les lampes sont livr\u00e9es dans un \u00e9tui compact, qui sert \u00e9galement \u00e0 les recharger.<\/p>\n<p>Le kit comprend un chargeur mural et un chargeur de voiture.<\/p>\n<p><em><strong>Soyez Visible \u2013 Soyez en S\u00e9curit\u00e9.<\/strong><\/em><\/p>\n<p>&nbsp;<\/p>\n<p>&nbsp;<\/p>","protected":false},"featured_media":6354,"template":"","meta":[],"product_brand":[],"product_cat":[15,1519,1572],"product_tag":[160,1574,161,451,1573],"class_list":{"0":"post-6348","1":"product","2":"type-product","3":"status-publish","4":"has-post-thumbnail","6":"product_cat-automotive-equipment","7":"product_cat-safety-signal-lights","8":"product_cat-warning-lights-safety-signal-lights","9":"product_tag-automotive","10":"product_tag-hazard-light","11":"product_tag-leds","12":"product_tag-strobe","13":"product_tag-warning-light","15":"first","16":"instock","17":"shipping-taxable","18":"product-type-simple"},"_links":{"self":[{"href":"https:\/\/nightriderleds.com\/fr\/wp-json\/wp\/v2\/product\/6348","targetHints":{"allow":["GET"]}}],"collection":[{"href":"https:\/\/nightriderleds.com\/fr\/wp-json\/wp\/v2\/product"}],"about":[{"href":"https:\/\/nightriderleds.com\/fr\/wp-json\/wp\/v2\/types\/product"}],"wp:featuredmedia":[{"embeddable":true,"href":"https:\/\/nightriderleds.com\/fr\/wp-json\/wp\/v2\/media\/6354"}],"wp:attachment":[{"href":"https:\/\/nightriderleds.com\/fr\/wp-json\/wp\/v2\/media?parent=6348"}],"wp:term":[{"taxonomy":"product_brand","embeddable":true,"href":"https:\/\/nightriderleds.com\/fr\/wp-json\/wp\/v2\/product_brand?post=6348"},{"taxonomy":"product_cat","embeddable":true,"href":"https:\/\/nightriderleds.com\/fr\/wp-json\/wp\/v2\/product_cat?post=6348"},{"taxonomy":"product_tag","embeddable":true,"href":"https:\/\/nightriderleds.com\/fr\/wp-json\/wp\/v2\/product_tag?post=6348"}],"curies":[{"name":"wp","href":"https:\/\/api.w.org\/{rel}","templated":true}]}}