{"id":632,"date":"2017-11-07T20:25:12","date_gmt":"2017-11-07T20:25:12","guid":{"rendered":"https:\/\/nightriderleds.com\/?post_type=product&#038;p=632"},"modified":"2026-03-26T16:01:57","modified_gmt":"2026-03-26T23:01:57","slug":"40-double-row-curved-light-bar","status":"publish","type":"product","link":"https:\/\/nightriderleds.com\/fr\/products\/automotive-equipment\/lightbars\/rider-series-light-bars\/r-curved\/40-double-row-curved-light-bar\/","title":{"rendered":"Barre lumineuse courb\u00e9e \u00e0 double rang\u00e9e de 40"},"content":{"rendered":"<div id=\"wpsecol-f1ab1010-b9e3-c036-f3c0-57705019632c\" class=\"csRow\">\n<div class=\"csColumnGap\" style=\"margin: 0; padding: 0; float: left; width: 0%;\"><img decoding=\"async\" src=\"https:\/\/nightriderleds.com\/wp-content\/plugins\/wp-smart-editor\/plugins\/columns\/img\/1x1-pixel.png\" \/><\/div>\n<div class=\"csColumn\" style=\"margin: 0; padding: 0; float: left; width: 46.902654867256636%;\" data-posx0=\"0\" data-posx1=\"47.01327433628318\" data-padding=\"5\" data-responsive=\"1\">\n<div style=\"padding: 5px;\">\n<div class=\"preview_text csColumn_text\">\n<h3>La s\u00e9rie Rider : \u00c9prouv\u00e9, test\u00e9 et vrai<\/h3>\n<h4>Parfait pour les randonn\u00e9es ou pour une utilisation sur n'importe quel \u00e9quipement.<\/h4>\n<p>Les r\u00e9flecteurs d'inondation sp\u00e9cialement con\u00e7us \u00e9clairent une large zone tandis que les r\u00e9flecteurs d'appoint brillent \u00e0 distance.<\/p>\n<p>Con\u00e7ue avec un dissipateur thermique sur mesure, elle permet aux LED CREE haute puissance de fonctionner plus froidement, plus brillamment et plus longtemps.<\/p>\n<\/div>\n<p class=\"p1\">Les rampes d'\u00e9clairage de la s\u00e9rie Rider sont livr\u00e9es avec un kit de c\u00e2blage complet (fiche \u00e0 vis robuste, interrupteur prioritaire, relais de 40 amp\u00e8res, fusible de 30 amp\u00e8res, porte-fusible et 20 pieds de fil), des supports de montage en acier inoxydable et de la quincaillerie.<\/p>\n<\/div>\n<\/div>\n<div class=\"csColumnGap\" style=\"margin: 0; padding: 0; float: left; width: 2.101769911504425%;\"><img decoding=\"async\" src=\"https:\/\/nightriderleds.com\/wp-content\/plugins\/wp-smart-editor\/plugins\/columns\/img\/1x1-pixel.png\" \/><\/div>\n<div class=\"csColumn\" style=\"margin: 0; padding: 0; float: left; width: 50.77433628318584%;\" data-posx0=\"49.11504424778761\" data-posx1=\"100\" data-padding=\"5\" data-responsive=\"1\">\n<div style=\"padding: 5px;\">\n<div class=\"preview_text csColumn_text\">\n<p><img fetchpriority=\"high\" decoding=\"async\" class=\"alignnone wp-image-368\" src=\"https:\/\/nightriderleds.com\/wp-content\/uploads\/2017\/11\/Rider-Series-720x450-544x340.jpg\" alt=\"\" width=\"506\" height=\"316\" srcset=\"https:\/\/nightriderleds.com\/wp-content\/uploads\/2017\/11\/Rider-Series-720x450-544x340.jpg 544w, https:\/\/nightriderleds.com\/wp-content\/uploads\/2017\/11\/Rider-Series-720x450-195x122.jpg 195w, https:\/\/nightriderleds.com\/wp-content\/uploads\/2017\/11\/Rider-Series-720x450.jpg 720w, https:\/\/nightriderleds.com\/wp-content\/uploads\/2017\/11\/Rider-Series-720x450-680x425.jpg 680w, https:\/\/nightriderleds.com\/wp-content\/uploads\/2017\/11\/Rider-Series-720x450-272x170.jpg 272w, https:\/\/nightriderleds.com\/wp-content\/uploads\/2017\/11\/Rider-Series-720x450-300x188.jpg 300w, https:\/\/nightriderleds.com\/wp-content\/uploads\/2017\/11\/Rider-Series-720x450-717x448.jpg 717w\" sizes=\"(max-width: 506px) 100vw, 506px\" \/><\/p>\n<\/div>\n<\/div>\n<\/div>\n<div class=\"csColumnGap\" style=\"margin: 0; padding: 0; float: left; width: 0.2212389380530908%;\"><img decoding=\"async\" src=\"https:\/\/nightriderleds.com\/wp-content\/plugins\/wp-smart-editor\/plugins\/columns\/img\/1x1-pixel.png\" \/><\/div>\n<div style=\"clear: both; float: none; display: block; visibility: hidden; width: 0; font-size: 0; line-height: 0;\"><\/div>\n<\/div>\n<p>&nbsp;<\/p>\n<div id=\"style-wpsecol-f1ab1010-b9e3-c036-f3c0-57705019632c\">\n<style><!-- @media (max-width: 768px) { #wpsecol-f1ab1010-b9e3-c036-f3c0-57705019632c .csColumn { display: block; width: 100% !important; } #wpsecol-f1ab1010-b9e3-c036-f3c0-57705019632c .csColumnGap { display: none; } } --><\/style>\n<\/div>","protected":false},"excerpt":{"rendered":"<p>LED CREE authentiques, lumineuses, audacieuses et fiables.<\/p>\n<p>Test\u00e9, mis \u00e0 l'\u00e9preuve et tortur\u00e9 dans le monde r\u00e9el.<\/p>\n<p>240W \/ 19 200Lumens<\/p>","protected":false},"featured_media":611,"template":"","meta":[],"product_brand":[],"product_cat":[15,260,24,16],"product_tag":[76,161,22,75,74],"class_list":{"0":"post-632","1":"product","2":"type-product","3":"status-publish","4":"has-post-thumbnail","6":"product_cat-automotive-equipment","7":"product_cat-lightbars","8":"product_cat-r-curved","9":"product_cat-rider-series-light-bars","10":"product_tag-cree","11":"product_tag-leds","12":"product_tag-light-bar","13":"product_tag-off-road","14":"product_tag-rider-series","16":"first","17":"instock","18":"shipping-taxable","19":"product-type-simple"},"_links":{"self":[{"href":"https:\/\/nightriderleds.com\/fr\/wp-json\/wp\/v2\/product\/632","targetHints":{"allow":["GET"]}}],"collection":[{"href":"https:\/\/nightriderleds.com\/fr\/wp-json\/wp\/v2\/product"}],"about":[{"href":"https:\/\/nightriderleds.com\/fr\/wp-json\/wp\/v2\/types\/product"}],"wp:featuredmedia":[{"embeddable":true,"href":"https:\/\/nightriderleds.com\/fr\/wp-json\/wp\/v2\/media\/611"}],"wp:attachment":[{"href":"https:\/\/nightriderleds.com\/fr\/wp-json\/wp\/v2\/media?parent=632"}],"wp:term":[{"taxonomy":"product_brand","embeddable":true,"href":"https:\/\/nightriderleds.com\/fr\/wp-json\/wp\/v2\/product_brand?post=632"},{"taxonomy":"product_cat","embeddable":true,"href":"https:\/\/nightriderleds.com\/fr\/wp-json\/wp\/v2\/product_cat?post=632"},{"taxonomy":"product_tag","embeddable":true,"href":"https:\/\/nightriderleds.com\/fr\/wp-json\/wp\/v2\/product_tag?post=632"}],"curies":[{"name":"wp","href":"https:\/\/api.w.org\/{rel}","templated":true}]}}