{"id":6296,"date":"2022-08-25T11:06:23","date_gmt":"2022-08-25T18:06:23","guid":{"rendered":"https:\/\/nightriderleds.com\/?post_type=product&#038;p=6296"},"modified":"2024-01-22T19:31:24","modified_gmt":"2024-01-23T03:31:24","slug":"2-red-marker-clearance-light","status":"publish","type":"product","link":"https:\/\/nightriderleds.com\/fr\/products\/automotive-equipment\/street-legal\/sae\/tail-lights-sae\/2-red-marker-clearance-light\/","title":{"rendered":"2\u2033 Feu rouge de balisage et de d\u00e9gagement"},"content":{"rendered":"<div id=\"wpsecol-7bfb37af-4d27-a8d4-c915-fcdcef66639f\" class=\"csRow\">\n<div class=\"csColumnGap\" style=\"margin: 0; padding: 0; float: left; width: 0%;\"><img decoding=\"async\" src=\"https:\/\/nightriderleds.com\/wp-content\/plugins\/wp-smart-editor\/plugins\/columns\/img\/1x1-pixel.png\" \/><\/div>\n<div class=\"csColumn\" style=\"margin: 0; padding: 0; float: left; width: 46.349557522123895%;\" data-posx0=\"0\" data-posx1=\"46.46017699115044\" data-padding=\"5\" data-responsive=\"1\">\n<div style=\"padding: 5px;\">\n<div class=\"preview_text csColumn_text\">\n<h3>Feux de position et feux arri\u00e8re<\/h3>\n<h4>Efficace. Lumineux. Longue dur\u00e9e.<\/h4>\n<p>&nbsp;<\/p>\n<p>Approuv\u00e9 SAE \/ DOT. Fabriqu\u00e9s en polycarbonate r\u00e9sistant aux UV et scell\u00e9s par soudure ultrasonique, ces feux sont pr\u00eats \u00e0 l'action dans des conditions humides difficiles et extr\u00eames.<\/p>\n<p>A utiliser avec les syst\u00e8mes 12V.<\/p>\n<p>Mont\u00e9 \u00e0 l'aide d'un \u0153illet en caoutchouc.<\/p>\n<p>&nbsp;<\/p>\n<\/div>\n<\/div>\n<\/div>\n<div class=\"csColumnGap\" style=\"margin: 0; padding: 0; float: left; width: 0.33185840707964603%;\"><img decoding=\"async\" src=\"https:\/\/nightriderleds.com\/wp-content\/plugins\/wp-smart-editor\/plugins\/columns\/img\/1x1-pixel.png\" \/><\/div>\n<div class=\"csColumn\" style=\"margin: 0; padding: 0; float: left; width: 52.98672566371682%;\" data-posx0=\"46.792035398230084\" data-posx1=\"99.88938053097345\" data-padding=\"5\" data-responsive=\"1\">\n<div style=\"padding: 5px;\">\n<div class=\"preview_text csColumn_text\">\n<p><img fetchpriority=\"high\" decoding=\"async\" class=\"alignnone wp-image-6295 size-medium\" src=\"https:\/\/nightriderleds.com\/wp-content\/uploads\/2022\/08\/LED-Tail-Lights-on-Transport-Truck-544x340.jpg\" alt=\"\" width=\"544\" height=\"340\" srcset=\"https:\/\/nightriderleds.com\/wp-content\/uploads\/2022\/08\/LED-Tail-Lights-on-Transport-Truck-544x340.jpg 544w, https:\/\/nightriderleds.com\/wp-content\/uploads\/2022\/08\/LED-Tail-Lights-on-Transport-Truck-195x122.jpg 195w, https:\/\/nightriderleds.com\/wp-content\/uploads\/2022\/08\/LED-Tail-Lights-on-Transport-Truck-768x480.jpg 768w, https:\/\/nightriderleds.com\/wp-content\/uploads\/2022\/08\/LED-Tail-Lights-on-Transport-Truck.jpg 1088w\" sizes=\"(max-width: 544px) 100vw, 544px\" \/><\/p>\n<\/div>\n<\/div>\n<\/div>\n<div class=\"csColumnGap\" style=\"margin: 0; padding: 0; float: left; width: 0.3318584070796362%;\"><img decoding=\"async\" src=\"https:\/\/nightriderleds.com\/wp-content\/plugins\/wp-smart-editor\/plugins\/columns\/img\/1x1-pixel.png\" \/><\/div>\n<div style=\"clear: both; float: none; display: block; visibility: hidden; width: 0; font-size: 0; line-height: 0;\"><\/div>\n<\/div>\n<h3><\/h3>\n<div id=\"style-wpsecol-7bfb37af-4d27-a8d4-c915-fcdcef66639f\">\n<style><!-- @media (max-width: 768px) { #wpsecol-7bfb37af-4d27-a8d4-c915-fcdcef66639f .csColumn { display: block; width: 100% !important; } #wpsecol-7bfb37af-4d27-a8d4-c915-fcdcef66639f .csColumnGap { display: none; } } --><\/style>\n<\/div>","protected":false},"excerpt":{"rendered":"<p>Feu de position lat\u00e9ral \u00e0 LED rouge homologu\u00e9 SAE \/ DOT. Fabriqu\u00e9 en polycarbonate r\u00e9sistant et scell\u00e9 par ultrasons pour fonctionner dans des conditions humides extr\u00eames.<\/p>\n<p>Efficace. Lumineux. Longue dur\u00e9e.<\/p>\n<p>&nbsp;<\/p>\n<p>&nbsp;<\/p>","protected":false},"featured_media":6280,"template":"","meta":[],"product_brand":[],"product_cat":[15,1533,1845,25,1519],"product_tag":[160,161,1544],"class_list":{"0":"post-6296","1":"product","2":"type-product","3":"status-publish","4":"has-post-thumbnail","6":"product_cat-automotive-equipment","7":"product_cat-tail-lights","8":"product_cat-tail-lights-sae","9":"product_cat-sae","10":"product_cat-safety-signal-lights","11":"product_tag-automotive","12":"product_tag-leds","13":"product_tag-marker-light","15":"first","16":"instock","17":"shipping-taxable","18":"product-type-simple"},"_links":{"self":[{"href":"https:\/\/nightriderleds.com\/fr\/wp-json\/wp\/v2\/product\/6296","targetHints":{"allow":["GET"]}}],"collection":[{"href":"https:\/\/nightriderleds.com\/fr\/wp-json\/wp\/v2\/product"}],"about":[{"href":"https:\/\/nightriderleds.com\/fr\/wp-json\/wp\/v2\/types\/product"}],"wp:featuredmedia":[{"embeddable":true,"href":"https:\/\/nightriderleds.com\/fr\/wp-json\/wp\/v2\/media\/6280"}],"wp:attachment":[{"href":"https:\/\/nightriderleds.com\/fr\/wp-json\/wp\/v2\/media?parent=6296"}],"wp:term":[{"taxonomy":"product_brand","embeddable":true,"href":"https:\/\/nightriderleds.com\/fr\/wp-json\/wp\/v2\/product_brand?post=6296"},{"taxonomy":"product_cat","embeddable":true,"href":"https:\/\/nightriderleds.com\/fr\/wp-json\/wp\/v2\/product_cat?post=6296"},{"taxonomy":"product_tag","embeddable":true,"href":"https:\/\/nightriderleds.com\/fr\/wp-json\/wp\/v2\/product_tag?post=6296"}],"curies":[{"name":"wp","href":"https:\/\/api.w.org\/{rel}","templated":true}]}}