{"id":6155,"date":"2022-05-31T16:00:29","date_gmt":"2022-05-31T23:00:29","guid":{"rendered":"https:\/\/nightriderleds.com\/?post_type=product&#038;p=6155"},"modified":"2023-10-10T11:39:43","modified_gmt":"2023-10-10T18:39:43","slug":"under-hood-lighting-kit","status":"publish","type":"product","link":"https:\/\/nightriderleds.com\/fr\/products\/automotive-equipment\/specialty-and-accent-lighting\/under-hood-lighting\/under-hood-lighting-kit\/","title":{"rendered":"Kit d'\u00e9clairage sous le capot"},"content":{"rendered":"<div id=\"wpsecol-880bcffd-9b43-782e-67d7-79c7ca611a97\" class=\"csRow\">\n<div class=\"csColumnGap\" style=\"margin: 0; padding: 0; float: left; width: 0%;\"><img decoding=\"async\" src=\"https:\/\/nightriderleds.com\/wp-content\/plugins\/wp-smart-editor\/plugins\/columns\/img\/1x1-pixel.png\" \/><\/div>\n<div class=\"csColumn\" style=\"margin: 0; padding: 0; float: left; width: 50%;\" data-posx0=\"0\" data-posx1=\"50.11061946902655\" data-padding=\"10\" data-responsive=\"1\">\n<div style=\"padding: 10px;\">\n<div class=\"preview_text csColumn_text\">\n<h3>Kit d'\u00e9clairage sous le capot<\/h3>\n<h4><em>Travaillez sur votre moteur en toute s\u00e9r\u00e9nit\u00e9 !<\/em><\/h4>\n<p>Projette beaucoup de lumi\u00e8re dans ton compartiment moteur sans trop solliciter ta batterie. Parfait pour travailler sur ton moteur en panne.<\/p>\n<p>Les deux minces bo\u00eetiers lumineux se fixent sur le capot de votre v\u00e9hicule avec un ruban adh\u00e9sif robuste 3M.<\/p>\n<p>Le kit est livr\u00e9 avec un faisceau de c\u00e2blage complet avec interrupteur marche\/arr\u00eat sous le capot.<\/p>\n<\/div>\n<\/div>\n<\/div>\n<div class=\"csColumnGap\" style=\"margin: 0; padding: 0; float: left; width: 0.4424778761061947%;\"><img decoding=\"async\" src=\"https:\/\/nightriderleds.com\/wp-content\/plugins\/wp-smart-editor\/plugins\/columns\/img\/1x1-pixel.png\" \/><\/div>\n<div class=\"csColumn\" style=\"margin: 0; padding: 0; float: left; width: 49.22566371681416%;\" data-posx0=\"50.55309734513275\" data-posx1=\"99.88938053097345\" data-padding=\"10\" data-responsive=\"1\">\n<div style=\"padding: 10px;\">\n<div class=\"preview_text csColumn_text\">\n<h3><img fetchpriority=\"high\" decoding=\"async\" class=\"alignnone wp-image-6156 size-medium\" src=\"https:\/\/nightriderleds.com\/wp-content\/uploads\/2022\/05\/Davids-Tuck-Aspect-View-with-Under-Hood-Lights-on-544x340.jpg\" alt=\"\" width=\"544\" height=\"340\" srcset=\"https:\/\/nightriderleds.com\/wp-content\/uploads\/2022\/05\/Davids-Tuck-Aspect-View-with-Under-Hood-Lights-on-544x340.jpg 544w, https:\/\/nightriderleds.com\/wp-content\/uploads\/2022\/05\/Davids-Tuck-Aspect-View-with-Under-Hood-Lights-on-195x122.jpg 195w, https:\/\/nightriderleds.com\/wp-content\/uploads\/2022\/05\/Davids-Tuck-Aspect-View-with-Under-Hood-Lights-on-768x480.jpg 768w, https:\/\/nightriderleds.com\/wp-content\/uploads\/2022\/05\/Davids-Tuck-Aspect-View-with-Under-Hood-Lights-on.jpg 1088w\" sizes=\"(max-width: 544px) 100vw, 544px\" \/><\/h3>\n<\/div>\n<\/div>\n<\/div>\n<\/div>\n<p>&nbsp;<\/p>\n<p>&nbsp;<\/p>\n<p>&nbsp;<\/p>\n<div id=\"style-wpsecol-880bcffd-9b43-782e-67d7-79c7ca611a97\">\n<style><!-- @media (max-width: 768px) { #wpsecol-880bcffd-9b43-782e-67d7-79c7ca611a97 .csColumn { display: block; width: 100% !important; } #wpsecol-880bcffd-9b43-782e-67d7-79c7ca611a97 .csColumnGap { display: none; } } --><\/style>\n<\/div>","protected":false},"excerpt":{"rendered":"<p>Le kit d'\u00e9clairage sous capot NightRider\u2122 est id\u00e9al pour travailler sur le moteur d'un v\u00e9hicule, ajoutant une lumi\u00e8re abondante sans beaucoup puiser dans la batterie.<\/p>\n<p>Le kit est pr\u00eat \u00e0 l'emploi \u2018Plug&amp;Play\u2019 avec le faisceau de c\u00e2blage complet.<\/p>\n<p>&nbsp;<\/p>","protected":false},"featured_media":6163,"template":"","meta":[],"product_brand":[],"product_cat":[15,1529,1530],"product_tag":[161,1532,1531],"class_list":{"0":"post-6155","1":"product","2":"type-product","3":"status-publish","4":"has-post-thumbnail","6":"product_cat-automotive-equipment","7":"product_cat-specialty-and-accent-lighting","8":"product_cat-under-hood-lighting","9":"product_tag-leds","10":"product_tag-specialty-lighting","11":"product_tag-under-hood-lighting","13":"first","14":"instock","15":"shipping-taxable","16":"product-type-simple"},"_links":{"self":[{"href":"https:\/\/nightriderleds.com\/fr\/wp-json\/wp\/v2\/product\/6155","targetHints":{"allow":["GET"]}}],"collection":[{"href":"https:\/\/nightriderleds.com\/fr\/wp-json\/wp\/v2\/product"}],"about":[{"href":"https:\/\/nightriderleds.com\/fr\/wp-json\/wp\/v2\/types\/product"}],"wp:featuredmedia":[{"embeddable":true,"href":"https:\/\/nightriderleds.com\/fr\/wp-json\/wp\/v2\/media\/6163"}],"wp:attachment":[{"href":"https:\/\/nightriderleds.com\/fr\/wp-json\/wp\/v2\/media?parent=6155"}],"wp:term":[{"taxonomy":"product_brand","embeddable":true,"href":"https:\/\/nightriderleds.com\/fr\/wp-json\/wp\/v2\/product_brand?post=6155"},{"taxonomy":"product_cat","embeddable":true,"href":"https:\/\/nightriderleds.com\/fr\/wp-json\/wp\/v2\/product_cat?post=6155"},{"taxonomy":"product_tag","embeddable":true,"href":"https:\/\/nightriderleds.com\/fr\/wp-json\/wp\/v2\/product_tag?post=6155"}],"curies":[{"name":"wp","href":"https:\/\/api.w.org\/{rel}","templated":true}]}}