{"id":6127,"date":"2022-05-31T10:09:44","date_gmt":"2022-05-31T17:09:44","guid":{"rendered":"https:\/\/nightriderleds.com\/?post_type=product&#038;p=6127"},"modified":"2023-08-03T16:00:05","modified_gmt":"2023-08-03T23:00:05","slug":"arc-zone-light","status":"publish","type":"product","link":"https:\/\/nightriderleds.com\/fr\/products\/automotive-equipment\/safety-signal-lights\/zone-lights\/arc-zone-light\/","title":{"rendered":"Arc Zone Light"},"content":{"rendered":"<div id=\"wpsecol-7bfb37af-4d27-a8d4-c915-fcdcef66639f\" class=\"csRow\">\n<div class=\"csColumnGap\" style=\"margin: 0; padding: 0; float: left; width: 0%;\"><img decoding=\"async\" src=\"https:\/\/nightriderleds.com\/wp-content\/plugins\/wp-smart-editor\/plugins\/columns\/img\/1x1-pixel.png\" \/><\/div>\n<div class=\"csColumn\" style=\"margin: 0; padding: 0; float: left; width: 46.349557522123895%;\" data-posx0=\"0\" data-posx1=\"46.46017699115044\" data-padding=\"5\" data-responsive=\"1\">\n<div style=\"padding: 5px;\">\n<div class=\"preview_text csColumn_text\">\n<h3>Feux de zone<\/h3>\n<h4>Augmenter la s\u00e9curit\u00e9. Faites en sorte que votre \u00e9quipement se distingue visiblement.<\/h4>\n<p>&nbsp;<\/p>\n<p>Les alarmes de recul traditionnelles peuvent parfois \u00eatre domin\u00e9es par d'autres bruits, ce qui les rend moins efficaces.<\/p>\n<p>L'ajout de lignes de s\u00e9curit\u00e9 VISUELLES autour de vos \u00e9quipements en mouvement am\u00e9liorera grandement la s\u00e9curit\u00e9 de ceux qui se trouvent \u00e0 proximit\u00e9. Les feux de zone projettent une ligne rouge vive sur le sol, marquant clairement le p\u00e9rim\u00e8tre de s\u00e9curit\u00e9 autour d'un \u00e9quipement.<\/p>\n<p>Chaque feu est \u00e9quip\u00e9 d'un connecteur Deutsch \u2018 Plug&amp;Play \u2019 et est livr\u00e9 avec un support et une quincaillerie en acier inoxydable, ainsi qu'un c\u00e2ble de 20 cm avec connecteur Deutsch.<\/p>\n<p>&nbsp;<\/p>\n<\/div>\n<\/div>\n<\/div>\n<div class=\"csColumnGap\" style=\"margin: 0; padding: 0; float: left; width: 0.33185840707964603%;\"><img decoding=\"async\" src=\"https:\/\/nightriderleds.com\/wp-content\/plugins\/wp-smart-editor\/plugins\/columns\/img\/1x1-pixel.png\" \/><\/div>\n<div class=\"csColumn\" style=\"margin: 0; padding: 0; float: left; width: 52.98672566371682%;\" data-posx0=\"46.792035398230084\" data-posx1=\"99.88938053097345\" data-padding=\"5\" data-responsive=\"1\">\n<div style=\"padding: 5px;\">\n<div class=\"preview_text csColumn_text\">\n<p><img fetchpriority=\"high\" decoding=\"async\" class=\"wp-image-6129 size-medium\" src=\"https:\/\/nightriderleds.com\/wp-content\/uploads\/2022\/05\/Fork-Lift-with-Zone-Lights-544x340.jpg\" alt=\"Fork Lift with Red Zone Lights\" width=\"544\" height=\"340\" srcset=\"https:\/\/nightriderleds.com\/wp-content\/uploads\/2022\/05\/Fork-Lift-with-Zone-Lights-544x340.jpg 544w, https:\/\/nightriderleds.com\/wp-content\/uploads\/2022\/05\/Fork-Lift-with-Zone-Lights-195x122.jpg 195w, https:\/\/nightriderleds.com\/wp-content\/uploads\/2022\/05\/Fork-Lift-with-Zone-Lights-768x480.jpg 768w, https:\/\/nightriderleds.com\/wp-content\/uploads\/2022\/05\/Fork-Lift-with-Zone-Lights.jpg 1088w\" sizes=\"(max-width: 544px) 100vw, 544px\" \/><\/p>\n<\/div>\n<\/div>\n<\/div>\n<div class=\"csColumnGap\" style=\"margin: 0; padding: 0; float: left; width: 0.3318584070796362%;\"><img decoding=\"async\" src=\"https:\/\/nightriderleds.com\/wp-content\/plugins\/wp-smart-editor\/plugins\/columns\/img\/1x1-pixel.png\" \/><\/div>\n<div style=\"clear: both; float: none; display: block; visibility: hidden; width: 0; font-size: 0; line-height: 0;\"><\/div>\n<\/div>\n<h3><\/h3>\n<div id=\"style-wpsecol-7bfb37af-4d27-a8d4-c915-fcdcef66639f\">\n<style><!-- @media (max-width: 768px) { #wpsecol-7bfb37af-4d27-a8d4-c915-fcdcef66639f .csColumn { display: block; width: 100% !important; } #wpsecol-7bfb37af-4d27-a8d4-c915-fcdcef66639f .csColumnGap { display: none; } } --><\/style>\n<\/div>","protected":false},"excerpt":{"rendered":"<p>La lumi\u00e8re Arc Zone projette une ligne rouge claire en forme d'arc, marquant le p\u00e9rim\u00e8tre de s\u00e9curit\u00e9 autour de l'\u00e9quipement.<\/p>\n<p>Livr\u00e9 avec une prise Deutsch \u2018Plug&amp;Play\u2019, un support en acier inoxydable et un c\u00e2ble de 20 cm avec connecteur Deutsch.<\/p>\n<p><em><strong>Soyez Visible \u2013 Soyez en S\u00e9curit\u00e9.<\/strong><\/em><\/p>\n<p>&nbsp;<\/p>\n<p>&nbsp;<\/p>","protected":false},"featured_media":6135,"template":"","meta":[],"product_brand":[],"product_cat":[15,1519,1520],"product_tag":[160,161,1517,1518,1516],"class_list":{"0":"post-6127","1":"product","2":"type-product","3":"status-publish","4":"has-post-thumbnail","6":"product_cat-automotive-equipment","7":"product_cat-safety-signal-lights","8":"product_cat-zone-lights","9":"product_tag-automotive","10":"product_tag-leds","11":"product_tag-safety","12":"product_tag-visual-safety","13":"product_tag-zone-light","15":"first","16":"instock","17":"shipping-taxable","18":"product-type-simple"},"_links":{"self":[{"href":"https:\/\/nightriderleds.com\/fr\/wp-json\/wp\/v2\/product\/6127","targetHints":{"allow":["GET"]}}],"collection":[{"href":"https:\/\/nightriderleds.com\/fr\/wp-json\/wp\/v2\/product"}],"about":[{"href":"https:\/\/nightriderleds.com\/fr\/wp-json\/wp\/v2\/types\/product"}],"wp:featuredmedia":[{"embeddable":true,"href":"https:\/\/nightriderleds.com\/fr\/wp-json\/wp\/v2\/media\/6135"}],"wp:attachment":[{"href":"https:\/\/nightriderleds.com\/fr\/wp-json\/wp\/v2\/media?parent=6127"}],"wp:term":[{"taxonomy":"product_brand","embeddable":true,"href":"https:\/\/nightriderleds.com\/fr\/wp-json\/wp\/v2\/product_brand?post=6127"},{"taxonomy":"product_cat","embeddable":true,"href":"https:\/\/nightriderleds.com\/fr\/wp-json\/wp\/v2\/product_cat?post=6127"},{"taxonomy":"product_tag","embeddable":true,"href":"https:\/\/nightriderleds.com\/fr\/wp-json\/wp\/v2\/product_tag?post=6127"}],"curies":[{"name":"wp","href":"https:\/\/api.w.org\/{rel}","templated":true}]}}