{"id":5676,"date":"2021-05-17T14:36:25","date_gmt":"2021-05-17T21:36:25","guid":{"rendered":"https:\/\/nightriderleds.com\/?post_type=product&#038;p=5676"},"modified":"2022-10-18T12:06:37","modified_gmt":"2022-10-18T19:06:37","slug":"gen2-18w-led-corn-light","status":"publish","type":"product","link":"https:\/\/nightriderleds.com\/fr\/products\/commercial\/corn\/edison\/gen2-18w-led-corn-light\/","title":{"rendered":"Gen2 18W LED Corn Light"},"content":{"rendered":"<div id=\"wpsecol-7bfb37af-4d27-a8d4-c915-fcdcef66639f\" class=\"csRow\">\n<div class=\"csColumnGap\" style=\"margin: 0; padding: 0; float: left; width: 0%;\"><img decoding=\"async\" src=\"https:\/\/nightriderleds.com\/wp-content\/plugins\/wp-smart-editor\/plugins\/columns\/img\/1x1-pixel.png\" \/><\/div>\n<div class=\"csColumn\" style=\"margin: 0; padding: 0; float: left; width: 46.349557522123895%;\" data-posx0=\"0\" data-posx1=\"46.46017699115044\" data-padding=\"5\" data-responsive=\"1\">\n<div style=\"padding: 5px;\">\n<div class=\"preview_text csColumn_text\">\n<h3>Lampes ma\u00efs \u00e0 DEL<\/h3>\n<h4>Remplacez vos ampoules actuelles et commencez \u00e0 \u00e9conomiser de l'\u00e9nergie.<\/h4>\n<p>Remplacez vos vieilles ampoules par des ampoules ma\u00efs LED et profitez de leurs avantages : pas de bourdonnement, pas de scintillement, luminosit\u00e9 instantan\u00e9e, longue dur\u00e9e de vie, faible consommation d'\u00e9nergie, et plus encore.<\/p>\n<p>Ceci <strong>G\u00e9n\u00e9ration 2<\/strong> La lampe Corn Light est \u00e9quip\u00e9e d'un grand dissipateur thermique, ce qui \u00e9limine le besoin d'un ventilateur de refroidissement. Choisissez parmi trois temp\u00e9ratures de couleur diff\u00e9rentes\u00a0: Blanc Chaud (3\u00a0000\u00a0K), Blanc Froid (4\u00a0000\u00a0K) et Lumi\u00e8re du jour (5\u00a0000\u00a0K).<\/p>\n<p>La lumi\u00e8re est certifi\u00e9e cUL et UL<\/p>\n<p>&nbsp;<\/p>\n<\/div>\n<\/div>\n<\/div>\n<div class=\"csColumnGap\" style=\"margin: 0; padding: 0; float: left; width: 0.33185840707964603%;\"><img decoding=\"async\" src=\"https:\/\/nightriderleds.com\/wp-content\/plugins\/wp-smart-editor\/plugins\/columns\/img\/1x1-pixel.png\" \/><\/div>\n<div class=\"csColumn\" style=\"margin: 0; padding: 0; float: left; width: 52.98672566371682%;\" data-posx0=\"46.792035398230084\" data-posx1=\"99.88938053097345\" data-padding=\"5\" data-responsive=\"1\">\n<div style=\"padding: 5px;\">\n<div class=\"preview_text csColumn_text\">\n<p><img fetchpriority=\"high\" decoding=\"async\" class=\"wp-image-5675 size-medium\" src=\"https:\/\/nightriderleds.com\/wp-content\/uploads\/2021\/05\/House-at-Night-with-Lights-on-544x340.jpg\" alt=\"House with outside lights at night\" width=\"544\" height=\"340\" srcset=\"https:\/\/nightriderleds.com\/wp-content\/uploads\/2021\/05\/House-at-Night-with-Lights-on-544x340.jpg 544w, https:\/\/nightriderleds.com\/wp-content\/uploads\/2021\/05\/House-at-Night-with-Lights-on-195x122.jpg 195w, https:\/\/nightriderleds.com\/wp-content\/uploads\/2021\/05\/House-at-Night-with-Lights-on-768x480.jpg 768w, https:\/\/nightriderleds.com\/wp-content\/uploads\/2021\/05\/House-at-Night-with-Lights-on.jpg 1088w\" sizes=\"(max-width: 544px) 100vw, 544px\" \/><\/p>\n<\/div>\n<\/div>\n<\/div>\n<div class=\"csColumnGap\" style=\"margin: 0; padding: 0; float: left; width: 0.3318584070796362%;\"><img decoding=\"async\" src=\"https:\/\/nightriderleds.com\/wp-content\/plugins\/wp-smart-editor\/plugins\/columns\/img\/1x1-pixel.png\" \/><\/div>\n<div style=\"clear: both; float: none; display: block; visibility: hidden; width: 0; font-size: 0; line-height: 0;\"><\/div>\n<\/div>\n<h3><\/h3>\n<div id=\"style-wpsecol-7bfb37af-4d27-a8d4-c915-fcdcef66639f\">\n<style><!-- @media (max-width: 768px) { #wpsecol-7bfb37af-4d27-a8d4-c915-fcdcef66639f .csColumn { display: block; width: 100% !important; } #wpsecol-7bfb37af-4d27-a8d4-c915-fcdcef66639f .csColumnGap { display: none; } } --><\/style>\n<\/div>","protected":false},"excerpt":{"rendered":"<p>Remplacez vos anciennes ampoules et commencez \u00e0 \u00e9conomiser. Super efficace avec 150 lumens par watt et une dur\u00e9e de vie impressionnante, cette ampoule se visse simplement dans votre luminaire domestique courant existant.<\/p>\n<p>Ceci <strong>G\u00e9n\u00e9ration 2<\/strong> \u00c9pi de ma\u00efs <strong>n'a plus besoin de ventilateur int\u00e9gr\u00e9 pour le refroidissement et est dot\u00e9 de trois r\u00e9glages de temp\u00e9rature de couleur : Blanc froid (3 000 K), Blanc chaud (4 000 K), Lumi\u00e8re du jour (5 000 K)<\/strong><\/p>\n<p>18W \/ 2 520 \u2013 2 790 Lumens<\/p>\n<p>&nbsp;<\/p>\n<p>&nbsp;<\/p>","protected":false},"featured_media":5680,"template":"","meta":[],"product_brand":[],"product_cat":[134,135,959],"product_tag":[470,161,172],"class_list":{"0":"post-5676","1":"product","2":"type-product","3":"status-publish","4":"has-post-thumbnail","6":"product_cat-commercial","7":"product_cat-corn","8":"product_cat-edison","9":"product_tag-corn-lights","10":"product_tag-leds","11":"product_tag-commercial","13":"first","14":"instock","15":"shipping-taxable","16":"product-type-simple"},"_links":{"self":[{"href":"https:\/\/nightriderleds.com\/fr\/wp-json\/wp\/v2\/product\/5676","targetHints":{"allow":["GET"]}}],"collection":[{"href":"https:\/\/nightriderleds.com\/fr\/wp-json\/wp\/v2\/product"}],"about":[{"href":"https:\/\/nightriderleds.com\/fr\/wp-json\/wp\/v2\/types\/product"}],"wp:featuredmedia":[{"embeddable":true,"href":"https:\/\/nightriderleds.com\/fr\/wp-json\/wp\/v2\/media\/5680"}],"wp:attachment":[{"href":"https:\/\/nightriderleds.com\/fr\/wp-json\/wp\/v2\/media?parent=5676"}],"wp:term":[{"taxonomy":"product_brand","embeddable":true,"href":"https:\/\/nightriderleds.com\/fr\/wp-json\/wp\/v2\/product_brand?post=5676"},{"taxonomy":"product_cat","embeddable":true,"href":"https:\/\/nightriderleds.com\/fr\/wp-json\/wp\/v2\/product_cat?post=5676"},{"taxonomy":"product_tag","embeddable":true,"href":"https:\/\/nightriderleds.com\/fr\/wp-json\/wp\/v2\/product_tag?post=5676"}],"curies":[{"name":"wp","href":"https:\/\/api.w.org\/{rel}","templated":true}]}}