{"id":5670,"date":"2021-05-14T15:47:26","date_gmt":"2021-05-14T22:47:26","guid":{"rendered":"https:\/\/nightriderleds.com\/?post_type=product&#038;p=5670"},"modified":"2022-10-18T12:09:06","modified_gmt":"2022-10-18T19:09:06","slug":"gen2-120w-led-corn-light","status":"publish","type":"product","link":"https:\/\/nightriderleds.com\/fr\/products\/commercial\/corn\/mogul\/gen2-120w-led-corn-light\/","title":{"rendered":"Gen2 120W LED Corn Light"},"content":{"rendered":"<div id=\"wpsecol-7bfb37af-4d27-a8d4-c915-fcdcef66639f\" class=\"csRow\">\n<div class=\"csColumnGap\" style=\"margin: 0; padding: 0; float: left; width: 0%;\"><img decoding=\"async\" src=\"https:\/\/nightriderleds.com\/wp-content\/plugins\/wp-smart-editor\/plugins\/columns\/img\/1x1-pixel.png\" \/><\/div>\n<div class=\"csColumn\" style=\"margin: 0; padding: 0; float: left; width: 46.349557522123895%;\" data-posx0=\"0\" data-posx1=\"46.46017699115044\" data-padding=\"5\" data-responsive=\"1\">\n<div style=\"padding: 5px;\">\n<div class=\"preview_text csColumn_text\">\n<h3>Lampes ma\u00efs \u00e0 DEL<\/h3>\n<h4>Modernisez facilement vos anciens luminaires et commencez \u00e0 \u00e9conomiser.<\/h4>\n<p>Remplacez vos anciennes ampoules par des ampoules ma\u00efs LED et profitez des avantages des ampoules LED : pas de bourdonnement, pas de scintillement, luminosit\u00e9 instantan\u00e9e, longue dur\u00e9e de vie, faible consommation d'\u00e9nergie, et plus encore.<\/p>\n<p><strong>G\u00e9n\u00e9ration 2<\/strong> Les ampoules Corn Lights sont \u00e9quip\u00e9es d'un grand dissipateur thermique, \u00e9liminant le besoin d'un ventilateur et prolongeant leur dur\u00e9e de vie. Leur puissance peut \u00eatre r\u00e9duite \u00e0 100W et 80W respectivement, afin de r\u00e9aliser des \u00e9conomies d'\u00e9nergie suppl\u00e9mentaires.<\/p>\n<p><span style=\"color: #000000;\"><strong>Assurez-vous de retirer tout ballast existant de votre luminaire avant d'installer cette ampoule ma\u00efs.<\/strong><\/span><\/p>\n<p>La lumi\u00e8re est certifi\u00e9e cUL, UL, DLC et est accompagn\u00e9e d'une garantie de 5 ans.<\/p>\n<p>&nbsp;<\/p>\n<\/div>\n<\/div>\n<\/div>\n<div class=\"csColumnGap\" style=\"margin: 0; padding: 0; float: left; width: 0.33185840707964603%;\"><img decoding=\"async\" src=\"https:\/\/nightriderleds.com\/wp-content\/plugins\/wp-smart-editor\/plugins\/columns\/img\/1x1-pixel.png\" \/><\/div>\n<div class=\"csColumn\" style=\"margin: 0; padding: 0; float: left; width: 52.98672566371682%;\" data-posx0=\"46.792035398230084\" data-posx1=\"99.88938053097345\" data-padding=\"5\" data-responsive=\"1\">\n<div style=\"padding: 5px;\">\n<div class=\"preview_text csColumn_text\">\n<p><img fetchpriority=\"high\" decoding=\"async\" class=\"alignnone size-medium wp-image-1047\" src=\"https:\/\/nightriderleds.com\/wp-content\/uploads\/2017\/11\/Corn-Light-Application-1088x680-544x340.jpg\" alt=\"\" width=\"544\" height=\"340\" srcset=\"https:\/\/nightriderleds.com\/wp-content\/uploads\/2017\/11\/Corn-Light-Application-1088x680-544x340.jpg 544w, https:\/\/nightriderleds.com\/wp-content\/uploads\/2017\/11\/Corn-Light-Application-1088x680.jpg 1088w, https:\/\/nightriderleds.com\/wp-content\/uploads\/2017\/11\/Corn-Light-Application-1088x680-195x122.jpg 195w, https:\/\/nightriderleds.com\/wp-content\/uploads\/2017\/11\/Corn-Light-Application-1088x680-768x480.jpg 768w, https:\/\/nightriderleds.com\/wp-content\/uploads\/2017\/11\/Corn-Light-Application-1088x680-680x425.jpg 680w, https:\/\/nightriderleds.com\/wp-content\/uploads\/2017\/11\/Corn-Light-Application-1088x680-272x170.jpg 272w\" sizes=\"(max-width: 544px) 100vw, 544px\" \/><\/p>\n<\/div>\n<\/div>\n<\/div>\n<div class=\"csColumnGap\" style=\"margin: 0; padding: 0; float: left; width: 0.3318584070796362%;\"><img decoding=\"async\" src=\"https:\/\/nightriderleds.com\/wp-content\/plugins\/wp-smart-editor\/plugins\/columns\/img\/1x1-pixel.png\" \/><\/div>\n<div style=\"clear: both; float: none; display: block; visibility: hidden; width: 0; font-size: 0; line-height: 0;\"><\/div>\n<\/div>\n<h3><\/h3>\n<div id=\"style-wpsecol-7bfb37af-4d27-a8d4-c915-fcdcef66639f\">\n<style><!-- @media (max-width: 768px) { #wpsecol-7bfb37af-4d27-a8d4-c915-fcdcef66639f .csColumn { display: block; width: 100% !important; } #wpsecol-7bfb37af-4d27-a8d4-c915-fcdcef66639f .csColumnGap { display: none; } } --><\/style>\n<\/div>","protected":false},"excerpt":{"rendered":"<p>Remplacez vos vieilles ampoules et commencez \u00e0 \u00e9conomiser de l'\u00e9nergie. Tr\u00e8s efficace avec 130 lumens par watt et une dur\u00e9e de vie impressionnante, cette ampoule se visse simplement dans votre luminaire existant \u00e0 culot mogul large.<\/p>\n<p><strong>G\u00e9n\u00e9ration 2<\/strong> feux ont <strong>un grand dissipateur thermique \u00e9liminant le besoin d'un ventilateur. La puissance peut \u00eatre r\u00e9duite de 120W \u00e0 100W ou 80W pour un effet de gradation et des \u00e9conomies d'\u00e9nergie suppl\u00e9mentaires.<\/strong><\/p>\n<p>120W \/ 15 857 lumens<\/p>\n<p>&nbsp;<\/p>\n<p>&nbsp;<\/p>\n<p>&nbsp;<\/p>","protected":false},"featured_media":5672,"template":"","meta":[],"product_brand":[],"product_cat":[134,135,960],"product_tag":[470,161,172],"class_list":{"0":"post-5670","1":"product","2":"type-product","3":"status-publish","4":"has-post-thumbnail","6":"product_cat-commercial","7":"product_cat-corn","8":"product_cat-mogul","9":"product_tag-corn-lights","10":"product_tag-leds","11":"product_tag-commercial","13":"first","14":"instock","15":"shipping-taxable","16":"product-type-simple"},"_links":{"self":[{"href":"https:\/\/nightriderleds.com\/fr\/wp-json\/wp\/v2\/product\/5670","targetHints":{"allow":["GET"]}}],"collection":[{"href":"https:\/\/nightriderleds.com\/fr\/wp-json\/wp\/v2\/product"}],"about":[{"href":"https:\/\/nightriderleds.com\/fr\/wp-json\/wp\/v2\/types\/product"}],"wp:featuredmedia":[{"embeddable":true,"href":"https:\/\/nightriderleds.com\/fr\/wp-json\/wp\/v2\/media\/5672"}],"wp:attachment":[{"href":"https:\/\/nightriderleds.com\/fr\/wp-json\/wp\/v2\/media?parent=5670"}],"wp:term":[{"taxonomy":"product_brand","embeddable":true,"href":"https:\/\/nightriderleds.com\/fr\/wp-json\/wp\/v2\/product_brand?post=5670"},{"taxonomy":"product_cat","embeddable":true,"href":"https:\/\/nightriderleds.com\/fr\/wp-json\/wp\/v2\/product_cat?post=5670"},{"taxonomy":"product_tag","embeddable":true,"href":"https:\/\/nightriderleds.com\/fr\/wp-json\/wp\/v2\/product_tag?post=5670"}],"curies":[{"name":"wp","href":"https:\/\/api.w.org\/{rel}","templated":true}]}}