{"id":5616,"date":"2021-05-12T10:29:53","date_gmt":"2021-05-12T17:29:53","guid":{"rendered":"https:\/\/nightriderleds.com\/?post_type=product&#038;p=5616"},"modified":"2026-03-26T14:35:44","modified_gmt":"2026-03-26T21:35:44","slug":"jet-black-7-double-row-light-bar-ece-certified","status":"publish","type":"product","link":"https:\/\/nightriderleds.com\/fr\/products\/automotive-equipment\/street-legal\/ece-emark\/bars\/jet-black-7-double-row-light-bar-ece-certified\/","title":{"rendered":"JET BLACK 7\u2033 Double Row Light Bar - Certifi\u00e9 ECE"},"content":{"rendered":"<div id=\"wpsecol-bc77f860-40ee-7d1d-a3b6-930381d4f3fc\" class=\"csRow\">\n<div class=\"csColumnGap\" style=\"margin: 0; padding: 0; float: left; width: 0%;\"><img decoding=\"async\" src=\"https:\/\/nightriderleds.com\/wp-content\/plugins\/wp-smart-editor\/plugins\/columns\/img\/1x1-pixel.png\" \/><\/div>\n<div class=\"csColumn\" style=\"margin: 0; padding: 0; float: left; width: 49.22566371681416%;\" data-posx0=\"0\" data-posx1=\"49.336283185840706\" data-padding=\"5\" data-responsive=\"1\">\n<div style=\"padding: 5px;\">\n<div class=\"preview_text csColumn_text\">\n<h3>Certifi\u00e9 ECE\/EMARK R112<\/h3>\n<h4>Pour des performances maximales dans la l\u00e9galit\u00e9*<\/h4>\n<p>Cette barre d'\u00e9clairage auxiliaire de conduite a \u00e9t\u00e9 construite en utilisant les derni\u00e8res avanc\u00e9es technologiques, telles qu'une lentille sans bord et des r\u00e9flecteurs sombres \u00e0 capuchon.  Les r\u00e9flecteurs \u00e0 capuchon r\u00e9duisent l'\u00e9blouissement et permettent un meilleur contr\u00f4le du faisceau. La conception sans bord rend difficile l'adh\u00e9sion de la neige et de la glace \u00e0 la lentille, tout en r\u00e9duisant le frottement du vent et le bruit de la conduite.<\/p>\n<p>Chaque feu est clairement marqu\u00e9 pour permettre aux forces de l'ordre et aux inspecteurs de v\u00e9hicules de l'identifier facilement pour assurer la conformit\u00e9.<\/p>\n<p>La lampe est livr\u00e9e avec un faisceau de c\u00e2blage complet, un syst\u00e8me de montage double et la quincaillerie n\u00e9cessaire pour une installation facile. <em>plug and play<\/em> installation.<\/p>\n<p>&nbsp;<\/p>\n<\/div>\n<p><em>*V\u00e9rifiez toujours les r\u00e8gles et r\u00e9glementations r\u00e9gionales concernant l'utilisation des feux de route auxiliaires. NightRider\u2122 LEDS s'efforce de fournir les feux les plus s\u00fbrs et les plus l\u00e9gaux, mais ne peut \u00eatre tenu responsable des restrictions r\u00e9gionales, d'un montage, d'une vis\u00e9e ou d'un c\u00e2blage inappropri\u00e9s.<\/em><\/p>\n<\/div>\n<p>&nbsp;<\/p>\n<\/div>\n<div class=\"csColumnGap\" style=\"margin: 0; padding: 0; float: left; width: 1.3274336283185841%;\"><img decoding=\"async\" src=\"https:\/\/nightriderleds.com\/wp-content\/plugins\/wp-smart-editor\/plugins\/columns\/img\/1x1-pixel.png\" \/><\/div>\n<div class=\"csColumn\" style=\"margin: 0; padding: 0; float: left; width: 49.22566371681416%;\" data-posx0=\"50.66371681415929\" data-posx1=\"100\" data-padding=\"5\" data-responsive=\"1\">\n<div style=\"padding: 5px;\">\n<div class=\"preview_text csColumn_text\">\n<p><img fetchpriority=\"high\" decoding=\"async\" class=\"size-medium wp-image-357\" src=\"https:\/\/nightriderleds.com\/wp-content\/uploads\/2017\/10\/Street-Legal-519x340.jpg\" alt=\"Street Legal\" width=\"519\" height=\"340\" srcset=\"https:\/\/nightriderleds.com\/wp-content\/uploads\/2017\/10\/Street-Legal-519x340.jpg 519w, https:\/\/nightriderleds.com\/wp-content\/uploads\/2017\/10\/Street-Legal-544x356.jpg 544w, https:\/\/nightriderleds.com\/wp-content\/uploads\/2017\/10\/Street-Legal-195x128.jpg 195w, https:\/\/nightriderleds.com\/wp-content\/uploads\/2017\/10\/Street-Legal-680x445.jpg 680w, https:\/\/nightriderleds.com\/wp-content\/uploads\/2017\/10\/Street-Legal-260x170.jpg 260w, https:\/\/nightriderleds.com\/wp-content\/uploads\/2017\/10\/Street-Legal-684x448.jpg 684w, https:\/\/nightriderleds.com\/wp-content\/uploads\/2017\/10\/Street-Legal-300x196.jpg 300w, https:\/\/nightriderleds.com\/wp-content\/uploads\/2017\/10\/Street-Legal-130x85.jpg 130w, https:\/\/nightriderleds.com\/wp-content\/uploads\/2017\/10\/Street-Legal.jpg 730w\" sizes=\"(max-width: 519px) 100vw, 519px\" \/><\/p>\n<\/div>\n<\/div>\n<\/div>\n<div class=\"csColumnGap\" style=\"margin: 0; padding: 0; float: left; width: 0.2212389380530908%;\"><img decoding=\"async\" src=\"https:\/\/nightriderleds.com\/wp-content\/plugins\/wp-smart-editor\/plugins\/columns\/img\/1x1-pixel.png\" \/><\/div>\n<\/div>\n<div id=\"style-wpsecol-bc77f860-40ee-7d1d-a3b6-930381d4f3fc\"><\/div>","protected":false},"excerpt":{"rendered":"<p>Lentille sans bord. R\u00e9flecteurs sombres \u00e0 capuchon. Construite avec les derni\u00e8res technologies. Le r\u00e9sultat est une barre d'\u00e9clairage auxiliaire de conduite \u00e0 l'allure \u00e9l\u00e9gante, avec un rendement \u00e9lev\u00e9, un meilleur contr\u00f4le du faisceau et moins d'\u00e9blouissement.<\/p>\n<p>L\u00e9gale* dans les rues o\u00f9 les normes E-Mark sont reconnues. La lumi\u00e8re est certifi\u00e9e ECE R112.<\/p>\n<p>60W \/ 5 040lm bruts \u2013 2 068lm efficaces<\/p>\n<p><a href=\"https:\/\/nightriderleds.com\/wp-content\/uploads\/2024\/11\/General-Auxiliary-Lamp-install-Information-Rev-2024.pdf\" target=\"_blank\" rel=\"noopener\"><strong>T\u00e9l\u00e9charger le guide d'installation<\/strong><\/a><\/p>\n<div id=\"style-btn-66769921-3166-9ed3-51a1-34f756e1b6a4\">\n<style class=\"style-btn\"><!-- #btn-66769921-3166-9ed3-51a1-34f756e1b6a4 {font-size: 14px;color: #ffffff;background: #0e83cd;padding-left: 12px;padding-top: 6px;padding-right: 12px;padding-bottom: 6px;border-radius: 0px;-moz-border-radius: 0px;-webkit-border-radius: 0px;border-color: #357ebd;border-width: 1px;} #btn-66769921-3166-9ed3-51a1-34f756e1b6a4:hover {background: #1990f9;color: #ffffff;box-shadow: 3px 3px 3px 0px #bababa;-moz-box-shadow: 3px 3px 3px 0px #bababa;-webkit-box-shadow: 3px 3px 3px 0px #bababa;} --><\/style>\n<\/div>","protected":false},"featured_media":5563,"template":"","meta":[],"product_brand":[],"product_cat":[15,1464,1334,19,1311,260,18,677,1396],"product_tag":[1110,20,1329,21,1312,161,22,23,686],"class_list":{"0":"post-5616","1":"product","2":"type-product","3":"status-publish","4":"has-post-thumbnail","6":"product_cat-automotive-equipment","7":"product_cat-bars","8":"product_cat-double-row","9":"product_cat-ece-emark","10":"product_cat-jet-black","11":"product_cat-lightbars","12":"product_cat-street-legal","13":"product_cat-street-legal-bars","14":"product_cat-jet-black-street-legal","15":"product_tag-dual-mounting-system","16":"product_tag-ece","17":"product_tag-ece-r112","18":"product_tag-emark","19":"product_tag-jet-black","20":"product_tag-leds","21":"product_tag-light-bar","22":"product_tag-street-legal","23":"product_tag-street-legal-bar","25":"first","26":"instock","27":"shipping-taxable","28":"product-type-simple"},"_links":{"self":[{"href":"https:\/\/nightriderleds.com\/fr\/wp-json\/wp\/v2\/product\/5616","targetHints":{"allow":["GET"]}}],"collection":[{"href":"https:\/\/nightriderleds.com\/fr\/wp-json\/wp\/v2\/product"}],"about":[{"href":"https:\/\/nightriderleds.com\/fr\/wp-json\/wp\/v2\/types\/product"}],"wp:featuredmedia":[{"embeddable":true,"href":"https:\/\/nightriderleds.com\/fr\/wp-json\/wp\/v2\/media\/5563"}],"wp:attachment":[{"href":"https:\/\/nightriderleds.com\/fr\/wp-json\/wp\/v2\/media?parent=5616"}],"wp:term":[{"taxonomy":"product_brand","embeddable":true,"href":"https:\/\/nightriderleds.com\/fr\/wp-json\/wp\/v2\/product_brand?post=5616"},{"taxonomy":"product_cat","embeddable":true,"href":"https:\/\/nightriderleds.com\/fr\/wp-json\/wp\/v2\/product_cat?post=5616"},{"taxonomy":"product_tag","embeddable":true,"href":"https:\/\/nightriderleds.com\/fr\/wp-json\/wp\/v2\/product_tag?post=5616"}],"curies":[{"name":"wp","href":"https:\/\/api.w.org\/{rel}","templated":true}]}}