{"id":5560,"date":"2021-05-11T15:04:39","date_gmt":"2021-05-11T22:04:39","guid":{"rendered":"https:\/\/nightriderleds.com\/?post_type=product&#038;p=5560"},"modified":"2026-03-26T14:36:35","modified_gmt":"2026-03-26T21:36:35","slug":"jet-black-7-double-row-auxiliary-driving-light-bar-kit-ece-certified","status":"publish","type":"product","link":"https:\/\/nightriderleds.com\/fr\/products\/automotive-equipment\/lightbars\/street-legal-bars\/double-row\/jet-black-7-double-row-auxiliary-driving-light-bar-kit-ece-certified\/","title":{"rendered":"Barre d'\u00e9clairage auxiliaire double rang\u00e9e JET BLACK 7\" \u2013 Certifi\u00e9e ECE"},"content":{"rendered":"<div id=\"wpsecol-bc77f860-40ee-7d1d-a3b6-930381d4f3fc\" class=\"csRow\">\n<div class=\"csColumnGap\" style=\"margin: 0; padding: 0; float: left; width: 0%;\"><img decoding=\"async\" src=\"https:\/\/nightriderleds.com\/wp-content\/plugins\/wp-smart-editor\/plugins\/columns\/img\/1x1-pixel.png\" \/><\/div>\n<div class=\"csColumn\" style=\"margin: 0; padding: 0; float: left; width: 49.22566371681416%;\" data-posx0=\"0\" data-posx1=\"49.336283185840706\" data-padding=\"5\" data-responsive=\"1\">\n<div style=\"padding: 5px;\">\n<div class=\"preview_text csColumn_text\">\n<h3>Certifi\u00e9 ECE\/EMARK R112<\/h3>\n<h4>Pour des performances maximales dans la l\u00e9galit\u00e9<\/h4>\n<p>Ce kit d'\u00e9clairage auxiliaire a \u00e9t\u00e9 construit en utilisant les derni\u00e8res avanc\u00e9es technologiques, telles qu'une lentille sans bord et des r\u00e9flecteurs sombres \u00e0 capuche. Les r\u00e9flecteurs \u00e0 capuche r\u00e9duisent l'\u00e9blouissement et permettent un meilleur contr\u00f4le du faisceau. La conception sans bord rend difficile l'adh\u00e9rence de la neige et de la glace \u00e0 sa lentille tout en r\u00e9duisant la friction du vent et le bruit de conduite.<\/p>\n<p>Chaque barre lumineuse est clairement marqu\u00e9e pour permettre aux forces de l'ordre et aux inspecteurs de v\u00e9hicules de l'identifier facilement pour assurer la conformit\u00e9.<\/p>\n<p>Le kit comprend deux barres lumineuses doubles rang\u00e9es Jet Black 7\u2033 certifi\u00e9es ECE R112, un faisceau de c\u00e2blage complet, un syst\u00e8me de montage double et le mat\u00e9riel n\u00e9cessaire pour une installation facile. <em>plug and play<\/em> installation.<\/p>\n<p>&nbsp;<\/p>\n<\/div>\n<p><em>*V\u00e9rifiez toujours les r\u00e8gles et r\u00e9glementations r\u00e9gionales concernant l'utilisation des feux de route auxiliaires. NightRider\u2122 LEDS s'efforce de fournir les feux les plus s\u00fbrs et les plus l\u00e9gaux, mais ne peut \u00eatre tenu responsable des restrictions r\u00e9gionales, d'un montage, d'une vis\u00e9e ou d'un c\u00e2blage inappropri\u00e9s.<\/em><\/p>\n<\/div>\n<p>&nbsp;<\/p>\n<\/div>\n<div class=\"csColumnGap\" style=\"margin: 0; padding: 0; float: left; width: 1.3274336283185841%;\"><img decoding=\"async\" src=\"https:\/\/nightriderleds.com\/wp-content\/plugins\/wp-smart-editor\/plugins\/columns\/img\/1x1-pixel.png\" \/><\/div>\n<div class=\"csColumn\" style=\"margin: 0; padding: 0; float: left; width: 49.22566371681416%;\" data-posx0=\"50.66371681415929\" data-posx1=\"100\" data-padding=\"5\" data-responsive=\"1\">\n<div style=\"padding: 5px;\">\n<div class=\"preview_text csColumn_text\">\n<p><img fetchpriority=\"high\" decoding=\"async\" class=\"size-medium wp-image-357\" src=\"https:\/\/nightriderleds.com\/wp-content\/uploads\/2017\/10\/Street-Legal-519x340.jpg\" alt=\"Street Legal\" width=\"519\" height=\"340\" srcset=\"https:\/\/nightriderleds.com\/wp-content\/uploads\/2017\/10\/Street-Legal-519x340.jpg 519w, https:\/\/nightriderleds.com\/wp-content\/uploads\/2017\/10\/Street-Legal-544x356.jpg 544w, https:\/\/nightriderleds.com\/wp-content\/uploads\/2017\/10\/Street-Legal-195x128.jpg 195w, https:\/\/nightriderleds.com\/wp-content\/uploads\/2017\/10\/Street-Legal-680x445.jpg 680w, https:\/\/nightriderleds.com\/wp-content\/uploads\/2017\/10\/Street-Legal-260x170.jpg 260w, https:\/\/nightriderleds.com\/wp-content\/uploads\/2017\/10\/Street-Legal-684x448.jpg 684w, https:\/\/nightriderleds.com\/wp-content\/uploads\/2017\/10\/Street-Legal-300x196.jpg 300w, https:\/\/nightriderleds.com\/wp-content\/uploads\/2017\/10\/Street-Legal-130x85.jpg 130w, https:\/\/nightriderleds.com\/wp-content\/uploads\/2017\/10\/Street-Legal.jpg 730w\" sizes=\"(max-width: 519px) 100vw, 519px\" \/><\/p>\n<\/div>\n<\/div>\n<\/div>\n<div class=\"csColumnGap\" style=\"margin: 0; padding: 0; float: left; width: 0.2212389380530908%;\"><img decoding=\"async\" src=\"https:\/\/nightriderleds.com\/wp-content\/plugins\/wp-smart-editor\/plugins\/columns\/img\/1x1-pixel.png\" \/><\/div>\n<\/div>\n<div id=\"style-wpsecol-bc77f860-40ee-7d1d-a3b6-930381d4f3fc\"><\/div>","protected":false},"excerpt":{"rendered":"<p>Lentille sans bord. R\u00e9flecteurs sombres \u00e0 capot. Construit avec la derni\u00e8re technologie. Le r\u00e9sultat est une barre lumineuse auxiliaire \u00e9l\u00e9gante avec une sortie \u00e9lev\u00e9e, un contr\u00f4le de faisceau am\u00e9lior\u00e9 et moins d'\u00e9blouissement.<\/p>\n<p>Conforme \u00e0 la circulation l\u00e0 o\u00f9 les normes E-Mark sont reconnues.<\/p>\n<p>60W \/ 5 040lm bruts \u2013 2 068lm efficaces<\/p>\n<p><a href=\"https:\/\/nightriderleds.com\/wp-content\/uploads\/2024\/11\/General-Auxiliary-Lamp-install-Information-Rev-2024.pdf\" target=\"_blank\" rel=\"noopener\"><strong>T\u00e9l\u00e9charger le guide d'installation<\/strong><\/a><\/p>\n<div id=\"style-btn-66769921-3166-9ed3-51a1-34f756e1b6a4\">\n<style class=\"style-btn\"><!-- #btn-66769921-3166-9ed3-51a1-34f756e1b6a4 {font-size: 14px;color: #ffffff;background: #0e83cd;padding-left: 12px;padding-top: 6px;padding-right: 12px;padding-bottom: 6px;border-radius: 0px;-moz-border-radius: 0px;-webkit-border-radius: 0px;border-color: #357ebd;border-width: 1px;} #btn-66769921-3166-9ed3-51a1-34f756e1b6a4:hover {background: #1990f9;color: #ffffff;box-shadow: 3px 3px 3px 0px #bababa;-moz-box-shadow: 3px 3px 3px 0px #bababa;-webkit-box-shadow: 3px 3px 3px 0px #bababa;} --><\/style>\n<\/div>","protected":false},"featured_media":5565,"template":"","meta":[],"product_brand":[],"product_cat":[15,1334,19,1311,260,18,677,1396],"product_tag":[1110,20,1329,21,1312,161,22,23,686],"class_list":{"0":"post-5560","1":"product","2":"type-product","3":"status-publish","4":"has-post-thumbnail","6":"product_cat-automotive-equipment","7":"product_cat-double-row","8":"product_cat-ece-emark","9":"product_cat-jet-black","10":"product_cat-lightbars","11":"product_cat-street-legal","12":"product_cat-street-legal-bars","13":"product_cat-jet-black-street-legal","14":"product_tag-dual-mounting-system","15":"product_tag-ece","16":"product_tag-ece-r112","17":"product_tag-emark","18":"product_tag-jet-black","19":"product_tag-leds","20":"product_tag-light-bar","21":"product_tag-street-legal","22":"product_tag-street-legal-bar","24":"first","25":"instock","26":"shipping-taxable","27":"product-type-simple"},"_links":{"self":[{"href":"https:\/\/nightriderleds.com\/fr\/wp-json\/wp\/v2\/product\/5560","targetHints":{"allow":["GET"]}}],"collection":[{"href":"https:\/\/nightriderleds.com\/fr\/wp-json\/wp\/v2\/product"}],"about":[{"href":"https:\/\/nightriderleds.com\/fr\/wp-json\/wp\/v2\/types\/product"}],"wp:featuredmedia":[{"embeddable":true,"href":"https:\/\/nightriderleds.com\/fr\/wp-json\/wp\/v2\/media\/5565"}],"wp:attachment":[{"href":"https:\/\/nightriderleds.com\/fr\/wp-json\/wp\/v2\/media?parent=5560"}],"wp:term":[{"taxonomy":"product_brand","embeddable":true,"href":"https:\/\/nightriderleds.com\/fr\/wp-json\/wp\/v2\/product_brand?post=5560"},{"taxonomy":"product_cat","embeddable":true,"href":"https:\/\/nightriderleds.com\/fr\/wp-json\/wp\/v2\/product_cat?post=5560"},{"taxonomy":"product_tag","embeddable":true,"href":"https:\/\/nightriderleds.com\/fr\/wp-json\/wp\/v2\/product_tag?post=5560"}],"curies":[{"name":"wp","href":"https:\/\/api.w.org\/{rel}","templated":true}]}}