{"id":5543,"date":"2021-05-10T12:33:09","date_gmt":"2021-05-10T19:33:09","guid":{"rendered":"https:\/\/nightriderleds.com\/?post_type=product&#038;p=5543"},"modified":"2021-05-10T14:18:33","modified_gmt":"2021-05-10T21:18:33","slug":"black-nightrider-hat-with-large-logo","status":"publish","type":"product","link":"https:\/\/nightriderleds.com\/fr\/products\/apparel\/black-nightrider-hat-with-large-logo\/","title":{"rendered":"Casquette \"Black NightRider\u2122\" avec grand logo"},"content":{"rendered":"<p>&nbsp;<\/p>\n<div id=\"wpsecol-71c6b5a3-2a78-d4b7-9cf0-02dab0423b46\" class=\"csRow\">\n<div class=\"csColumnGap\" style=\"margin: 0; padding: 0; float: left; width: 0.11061946902654868%;\"><img decoding=\"async\" src=\"https:\/\/nightriderleds.com\/wp-content\/plugins\/wp-smart-editor\/plugins\/columns\/img\/1x1-pixel.png\" \/><\/div>\n<div class=\"csColumn\" style=\"margin: 0; padding: 0; float: left; width: 46.23893805309734%;\" data-posx0=\"0.11061946902654868\" data-posx1=\"46.46017699115044\" data-padding=\"5\" data-responsive=\"1\">\n<div style=\"padding: 5px;\">\n<div class=\"preview_text csColumn_text\">\n<h3 class=\"p1\">Chapeau NightRider\u2122 noir<\/h3>\n<p><b>Casquette noire avec le logo NightRider\u2122 LEDS au centre et les informations du site Web sur la sangle ajustable \u00e0 l'arri\u00e8re.<\/b><\/p>\n<p class=\"p2\">Taille unique<\/p>\n<\/div>\n<\/div>\n<\/div>\n<div class=\"csColumnGap\" style=\"margin: 0; padding: 0; float: left; width: 1.7699115044247788%;\"><img decoding=\"async\" src=\"https:\/\/nightriderleds.com\/wp-content\/plugins\/wp-smart-editor\/plugins\/columns\/img\/1x1-pixel.png\" \/><\/div>\n<div class=\"csColumn\" style=\"margin: 0; padding: 0; float: left; width: 51.65929203539823%;\" data-posx0=\"48.23008849557522\" data-posx1=\"100\" data-padding=\"5\" data-responsive=\"1\">\n<div style=\"padding: 5px;\">\n<div class=\"preview_text csColumn_text\">\n<p><img fetchpriority=\"high\" decoding=\"async\" class=\"wp-image-5544 size-medium\" src=\"https:\/\/nightriderleds.com\/wp-content\/uploads\/2021\/05\/Black-Hat-Big-Logo-Aspect-View-544x340.jpg\" alt=\"Black NightRider\u2122 ball cap with big logo in front\" width=\"544\" height=\"340\" srcset=\"https:\/\/nightriderleds.com\/wp-content\/uploads\/2021\/05\/Black-Hat-Big-Logo-Aspect-View-544x340.jpg 544w, https:\/\/nightriderleds.com\/wp-content\/uploads\/2021\/05\/Black-Hat-Big-Logo-Aspect-View-195x122.jpg 195w, https:\/\/nightriderleds.com\/wp-content\/uploads\/2021\/05\/Black-Hat-Big-Logo-Aspect-View-768x480.jpg 768w, https:\/\/nightriderleds.com\/wp-content\/uploads\/2021\/05\/Black-Hat-Big-Logo-Aspect-View.jpg 1088w\" sizes=\"(max-width: 544px) 100vw, 544px\" \/><\/p>\n<\/div>\n<\/div>\n<\/div>\n<div class=\"csColumnGap\" style=\"margin: 0; padding: 0; float: left; width: 0.22123893805310502%;\"><img decoding=\"async\" src=\"https:\/\/nightriderleds.com\/wp-content\/plugins\/wp-smart-editor\/plugins\/columns\/img\/1x1-pixel.png\" \/><\/div>\n<div style=\"clear: both; float: none; display: block; visibility: hidden; width: 0; font-size: 0; line-height: 0;\"><\/div>\n<\/div>\n<p>&nbsp;<\/p>\n<div id=\"style-wpsecol-71c6b5a3-2a78-d4b7-9cf0-02dab0423b46\">\n<style><!-- @media (max-width: 768px) { #wpsecol-71c6b5a3-2a78-d4b7-9cf0-02dab0423b46 .csColumn { display: block; width: 100% !important; } #wpsecol-71c6b5a3-2a78-d4b7-9cf0-02dab0423b46 .csColumnGap { display: none; } } --><\/style>\n<\/div>","protected":false},"excerpt":{"rendered":"<div class=\"tableOfContent\"><\/div>\n<p><b>Casquette noire avec logo NightRider\u2122 \u00e0 l'avant et informations sur le site web sur la sangle arri\u00e8re r\u00e9glable<\/b><\/p>\n<p>Taille unique.<\/p>\n<p>&nbsp;<\/p>\n<p>&nbsp;<\/p>","protected":false},"featured_media":5544,"template":"","meta":[],"product_brand":[],"product_cat":[133],"product_tag":[683,681,682],"class_list":{"0":"post-5543","1":"product","2":"type-product","3":"status-publish","4":"has-post-thumbnail","6":"product_cat-apparel","7":"product_tag-apparel","8":"product_tag-ballcap","9":"product_tag-hat","11":"first","12":"instock","13":"shipping-taxable","14":"product-type-simple"},"_links":{"self":[{"href":"https:\/\/nightriderleds.com\/fr\/wp-json\/wp\/v2\/product\/5543","targetHints":{"allow":["GET"]}}],"collection":[{"href":"https:\/\/nightriderleds.com\/fr\/wp-json\/wp\/v2\/product"}],"about":[{"href":"https:\/\/nightriderleds.com\/fr\/wp-json\/wp\/v2\/types\/product"}],"wp:featuredmedia":[{"embeddable":true,"href":"https:\/\/nightriderleds.com\/fr\/wp-json\/wp\/v2\/media\/5544"}],"wp:attachment":[{"href":"https:\/\/nightriderleds.com\/fr\/wp-json\/wp\/v2\/media?parent=5543"}],"wp:term":[{"taxonomy":"product_brand","embeddable":true,"href":"https:\/\/nightriderleds.com\/fr\/wp-json\/wp\/v2\/product_brand?post=5543"},{"taxonomy":"product_cat","embeddable":true,"href":"https:\/\/nightriderleds.com\/fr\/wp-json\/wp\/v2\/product_cat?post=5543"},{"taxonomy":"product_tag","embeddable":true,"href":"https:\/\/nightriderleds.com\/fr\/wp-json\/wp\/v2\/product_tag?post=5543"}],"curies":[{"name":"wp","href":"https:\/\/api.w.org\/{rel}","templated":true}]}}