{"id":5471,"date":"2021-04-15T14:06:53","date_gmt":"2021-04-15T21:06:53","guid":{"rendered":"https:\/\/nightriderleds.com\/?post_type=product&#038;p=5471"},"modified":"2023-01-11T10:38:16","modified_gmt":"2023-01-11T18:38:16","slug":"jet-black-single-row-light-bar-covers","status":"publish","type":"product","link":"https:\/\/nightriderleds.com\/fr\/products\/accessories\/lens-covers\/jet-black-single-row-light-bar-covers\/","title":{"rendered":"Couvertures pour rampe lumineuse simple rang\u00e9e JET BLACK"},"content":{"rendered":"<div id=\"wpsecol-7bfb37af-4d27-a8d4-c915-fcdcef66639f\" class=\"csRow\">\n<div class=\"csColumnGap\" style=\"margin: 0; padding: 0; float: left; width: 0%;\"><img decoding=\"async\" src=\"https:\/\/nightriderleds.com\/wp-content\/plugins\/wp-smart-editor\/plugins\/columns\/img\/1x1-pixel.png\" \/><\/div>\n<div class=\"csColumn\" style=\"margin: 0; padding: 0; float: left; width: 46.349557522123895%;\" data-posx0=\"0\" data-posx1=\"46.46017699115044\" data-padding=\"5\" data-responsive=\"1\">\n<div style=\"padding: 5px;\">\n<div class=\"preview_text csColumn_text\">\n<h3>JET BLACK Series Single Row Light Bar Covers (Couvertures de barres lumineuses)<\/h3>\n<h4>Prot\u00e9gez votre investissement<\/h4>\n<p>Les cache-objectifs sont vendus en kits pour s'adapter \u00e0 la taille de votre barre lumineuse.<\/p>\n<p>Les couvertures transparentes sont con\u00e7ues pour transmettre 99,9% de lumi\u00e8re visible.<\/p>\n<p>Les couvertures orange et bleue sont utilis\u00e9es en cas d'intemp\u00e9ries telles que la neige, le gr\u00e9sil, la gr\u00eale, la pluie et le brouillard.<\/p>\n<p><span style=\"font-size: 14px;\"><strong>A noter :<\/strong> Les couvercles ambr\u00e9s et bleus ne sont pas recommand\u00e9s pour une utilisation l\u00e9gale sur la voie publique.<\/span><\/p>\n<p>&nbsp;<\/p>\n<\/div>\n<\/div>\n<\/div>\n<div class=\"csColumnGap\" style=\"margin: 0; padding: 0; float: left; width: 0.33185840707964603%;\"><img decoding=\"async\" src=\"https:\/\/nightriderleds.com\/wp-content\/plugins\/wp-smart-editor\/plugins\/columns\/img\/1x1-pixel.png\" \/><\/div>\n<div class=\"csColumn\" style=\"margin: 0; padding: 0; float: left; width: 52.98672566371682%;\" data-posx0=\"46.792035398230084\" data-posx1=\"99.88938053097345\" data-padding=\"5\" data-responsive=\"1\">\n<div style=\"padding: 5px;\">\n<div class=\"preview_text csColumn_text\">\n<p><img fetchpriority=\"high\" decoding=\"async\" class=\"wp-image-6002 size-medium\" src=\"https:\/\/nightriderleds.com\/wp-content\/uploads\/2021\/04\/1022-JET-BLACK-Single-Row-Cover-Medley-II-544x340.jpg\" alt=\"10&quot; JET BLACK Single Row Cover Medley\" width=\"544\" height=\"340\" srcset=\"https:\/\/nightriderleds.com\/wp-content\/uploads\/2021\/04\/1022-JET-BLACK-Single-Row-Cover-Medley-II-544x340.jpg 544w, https:\/\/nightriderleds.com\/wp-content\/uploads\/2021\/04\/1022-JET-BLACK-Single-Row-Cover-Medley-II-195x122.jpg 195w, https:\/\/nightriderleds.com\/wp-content\/uploads\/2021\/04\/1022-JET-BLACK-Single-Row-Cover-Medley-II-768x480.jpg 768w, https:\/\/nightriderleds.com\/wp-content\/uploads\/2021\/04\/1022-JET-BLACK-Single-Row-Cover-Medley-II.jpg 1088w\" sizes=\"(max-width: 544px) 100vw, 544px\" \/><\/p>\n<\/div>\n<\/div>\n<\/div>\n<div class=\"csColumnGap\" style=\"margin: 0; padding: 0; float: left; width: 0.3318584070796362%;\"><img decoding=\"async\" src=\"https:\/\/nightriderleds.com\/wp-content\/plugins\/wp-smart-editor\/plugins\/columns\/img\/1x1-pixel.png\" \/><\/div>\n<div style=\"clear: both; float: none; display: block; visibility: hidden; width: 0; font-size: 0; line-height: 0;\"><\/div>\n<\/div>\n<h3><\/h3>\n<div id=\"style-wpsecol-7bfb37af-4d27-a8d4-c915-fcdcef66639f\">\n<style><!-- @media (max-width: 768px) { #wpsecol-7bfb37af-4d27-a8d4-c915-fcdcef66639f .csColumn { display: block; width: 100% !important; } #wpsecol-7bfb37af-4d27-a8d4-c915-fcdcef66639f .csColumnGap { display: none; } } --><\/style>\n<\/div>","protected":false},"excerpt":{"rendered":"<p>Prot\u00e8ge votre barre lumineuse JET BLACK Series Single row.<\/p>\n<p>Les cache-objectifs sont vendus en kits pour s'adapter \u00e0 la taille de votre barre lumineuse.<\/p>\n<p>Les housses individuelles sont disponibles en longueurs de 8,5\u2033, 9,5\u2033 et 10\u2033.<\/p>\n<p>&nbsp;<\/p>\n<h3><\/h3>\n<p>&nbsp;<\/p>\n<p>&nbsp;<\/p>","protected":false},"featured_media":6002,"template":"","meta":[],"product_brand":[],"product_cat":[129,132],"product_tag":[554,622,1312,161,555],"class_list":{"0":"post-5471","1":"product","2":"type-product","3":"status-publish","4":"has-post-thumbnail","6":"product_cat-accessories","7":"product_cat-lens-covers","8":"product_tag-covers","9":"product_tag-gel","10":"product_tag-jet-black","11":"product_tag-leds","12":"product_tag-single-row","14":"first","15":"instock","16":"shipping-taxable","17":"product-type-variable"},"_links":{"self":[{"href":"https:\/\/nightriderleds.com\/fr\/wp-json\/wp\/v2\/product\/5471","targetHints":{"allow":["GET"]}}],"collection":[{"href":"https:\/\/nightriderleds.com\/fr\/wp-json\/wp\/v2\/product"}],"about":[{"href":"https:\/\/nightriderleds.com\/fr\/wp-json\/wp\/v2\/types\/product"}],"wp:featuredmedia":[{"embeddable":true,"href":"https:\/\/nightriderleds.com\/fr\/wp-json\/wp\/v2\/media\/6002"}],"wp:attachment":[{"href":"https:\/\/nightriderleds.com\/fr\/wp-json\/wp\/v2\/media?parent=5471"}],"wp:term":[{"taxonomy":"product_brand","embeddable":true,"href":"https:\/\/nightriderleds.com\/fr\/wp-json\/wp\/v2\/product_brand?post=5471"},{"taxonomy":"product_cat","embeddable":true,"href":"https:\/\/nightriderleds.com\/fr\/wp-json\/wp\/v2\/product_cat?post=5471"},{"taxonomy":"product_tag","embeddable":true,"href":"https:\/\/nightriderleds.com\/fr\/wp-json\/wp\/v2\/product_tag?post=5471"}],"curies":[{"name":"wp","href":"https:\/\/api.w.org\/{rel}","templated":true}]}}