{"id":5289,"date":"2021-01-22T10:26:08","date_gmt":"2021-01-22T18:26:08","guid":{"rendered":"https:\/\/nightriderleds.com\/?post_type=product&#038;p=5289"},"modified":"2026-04-15T14:36:56","modified_gmt":"2026-04-15T21:36:56","slug":"driver-b2-20-double-row-sae-driving-light-bar","status":"publish","type":"product","link":"https:\/\/nightriderleds.com\/fr\/products\/automotive-equipment\/street-legal\/sae\/aux-high-beams\/driver-b2-20-double-row-sae-driving-light-bar\/","title":{"rendered":"Driver B2 - 20\u2033 Double Row SAE Driving Light Bar"},"content":{"rendered":"<div id=\"wpsecol-3bbca990-1e7f-b923-f99a-57ffd395765b\" class=\"csRow\">\n<div class=\"csColumnGap\" style=\"margin: 0; padding: 0; float: left; width: 0%;\"><img decoding=\"async\" src=\"https:\/\/nightriderleds.com\/wp-content\/plugins\/wp-smart-editor\/plugins\/columns\/img\/1x1-pixel.png\" \/><\/div>\n<div class=\"csColumn\" style=\"margin: 0; padding: 0; float: left; width: 49.22566371681416%;\" data-posx0=\"0\" data-posx1=\"49.336283185840706\" data-padding=\"5\" data-responsive=\"1\">\n<div style=\"padding: 5px;\">\n<div class=\"preview_text csColumn_text\">\n<h3>Certifi\u00e9 SAE<\/h3>\n<h4>Excellentes performances en mati\u00e8re de l\u00e9galit\u00e9 routi\u00e8re*<\/h4>\n<p>Le kit de barre d'\u00e9clairage auxiliaire Driver B2 20\u2033, certifi\u00e9 SAE J581 et approuv\u00e9 par le DOT, maximise la distance d'\u00e9clairage avec un rendement \u00e9lev\u00e9 en lux. Son faisceau est sp\u00e9cialement con\u00e7u pour une meilleure couverture lumineuse pendant la conduite. Construit avec des LED CREE de haute qualit\u00e9 et un bo\u00eetier \u00e9tanche r\u00e9sistant.<\/p>\n<p>La barre est livr\u00e9e avec un faisceau de c\u00e2blage complet, des supports de montage et de la quincaillerie pour une installation rapide et facile.<\/p>\n<\/div>\n<p><em>*V\u00e9rifiez toujours les r\u00e8gles et r\u00e9glementations r\u00e9gionales concernant l'utilisation de l'eau.<span class=\"Apple-converted-space\">\u00a0<\/span>l'utilisation de feux de route auxiliaires. NightRider\u2122 LEDS s'efforce de fournir<span class=\"Apple-converted-space\">\u00a0<\/span>les feux les plus s\u00fbrs et les plus l\u00e9gaux, mais ne peut \u00eatre tenu responsable des restrictions r\u00e9gionales, d'un montage, d'une vis\u00e9e ou d'un c\u00e2blage inad\u00e9quats.<\/em><\/p>\n<div class=\"preview_text csColumn_text\">\n<p>&nbsp;<\/p>\n<\/div>\n<\/div>\n<\/div>\n<div class=\"csColumnGap\" style=\"margin: 0; padding: 0; float: left; width: 1.3274336283185841%;\"><img decoding=\"async\" src=\"https:\/\/nightriderleds.com\/wp-content\/plugins\/wp-smart-editor\/plugins\/columns\/img\/1x1-pixel.png\" \/><\/div>\n<div class=\"csColumn\" style=\"margin: 0; padding: 0; float: left; width: 49.22566371681416%;\" data-posx0=\"50.66371681415929\" data-posx1=\"100\" data-padding=\"5\" data-responsive=\"1\">\n<div style=\"padding: 5px;\">\n<div class=\"preview_text csColumn_text\">\n<p>\u00a0<img fetchpriority=\"high\" decoding=\"async\" class=\"alignnone wp-image-408\" src=\"https:\/\/nightriderleds.com\/wp-content\/uploads\/2017\/10\/N20E7D-Chevy-1068x680-544x340.jpg\" alt=\"\" width=\"454\" height=\"284\" srcset=\"https:\/\/nightriderleds.com\/wp-content\/uploads\/2017\/10\/N20E7D-Chevy-1068x680-544x340.jpg 544w, https:\/\/nightriderleds.com\/wp-content\/uploads\/2017\/10\/N20E7D-Chevy-1068x680.jpg 1088w, https:\/\/nightriderleds.com\/wp-content\/uploads\/2017\/10\/N20E7D-Chevy-1068x680-195x122.jpg 195w, https:\/\/nightriderleds.com\/wp-content\/uploads\/2017\/10\/N20E7D-Chevy-1068x680-768x480.jpg 768w, https:\/\/nightriderleds.com\/wp-content\/uploads\/2017\/10\/N20E7D-Chevy-1068x680-680x425.jpg 680w, https:\/\/nightriderleds.com\/wp-content\/uploads\/2017\/10\/N20E7D-Chevy-1068x680-272x170.jpg 272w, https:\/\/nightriderleds.com\/wp-content\/uploads\/2017\/10\/N20E7D-Chevy-1068x680-300x188.jpg 300w, https:\/\/nightriderleds.com\/wp-content\/uploads\/2017\/10\/N20E7D-Chevy-1068x680-717x448.jpg 717w\" sizes=\"(max-width: 454px) 100vw, 454px\" \/><\/p>\n<\/div>\n<\/div>\n<\/div>\n<div class=\"csColumnGap\" style=\"margin: 0; padding: 0; float: left; width: 0.2212389380530908%;\"><img decoding=\"async\" src=\"https:\/\/nightriderleds.com\/wp-content\/plugins\/wp-smart-editor\/plugins\/columns\/img\/1x1-pixel.png\" \/><\/div>\n<\/div>\n<p>&nbsp;<\/p>\n<div id=\"style-wpsecol-3bbca990-1e7f-b923-f99a-57ffd395765b\">\n<style><!-- @media (max-width: 768px) { #wpsecol-3bbca990-1e7f-b923-f99a-57ffd395765b .csColumn { display: block; width: 100% !important; } #wpsecol-3bbca990-1e7f-b923-f99a-57ffd395765b .csColumnGap { display: none; } } --><\/style>\n<\/div>","protected":false},"excerpt":{"rendered":"<p>Excellentes performances l\u00e9gales dans la rue.  Certifi\u00e9 SAE J581 et approuv\u00e9 par le DOT, ce qui rend cette barre <strong>l\u00e9gale dans toute l'Am\u00e9rique du Nord<\/strong>. Le Driver B2 20\u2033 Auxiliary Driving Light Bar Kit maximise la distance d'\u00e9clairage avec des puces LED CREE de haute luminosit\u00e9.<\/p>\n<p>\u00c9quipez votre v\u00e9hicule avec le Driver B2 et rejoignez la r\u00e9volution de l'\u00e9clairage l\u00e9gal des rues !<\/p>\n<p>&nbsp;<\/p>\n<p><a href=\"https:\/\/nightriderleds.com\/wp-content\/uploads\/2024\/11\/DriverB2-N20P4D-INSTALL-GUIDE-2024.pdf\" target=\"_blank\" rel=\"noopener\"><strong>T\u00e9l\u00e9charger les instructions d'installation<\/strong><\/a><\/p>\n<p><a href=\"https:\/\/nightriderleds.com\/wp-content\/uploads\/2026\/03\/Auxiliary-Lamp-RecInstal-Information-General-FRENCH-V2.pdf\" target=\"_blank\" rel=\"noopener\">T\u00e9l\u00e9charger le guide d\u2019installation (fran\u00e7ais)<\/a><\/p>\n<div id=\"style-btn-cdc9ee0e-a982-94fd-35ff-ca773de75d7d\">\n<style class=\"style-btn\"><!-- #btn-cdc9ee0e-a982-94fd-35ff-ca773de75d7d {font-size: 14px;color: #ffffff;background: #0e83cd;padding-left: 12px;padding-top: 6px;padding-right: 12px;padding-bottom: 6px;border-radius: 0px;-moz-border-radius: 0px;-webkit-border-radius: 0px;border-color: #357ebd;border-width: 1px;} #btn-cdc9ee0e-a982-94fd-35ff-ca773de75d7d:hover {background: #1990f9;color: #ffffff;box-shadow: 3px 3px 3px 0px #bababa;-moz-box-shadow: 3px 3px 3px 0px #bababa;-webkit-box-shadow: 3px 3px 3px 0px #bababa;} --><\/style>\n<\/div>","protected":false},"featured_media":5292,"template":"","meta":[],"product_brand":[],"product_cat":[15,1847,1334,260,25,18,677],"product_tag":[388,161,22,100,99,23,686],"class_list":{"0":"post-5289","1":"product","2":"type-product","3":"status-publish","4":"has-post-thumbnail","6":"product_cat-automotive-equipment","7":"product_cat-aux-high-beams","8":"product_cat-double-row","9":"product_cat-lightbars","10":"product_cat-sae","11":"product_cat-street-legal","12":"product_cat-street-legal-bars","13":"product_tag-double-row","14":"product_tag-leds","15":"product_tag-light-bar","16":"product_tag-nightdriver","17":"product_tag-sae","18":"product_tag-street-legal","19":"product_tag-street-legal-bar","21":"first","22":"instock","23":"shipping-taxable","24":"product-type-simple"},"_links":{"self":[{"href":"https:\/\/nightriderleds.com\/fr\/wp-json\/wp\/v2\/product\/5289","targetHints":{"allow":["GET"]}}],"collection":[{"href":"https:\/\/nightriderleds.com\/fr\/wp-json\/wp\/v2\/product"}],"about":[{"href":"https:\/\/nightriderleds.com\/fr\/wp-json\/wp\/v2\/types\/product"}],"wp:featuredmedia":[{"embeddable":true,"href":"https:\/\/nightriderleds.com\/fr\/wp-json\/wp\/v2\/media\/5292"}],"wp:attachment":[{"href":"https:\/\/nightriderleds.com\/fr\/wp-json\/wp\/v2\/media?parent=5289"}],"wp:term":[{"taxonomy":"product_brand","embeddable":true,"href":"https:\/\/nightriderleds.com\/fr\/wp-json\/wp\/v2\/product_brand?post=5289"},{"taxonomy":"product_cat","embeddable":true,"href":"https:\/\/nightriderleds.com\/fr\/wp-json\/wp\/v2\/product_cat?post=5289"},{"taxonomy":"product_tag","embeddable":true,"href":"https:\/\/nightriderleds.com\/fr\/wp-json\/wp\/v2\/product_tag?post=5289"}],"curies":[{"name":"wp","href":"https:\/\/api.w.org\/{rel}","templated":true}]}}