{"id":5227,"date":"2021-01-07T14:33:06","date_gmt":"2021-01-07T22:33:06","guid":{"rendered":"https:\/\/nightriderleds.com\/?post_type=product&#038;p=5227"},"modified":"2026-01-26T17:42:53","modified_gmt":"2026-01-27T01:42:53","slug":"6-compact-scene-light-bar","status":"publish","type":"product","link":"https:\/\/nightriderleds.com\/fr\/products\/automotive-equipment\/compact\/compact-bars-compact\/6-compact-scene-light-bar\/","title":{"rendered":"Barre lumineuse de sc\u00e8ne compacte de 6\u2033 (6\u2033 Compact Scene Light Bar)"},"content":{"rendered":"<div id=\"wpsecol-7bfb37af-4d27-a8d4-c915-fcdcef66639f\" class=\"csRow\">\n<div class=\"csColumnGap\" style=\"margin: 0; padding: 0; float: left; width: 0%;\"><img decoding=\"async\" src=\"https:\/\/nightriderleds.com\/wp-content\/plugins\/wp-smart-editor\/plugins\/columns\/img\/1x1-pixel.png\" \/><\/div>\n<div class=\"csColumn\" style=\"margin: 0; padding: 0; float: left; width: 46.349557522123895%;\" data-posx0=\"0\" data-posx1=\"46.46017699115044\" data-padding=\"5\" data-responsive=\"1\">\n<div style=\"padding: 5px;\">\n<div class=\"preview_text csColumn_text\">\n<h3>Lumi\u00e8re de sc\u00e8ne compacte<\/h3>\n<h4>Petit mais puissant et polyvalent<\/h4>\n<p>Parfait pour l'\u00e9clairage d'appoint des camping-cars, des camions de service, des remorques et bien plus encore.<\/p>\n<p>&nbsp;<\/p>\n<p>La lumi\u00e8re du phare est livr\u00e9e avec un faisceau de c\u00e2bles, des joints en caoutchouc et le mat\u00e9riel de montage.<\/p>\n<p>&nbsp;<\/p>\n<p>&nbsp;<\/p>\n<\/div>\n<\/div>\n<\/div>\n<div class=\"csColumnGap\" style=\"margin: 0; padding: 0; float: left; width: 0.33185840707964603%;\"><img decoding=\"async\" src=\"https:\/\/nightriderleds.com\/wp-content\/plugins\/wp-smart-editor\/plugins\/columns\/img\/1x1-pixel.png\" \/><\/div>\n<div class=\"csColumn\" style=\"margin: 0; padding: 0; float: left; width: 52.98672566371682%;\" data-posx0=\"46.792035398230084\" data-posx1=\"99.88938053097345\" data-padding=\"5\" data-responsive=\"1\">\n<div style=\"padding: 5px;\">\n<div class=\"preview_text csColumn_text\">\n<p><img fetchpriority=\"high\" decoding=\"async\" class=\"wp-image-5244 size-medium\" src=\"https:\/\/nightriderleds.com\/wp-content\/uploads\/2021\/01\/Camper-with-Scene-Light-544x340.jpg\" alt=\"Camper with Scene Lights\" width=\"544\" height=\"340\" srcset=\"https:\/\/nightriderleds.com\/wp-content\/uploads\/2021\/01\/Camper-with-Scene-Light-544x340.jpg 544w, https:\/\/nightriderleds.com\/wp-content\/uploads\/2021\/01\/Camper-with-Scene-Light-195x122.jpg 195w, https:\/\/nightriderleds.com\/wp-content\/uploads\/2021\/01\/Camper-with-Scene-Light-768x480.jpg 768w, https:\/\/nightriderleds.com\/wp-content\/uploads\/2021\/01\/Camper-with-Scene-Light.jpg 1088w\" sizes=\"(max-width: 544px) 100vw, 544px\" \/><\/p>\n<\/div>\n<\/div>\n<\/div>\n<div class=\"csColumnGap\" style=\"margin: 0; padding: 0; float: left; width: 0.3318584070796362%;\"><img decoding=\"async\" src=\"https:\/\/nightriderleds.com\/wp-content\/plugins\/wp-smart-editor\/plugins\/columns\/img\/1x1-pixel.png\" \/><\/div>\n<div style=\"clear: both; float: none; display: block; visibility: hidden; width: 0; font-size: 0; line-height: 0;\"><\/div>\n<\/div>\n<h3><\/h3>\n<div id=\"style-wpsecol-7bfb37af-4d27-a8d4-c915-fcdcef66639f\">\n<style><!-- @media (max-width: 768px) { #wpsecol-7bfb37af-4d27-a8d4-c915-fcdcef66639f .csColumn { display: block; width: 100% !important; } #wpsecol-7bfb37af-4d27-a8d4-c915-fcdcef66639f .csColumnGap { display: none; } } --><\/style>\n<\/div>","protected":false},"excerpt":{"rendered":"<p>Cette lampe de sc\u00e8ne compacte est parfaite pour une utilisation sur les v\u00e9hicules r\u00e9cr\u00e9atifs, les camping-cars, les porte-maux de t\u00eate, les camions de service, l'\u00e9clairage int\u00e9rieur si n\u00e9cessaire, et bien plus encore !<\/p>\n<p>42,77 <strong>Efficace<\/strong> Lumens<\/p>\n<p>&nbsp;<\/p>\n<p>&nbsp;<\/p>","protected":false},"featured_media":5228,"template":"","meta":[],"product_brand":[],"product_cat":[15,792,124],"product_tag":[160,795,339,685,348,161,22,794,1410],"class_list":{"0":"post-5227","1":"product","2":"type-product","3":"status-publish","4":"has-post-thumbnail","6":"product_cat-automotive-equipment","7":"product_cat-compact-bars-compact","8":"product_cat-compact","9":"product_tag-automotive","10":"product_tag-bars","11":"product_tag-compact","12":"product_tag-compact-bar","13":"product_tag-flood","14":"product_tag-leds","15":"product_tag-light-bar","16":"product_tag-minibar","17":"product_tag-scene-light","19":"first","20":"instock","21":"shipping-taxable","22":"product-type-simple"},"_links":{"self":[{"href":"https:\/\/nightriderleds.com\/fr\/wp-json\/wp\/v2\/product\/5227","targetHints":{"allow":["GET"]}}],"collection":[{"href":"https:\/\/nightriderleds.com\/fr\/wp-json\/wp\/v2\/product"}],"about":[{"href":"https:\/\/nightriderleds.com\/fr\/wp-json\/wp\/v2\/types\/product"}],"wp:featuredmedia":[{"embeddable":true,"href":"https:\/\/nightriderleds.com\/fr\/wp-json\/wp\/v2\/media\/5228"}],"wp:attachment":[{"href":"https:\/\/nightriderleds.com\/fr\/wp-json\/wp\/v2\/media?parent=5227"}],"wp:term":[{"taxonomy":"product_brand","embeddable":true,"href":"https:\/\/nightriderleds.com\/fr\/wp-json\/wp\/v2\/product_brand?post=5227"},{"taxonomy":"product_cat","embeddable":true,"href":"https:\/\/nightriderleds.com\/fr\/wp-json\/wp\/v2\/product_cat?post=5227"},{"taxonomy":"product_tag","embeddable":true,"href":"https:\/\/nightriderleds.com\/fr\/wp-json\/wp\/v2\/product_tag?post=5227"}],"curies":[{"name":"wp","href":"https:\/\/api.w.org\/{rel}","templated":true}]}}