{"id":5222,"date":"2021-01-07T13:47:49","date_gmt":"2021-01-07T21:47:49","guid":{"rendered":"https:\/\/nightriderleds.com\/?post_type=product&#038;p=5222"},"modified":"2022-05-17T16:35:08","modified_gmt":"2022-05-17T23:35:08","slug":"high-intensity-edgeless-spot-light","status":"publish","type":"product","link":"https:\/\/nightriderleds.com\/fr\/products\/automotive-equipment\/high-intensity\/high-intensity-edgeless-spot-light\/","title":{"rendered":"Spot 120W sans bords \u00e0 haute intensit\u00e9"},"content":{"rendered":"<div id=\"wpsecol-7bfb37af-4d27-a8d4-c915-fcdcef66639f\" class=\"csRow\">\n<div class=\"csColumnGap\" style=\"margin: 0; padding: 0; float: left; width: 0%;\"><img decoding=\"async\" src=\"https:\/\/nightriderleds.com\/wp-content\/plugins\/wp-smart-editor\/plugins\/columns\/img\/1x1-pixel.png\" \/><\/div>\n<div class=\"csColumn\" style=\"margin: 0; padding: 0; float: left; width: 46.349557522123895%;\" data-posx0=\"0\" data-posx1=\"46.46017699115044\" data-padding=\"5\" data-responsive=\"1\">\n<div style=\"padding: 5px;\">\n<div class=\"preview_text csColumn_text\">\n<h3>Haute intensit\u00e9, service extr\u00eame et syst\u00e8me de contr\u00f4le de la temp\u00e9rature interne<\/h3>\n<h4>Lumi\u00e8re \u00e9l\u00e9gante \u00e0 haute intensit\u00e9 avec un puissant faisceau ponctuel<\/h4>\n<p>Cette lampe a \u00e9t\u00e9 con\u00e7ue pour offrir des performances \u00e9lev\u00e9es ! Des LED OSRAM de haute puissance avec des r\u00e9flecteurs de 8\u00ba produisent un faisceau puissant et de grande port\u00e9e. Le syst\u00e8me de contr\u00f4le de la temp\u00e9rature (TCS) int\u00e9gr\u00e9 permet d'obtenir une luminosit\u00e9 maximale sans risque de surchauffe. La lentille sans bord r\u00e9duit la friction du vent et emp\u00eache la neige ou la glace de s'y accrocher.<\/p>\n<p>La lampe est \u00e9quip\u00e9e d'un connecteur Deutsch int\u00e9gr\u00e9 \u00e0 l'arri\u00e8re, d'un c\u00e2ble de 8\u2033 et d'un support de montage robuste avec isolation des chocs en caoutchouc dans sa base.<\/p>\n<p>Des cache-objectifs sont disponibles en noir, transparent, ambre et bleu.<\/p>\n<p>&nbsp;<\/p>\n<p>&nbsp;<\/p>\n<\/div>\n<\/div>\n<\/div>\n<div class=\"csColumnGap\" style=\"margin: 0; padding: 0; float: left; width: 0.33185840707964603%;\"><img decoding=\"async\" src=\"https:\/\/nightriderleds.com\/wp-content\/plugins\/wp-smart-editor\/plugins\/columns\/img\/1x1-pixel.png\" \/><\/div>\n<div class=\"csColumn\" style=\"margin: 0; padding: 0; float: left; width: 52.98672566371682%;\" data-posx0=\"46.792035398230084\" data-posx1=\"99.88938053097345\" data-padding=\"5\" data-responsive=\"1\">\n<div style=\"padding: 5px;\">\n<div class=\"preview_text csColumn_text\">\n<p><img fetchpriority=\"high\" decoding=\"async\" class=\"alignnone wp-image-5334 size-medium\" src=\"https:\/\/nightriderleds.com\/wp-content\/uploads\/2021\/02\/Logging-Truck-with-NHI120S-Edit-544x340.jpg\" alt=\"\" width=\"544\" height=\"340\" srcset=\"https:\/\/nightriderleds.com\/wp-content\/uploads\/2021\/02\/Logging-Truck-with-NHI120S-Edit-544x340.jpg 544w, https:\/\/nightriderleds.com\/wp-content\/uploads\/2021\/02\/Logging-Truck-with-NHI120S-Edit-195x122.jpg 195w, https:\/\/nightriderleds.com\/wp-content\/uploads\/2021\/02\/Logging-Truck-with-NHI120S-Edit-768x480.jpg 768w, https:\/\/nightriderleds.com\/wp-content\/uploads\/2021\/02\/Logging-Truck-with-NHI120S-Edit.jpg 1088w\" sizes=\"(max-width: 544px) 100vw, 544px\" \/><\/p>\n<\/div>\n<\/div>\n<\/div>\n<div class=\"csColumnGap\" style=\"margin: 0; padding: 0; float: left; width: 0.3318584070796362%;\"><img decoding=\"async\" src=\"https:\/\/nightriderleds.com\/wp-content\/plugins\/wp-smart-editor\/plugins\/columns\/img\/1x1-pixel.png\" \/><\/div>\n<div style=\"clear: both; float: none; display: block; visibility: hidden; width: 0; font-size: 0; line-height: 0;\"><\/div>\n<\/div>\n<h3><\/h3>\n<div id=\"style-wpsecol-7bfb37af-4d27-a8d4-c915-fcdcef66639f\">\n<style><!-- @media (max-width: 768px) { #wpsecol-7bfb37af-4d27-a8d4-c915-fcdcef66639f .csColumn { display: block; width: 100% !important; } #wpsecol-7bfb37af-4d27-a8d4-c915-fcdcef66639f .csColumnGap { display: none; } } --><\/style>\n<\/div>","protected":false},"excerpt":{"rendered":"<p>La lentille sans bord, la conception extr\u00eame et le syst\u00e8me interne de contr\u00f4le de la temp\u00e9rature (TCS) en font une lampe puissante pr\u00eate \u00e0 travailler dur dans n'importe quelle condition. Faisceau ponctuel de grande port\u00e9e avec des r\u00e9flecteurs ponctuels de 8\u00ba.<\/p>\n<p>120W \/ 10,130\u00a0<strong>Efficace<\/strong> Lumens<\/p>","protected":false},"featured_media":5224,"template":"","meta":[],"product_brand":[],"product_cat":[15,1079],"product_tag":[160,1400,316,1080,161,1399,1323],"class_list":{"0":"post-5222","1":"product","2":"type-product","3":"status-publish","4":"has-post-thumbnail","6":"product_cat-automotive-equipment","7":"product_cat-high-intensity","8":"product_tag-automotive","9":"product_tag-edgeless","10":"product_tag-heavy-duty","11":"product_tag-high-intensity","12":"product_tag-leds","13":"product_tag-spot-beam","14":"product_tag-tcs","16":"first","17":"instock","18":"shipping-taxable","19":"product-type-simple"},"_links":{"self":[{"href":"https:\/\/nightriderleds.com\/fr\/wp-json\/wp\/v2\/product\/5222","targetHints":{"allow":["GET"]}}],"collection":[{"href":"https:\/\/nightriderleds.com\/fr\/wp-json\/wp\/v2\/product"}],"about":[{"href":"https:\/\/nightriderleds.com\/fr\/wp-json\/wp\/v2\/types\/product"}],"wp:featuredmedia":[{"embeddable":true,"href":"https:\/\/nightriderleds.com\/fr\/wp-json\/wp\/v2\/media\/5224"}],"wp:attachment":[{"href":"https:\/\/nightriderleds.com\/fr\/wp-json\/wp\/v2\/media?parent=5222"}],"wp:term":[{"taxonomy":"product_brand","embeddable":true,"href":"https:\/\/nightriderleds.com\/fr\/wp-json\/wp\/v2\/product_brand?post=5222"},{"taxonomy":"product_cat","embeddable":true,"href":"https:\/\/nightriderleds.com\/fr\/wp-json\/wp\/v2\/product_cat?post=5222"},{"taxonomy":"product_tag","embeddable":true,"href":"https:\/\/nightriderleds.com\/fr\/wp-json\/wp\/v2\/product_tag?post=5222"}],"curies":[{"name":"wp","href":"https:\/\/api.w.org\/{rel}","templated":true}]}}