{"id":520,"date":"2017-11-06T18:02:23","date_gmt":"2017-11-06T18:02:23","guid":{"rendered":"https:\/\/nightriderleds.com\/?post_type=product&#038;p=520"},"modified":"2023-03-02T08:19:33","modified_gmt":"2023-03-02T16:19:33","slug":"30-three-row-light-bar","status":"publish","type":"product","link":"https:\/\/nightriderleds.com\/fr\/products\/automotive-equipment\/lightbars\/x-series\/3-row-extreme\/30-three-row-light-bar\/","title":{"rendered":"30\u2033 Three Row Light Bar"},"content":{"rendered":"<div id=\"wpsecol-e9738f26-8bf4-80bc-6701-3d61650bb0ed\" class=\"csRow\">\n<div class=\"csColumnGap\" style=\"margin: 0; padding: 0; float: left; width: 0%;\"><img decoding=\"async\" src=\"https:\/\/nightriderleds.com\/wp-content\/plugins\/wp-smart-editor\/plugins\/columns\/img\/1x1-pixel.png\" \/><\/div>\n<div class=\"csColumn\" style=\"margin: 0; padding: 0; float: left; width: 46.46017699115044%;\" data-posx0=\"0\" data-posx1=\"46.570796460176986\" data-padding=\"5\" data-responsive=\"1\">\n<div style=\"padding: 5px;\">\n<div class=\"preview_text csColumn_text\">\n<h3>Intensit\u00e9 lumineuse extr\u00eame<\/h3>\n<h4>Le summum des rampes d'\u00e9clairage tout-terrain<\/h4>\n<p>La barre lumineuse extr\u00eame \u00e0 trois rang\u00e9es de 30 pouces offre la plus haute intensit\u00e9 lumineuse de toutes les autres barres lumineuses.<\/p>\n<p>Performance et fiabilit\u00e9 NightRider\u2122, construites avec des puces LED OSRAM allemandes sp\u00e9cialement con\u00e7ues \u00e0 haut lux.<\/p>\n<p>Cette barre est livr\u00e9e avec un faisceau de c\u00e2blage complet (avec connecteur \u00e0 vis m\u00e2le Plug &amp; Play, interrupteur de d\u00e9rivation, relais 40 Amp et fusible 30 Amp), du mat\u00e9riel de montage et des outils.<\/p>\n<p>Ne restez pas dans l'obscurit\u00e9, allumez votre lampe !<\/p>\n<p>&nbsp;<\/p>\n<p>&nbsp;<\/p>\n<\/div>\n<\/div>\n<\/div>\n<div class=\"csColumnGap\" style=\"margin: 0; padding: 0; float: left; width: 0.11061946902654868%;\"><img decoding=\"async\" src=\"https:\/\/nightriderleds.com\/wp-content\/plugins\/wp-smart-editor\/plugins\/columns\/img\/1x1-pixel.png\" \/><\/div>\n<div class=\"csColumn\" style=\"margin: 0; padding: 0; float: left; width: 52.98672566371682%;\" data-posx0=\"46.68141592920354\" data-posx1=\"99.77876106194691\" data-padding=\"5\" data-responsive=\"1\">\n<div style=\"padding: 5px;\">\n<div class=\"preview_text csColumn_text\">\n<p>\u00a0<a href=\"https:\/\/nightriderleds.com\/wp-content\/uploads\/2017\/11\/NightRider-Jeep-Klo-Creek-Bridge.jpg\" target=\"_blank\" rel=\"noopener noreferrer\"><img fetchpriority=\"high\" decoding=\"async\" class=\"aligncenter wp-image-460\" src=\"https:\/\/nightriderleds.com\/wp-content\/uploads\/2017\/11\/NightRider-Jeep-Klo-Creek-Bridge-510x340.jpg\" width=\"380\" height=\"253\" srcset=\"https:\/\/nightriderleds.com\/wp-content\/uploads\/2017\/11\/NightRider-Jeep-Klo-Creek-Bridge-510x340.jpg 510w, https:\/\/nightriderleds.com\/wp-content\/uploads\/2017\/11\/NightRider-Jeep-Klo-Creek-Bridge-544x363.jpg 544w, https:\/\/nightriderleds.com\/wp-content\/uploads\/2017\/11\/NightRider-Jeep-Klo-Creek-Bridge-1088x725.jpg 1088w, https:\/\/nightriderleds.com\/wp-content\/uploads\/2017\/11\/NightRider-Jeep-Klo-Creek-Bridge-192x128.jpg 192w, https:\/\/nightriderleds.com\/wp-content\/uploads\/2017\/11\/NightRider-Jeep-Klo-Creek-Bridge-768x512.jpg 768w, https:\/\/nightriderleds.com\/wp-content\/uploads\/2017\/11\/NightRider-Jeep-Klo-Creek-Bridge-1020x680.jpg 1020w, https:\/\/nightriderleds.com\/wp-content\/uploads\/2017\/11\/NightRider-Jeep-Klo-Creek-Bridge-680x453.jpg 680w, https:\/\/nightriderleds.com\/wp-content\/uploads\/2017\/11\/NightRider-Jeep-Klo-Creek-Bridge-255x170.jpg 255w, https:\/\/nightriderleds.com\/wp-content\/uploads\/2017\/11\/NightRider-Jeep-Klo-Creek-Bridge.jpg 1616w\" sizes=\"(max-width: 380px) 100vw, 380px\" \/><\/a><\/p>\n<\/div>\n<\/div>\n<\/div>\n<div class=\"csColumnGap\" style=\"margin: 0; padding: 0; float: left; width: 0.4424778761061958%;\"><img decoding=\"async\" src=\"https:\/\/nightriderleds.com\/wp-content\/plugins\/wp-smart-editor\/plugins\/columns\/img\/1x1-pixel.png\" \/><\/div>\n<div style=\"clear: both; float: none; display: block; visibility: hidden; width: 0; font-size: 0; line-height: 0;\"><\/div>\n<\/div>\n<div id=\"style-wpsecol-e9738f26-8bf4-80bc-6701-3d61650bb0ed\">\n<style><!-- @media (max-width: 768px) { #wpsecol-e9738f26-8bf4-80bc-6701-3d61650bb0ed .csColumn { display: block; width: 100% !important; } #wpsecol-e9738f26-8bf4-80bc-6701-3d61650bb0ed .csColumnGap { display: none; } } --><\/style>\n<\/div>","protected":false},"excerpt":{"rendered":"<h4>Le summum des rampes d'\u00e9clairage tout-terrain<\/h4>\n<p>La barre lumineuse extr\u00eame \u00e0 trois rang\u00e9es de 30 pouces offre la plus haute intensit\u00e9 lumineuse de toutes les autres barres lumineuses.<\/p>\n<p>180W \/ 16 200 lumens<\/p>","protected":false},"featured_media":516,"template":"","meta":[],"product_brand":[],"product_cat":[15,115,260,116],"product_tag":[197,160,169,161,22,171,168,245],"class_list":{"0":"post-520","1":"product","2":"type-product","3":"status-publish","4":"has-post-thumbnail","6":"product_cat-automotive-equipment","7":"product_cat-x-series","8":"product_cat-lightbars","9":"product_cat-3-row-extreme","10":"product_tag-30-inch","11":"product_tag-automotive","12":"product_tag-extreme","13":"product_tag-leds","14":"product_tag-light-bar","15":"product_tag-nightrider","16":"product_tag-osram","17":"product_tag-three-row","18":"pa_x-custom-814","20":"first","21":"instock","22":"shipping-taxable","23":"product-type-simple"},"_links":{"self":[{"href":"https:\/\/nightriderleds.com\/fr\/wp-json\/wp\/v2\/product\/520","targetHints":{"allow":["GET"]}}],"collection":[{"href":"https:\/\/nightriderleds.com\/fr\/wp-json\/wp\/v2\/product"}],"about":[{"href":"https:\/\/nightriderleds.com\/fr\/wp-json\/wp\/v2\/types\/product"}],"wp:featuredmedia":[{"embeddable":true,"href":"https:\/\/nightriderleds.com\/fr\/wp-json\/wp\/v2\/media\/516"}],"wp:attachment":[{"href":"https:\/\/nightriderleds.com\/fr\/wp-json\/wp\/v2\/media?parent=520"}],"wp:term":[{"taxonomy":"product_brand","embeddable":true,"href":"https:\/\/nightriderleds.com\/fr\/wp-json\/wp\/v2\/product_brand?post=520"},{"taxonomy":"product_cat","embeddable":true,"href":"https:\/\/nightriderleds.com\/fr\/wp-json\/wp\/v2\/product_cat?post=520"},{"taxonomy":"product_tag","embeddable":true,"href":"https:\/\/nightriderleds.com\/fr\/wp-json\/wp\/v2\/product_tag?post=520"}],"curies":[{"name":"wp","href":"https:\/\/api.w.org\/{rel}","templated":true}]}}