{"id":5156,"date":"2020-12-15T12:10:28","date_gmt":"2020-12-15T20:10:28","guid":{"rendered":"https:\/\/nightriderleds.com\/?post_type=product&#038;p=5156"},"modified":"2021-04-12T15:34:14","modified_gmt":"2021-04-12T22:34:14","slug":"gen3-decoders-for-nightrider-gen3-led-headlight-bulbs","status":"publish","type":"product","link":"https:\/\/nightriderleds.com\/fr\/products\/automotive-equipment\/headlights\/gen3-decoders-for-nightrider-gen3-led-headlight-bulbs\/","title":{"rendered":"D\u00e9codeurs Gen3 pour NightRider\u2122 Gen3 LED Headlight Bulbs"},"content":{"rendered":"<div id=\"wpsecol-880bcffd-9b43-782e-67d7-79c7ca611a97\" class=\"csRow\">\n<div class=\"csColumnGap\" style=\"margin: 0; padding: 0; float: left; width: 0%;\"><img decoding=\"async\" src=\"https:\/\/nightriderleds.com\/wp-content\/plugins\/wp-smart-editor\/plugins\/columns\/img\/1x1-pixel.png\" \/><\/div>\n<div class=\"csColumn\" style=\"margin: 0; padding: 0; float: left; width: 50%;\" data-posx0=\"0\" data-posx1=\"50.11061946902655\" data-padding=\"10\" data-responsive=\"1\">\n<div style=\"padding: 10px;\">\n<div class=\"preview_text csColumn_text\">\n<h3>D\u00e9codeurs pour les kits de remplacement des phares \u00e0 LED Gen3<\/h3>\n<p>Le module de commande du moteur (ECM) de certaines voitures peut ne pas \u00eatre compatible avec les phares LED Gen3. Il en r\u00e9sulte un clignotement de la lumi\u00e8re dans les deux phares. L'ajout d'un d\u00e9codeur peut r\u00e9soudre ce probl\u00e8me.<\/p>\n<\/div>\n<p>&nbsp;<\/p>\n<\/div>\n<\/div>\n<div class=\"csColumnGap\" style=\"margin: 0; padding: 0; float: left; width: 0.4424778761061947%;\"><img decoding=\"async\" src=\"https:\/\/nightriderleds.com\/wp-content\/plugins\/wp-smart-editor\/plugins\/columns\/img\/1x1-pixel.png\" \/><\/div>\n<div class=\"csColumn\" style=\"margin: 0; padding: 0; float: left; width: 49.22566371681416%;\" data-posx0=\"50.55309734513275\" data-posx1=\"99.88938053097345\" data-padding=\"10\" data-responsive=\"1\">\n<div style=\"padding: 10px;\">\n<div class=\"preview_text csColumn_text\">\n<p><img fetchpriority=\"high\" decoding=\"async\" class=\"wp-image-5155 size-medium\" src=\"https:\/\/nightriderleds.com\/wp-content\/uploads\/2020\/12\/Gen3-Bulb-1-544x340.jpg\" alt=\"Gen3 LED Headlight Bulb\" width=\"544\" height=\"340\" srcset=\"https:\/\/nightriderleds.com\/wp-content\/uploads\/2020\/12\/Gen3-Bulb-1-544x340.jpg 544w, https:\/\/nightriderleds.com\/wp-content\/uploads\/2020\/12\/Gen3-Bulb-1.jpg 1088w, https:\/\/nightriderleds.com\/wp-content\/uploads\/2020\/12\/Gen3-Bulb-1-195x122.jpg 195w, https:\/\/nightriderleds.com\/wp-content\/uploads\/2020\/12\/Gen3-Bulb-1-768x480.jpg 768w\" sizes=\"(max-width: 544px) 100vw, 544px\" \/><\/p>\n<\/div>\n<\/div>\n<\/div>\n<\/div>\n<p>&nbsp;<\/p>\n<div id=\"style-wpsecol-880bcffd-9b43-782e-67d7-79c7ca611a97\">\n<style><!-- @media (max-width: 768px) { #wpsecol-880bcffd-9b43-782e-67d7-79c7ca611a97 .csColumn { display: block; width: 100% !important; } #wpsecol-880bcffd-9b43-782e-67d7-79c7ca611a97 .csColumnGap { display: none; } } --><\/style>\n<\/div>","protected":false},"excerpt":{"rendered":"<h4><em>D\u00e9codeurs pour le remplacement des ampoules de phare LED Gen3<\/em><\/h4>\n<p>Le module de commande \u00e9lectrique (ECM) de certaines voitures peut ne pas \u00eatre compatible avec les phares LED Gen3. Il en r\u00e9sulte un clignotement de la lumi\u00e8re dans les deux phares. L'ajout d'un d\u00e9codeur peut r\u00e9soudre ce probl\u00e8me. Vendu par lot de deux.<\/p>\n<p>&nbsp;<\/p>\n<style type=\"text\/css\"><!-- .tg {border-collapse:collapse;border-spacing:0;border-color:#000000;border-width:1px;border-style:solid;} .tg td{font-family:Arial, sans-serif;font-size:14px;padding:3px 12px;border-style:solid;border-width:0px;overflow:hidden;word-break:normal;border-color:#aaa;color:#333;background-color:#fff;} .tg th{font-family:Arial, sans-serif;font-size:14px;font-weight:normal;padding:3px 12px;border-style:solid;border-width:0px;overflow:hidden;word-break:normal;border-color:#aaa;color:#fff;background-color:#555555;} .tg .tg-mlmf{font-weight:bold;font-family:Arial, Helvetica, sans-serif !important;;text-align:center;vertical-align:bottom} .tg .tg-al4x{background-color:#fffc9e;font-family:Arial, Helvetica, sans-serif !important;;vertical-align:top} .tg .tg-h31u{font-family:Arial, Helvetica, sans-serif !important;;vertical-align:top} .tg .tg-lqy6{text-align:right;vertical-align:top} .tg .tg-5qtf{background-color:#fffc9e;text-align:right;vertical-align:top} --><\/style>","protected":false},"featured_media":5162,"template":"","meta":[],"product_brand":[],"product_cat":[15,114],"product_tag":[160,1141,161],"class_list":{"0":"post-5156","1":"product","2":"type-product","3":"status-publish","4":"has-post-thumbnail","6":"product_cat-automotive-equipment","7":"product_cat-headlights","8":"product_tag-automotive","9":"product_tag-led-headlight-bulbs","10":"product_tag-leds","12":"first","13":"instock","14":"shipping-taxable","15":"product-type-variable"},"_links":{"self":[{"href":"https:\/\/nightriderleds.com\/fr\/wp-json\/wp\/v2\/product\/5156","targetHints":{"allow":["GET"]}}],"collection":[{"href":"https:\/\/nightriderleds.com\/fr\/wp-json\/wp\/v2\/product"}],"about":[{"href":"https:\/\/nightriderleds.com\/fr\/wp-json\/wp\/v2\/types\/product"}],"wp:featuredmedia":[{"embeddable":true,"href":"https:\/\/nightriderleds.com\/fr\/wp-json\/wp\/v2\/media\/5162"}],"wp:attachment":[{"href":"https:\/\/nightriderleds.com\/fr\/wp-json\/wp\/v2\/media?parent=5156"}],"wp:term":[{"taxonomy":"product_brand","embeddable":true,"href":"https:\/\/nightriderleds.com\/fr\/wp-json\/wp\/v2\/product_brand?post=5156"},{"taxonomy":"product_cat","embeddable":true,"href":"https:\/\/nightriderleds.com\/fr\/wp-json\/wp\/v2\/product_cat?post=5156"},{"taxonomy":"product_tag","embeddable":true,"href":"https:\/\/nightriderleds.com\/fr\/wp-json\/wp\/v2\/product_tag?post=5156"}],"curies":[{"name":"wp","href":"https:\/\/api.w.org\/{rel}","templated":true}]}}