{"id":5149,"date":"2020-12-14T14:15:10","date_gmt":"2020-12-14T22:15:10","guid":{"rendered":"https:\/\/nightriderleds.com\/?post_type=product&#038;p=5149"},"modified":"2026-04-22T13:22:46","modified_gmt":"2026-04-22T20:22:46","slug":"gen3-led-headlight-bulb-kits","status":"publish","type":"product","link":"https:\/\/nightriderleds.com\/fr\/products\/automotive-equipment\/headlights\/gen3-led-headlight-bulb-kits\/","title":{"rendered":"Gen3 - Kits d'ampoules LED pour phares"},"content":{"rendered":"<div id=\"wpsecol-880bcffd-9b43-782e-67d7-79c7ca611a97\" class=\"csRow\">\n<div class=\"csColumnGap\" style=\"margin: 0; padding: 0; float: left; width: 0%;\"><img decoding=\"async\" src=\"https:\/\/nightriderleds.com\/wp-content\/plugins\/wp-smart-editor\/plugins\/columns\/img\/1x1-pixel.png\" \/><\/div>\n<div class=\"csColumn\" style=\"margin: 0; padding: 0; float: left; width: 50%;\" data-posx0=\"0\" data-posx1=\"50.11061946902655\" data-padding=\"10\" data-responsive=\"1\">\n<div style=\"padding: 10px;\">\n<div class=\"preview_text csColumn_text\">\n<h3>Kits de remplacement de phares \u00e0 LED GEN3*<\/h3>\n<p>Les kits de remplacement des phares Gen3 sont dot\u00e9s de conducteurs encore plus petits que ceux de la g\u00e9n\u00e9ration pr\u00e9c\u00e9dente, ce qui facilite l'installation. L'allumage (ou le r\u00e9glage du faisceau) de ces nouvelles ampoules est \u00e9galement tr\u00e8s facile.  Toujours aussi compactes et lumineuses qu'auparavant, elles sont dot\u00e9es d'un dissipateur thermique \u00e0 haute efficacit\u00e9 fabriqu\u00e9 \u00e0 partir de bandes de cuivre tress\u00e9 pur, ce qui \u00e9limine le besoin de ventilateurs g\u00eanants.<\/p>\n<p>Les kits de remplacement d'ampoules de phare \u00e0 LED NightRider\u2122 Gen3 sont con\u00e7us pour le long terme.<\/p>\n<p>* Certains ECM de v\u00e9hicules ne sont pas compatibles avec les ampoules LED Gen3. L'ajout d'un d\u00e9codeur peut \u00eatre n\u00e9cessaire.<\/p>\n<p><em>Les ampoules LED Gen3 ne sont pas approuv\u00e9es par le DOT (D\u00e9partement des Transports).<\/em><\/p>\n<p>&nbsp;<\/p>\n<\/div>\n<p>&nbsp;<\/p>\n<\/div>\n<\/div>\n<div class=\"csColumnGap\" style=\"margin: 0; padding: 0; float: left; width: 0.4424778761061947%;\"><img decoding=\"async\" src=\"https:\/\/nightriderleds.com\/wp-content\/plugins\/wp-smart-editor\/plugins\/columns\/img\/1x1-pixel.png\" \/><\/div>\n<div class=\"csColumn\" style=\"margin: 0; padding: 0; float: left; width: 49.22566371681416%;\" data-posx0=\"50.55309734513275\" data-posx1=\"99.88938053097345\" data-padding=\"10\" data-responsive=\"1\">\n<div style=\"padding: 10px;\">\n<div class=\"preview_text csColumn_text\">\n<p><img fetchpriority=\"high\" decoding=\"async\" class=\"wp-image-5155 size-medium\" src=\"https:\/\/nightriderleds.com\/wp-content\/uploads\/2020\/12\/Gen3-Bulb-1-544x340.jpg\" alt=\"Gen3 LED Headlight Bulb\" width=\"544\" height=\"340\" srcset=\"https:\/\/nightriderleds.com\/wp-content\/uploads\/2020\/12\/Gen3-Bulb-1-544x340.jpg 544w, https:\/\/nightriderleds.com\/wp-content\/uploads\/2020\/12\/Gen3-Bulb-1.jpg 1088w, https:\/\/nightriderleds.com\/wp-content\/uploads\/2020\/12\/Gen3-Bulb-1-195x122.jpg 195w, https:\/\/nightriderleds.com\/wp-content\/uploads\/2020\/12\/Gen3-Bulb-1-768x480.jpg 768w\" sizes=\"(max-width: 544px) 100vw, 544px\" \/><\/p>\n<\/div>\n<\/div>\n<\/div>\n<\/div>\n<p>&nbsp;<\/p>\n<div id=\"style-wpsecol-880bcffd-9b43-782e-67d7-79c7ca611a97\">\n<style><!-- @media (max-width: 768px) { #wpsecol-880bcffd-9b43-782e-67d7-79c7ca611a97 .csColumn { display: block; width: 100% !important; } #wpsecol-880bcffd-9b43-782e-67d7-79c7ca611a97 .csColumnGap { display: none; } } --><\/style>\n<\/div>","protected":false},"excerpt":{"rendered":"<h4><em>Puissant, fiable, pr\u00eat \u00e0 l'emploi.<\/em><\/h4>\n<p>La r\u00e9volution de l'\u00e9clairage automobile dans sa troisi\u00e8me g\u00e9n\u00e9ration.  Toujours aussi brillante et super compacte, elle est dot\u00e9e d'un dissipateur thermique \u00e0 haut rendement en cuivre pur tress\u00e9 qui \u00e9limine le besoin de ventilateurs g\u00eanants. Les pilotes Gen3 sont encore plus compacts et le faisceau est facilement ajustable (ou cadenc\u00e9) pour que vous puissiez profiter de performances optimales.<\/p>\n<p><a href=\"https:\/\/nightriderleds.com\/wp-content\/uploads\/2021\/01\/LED-Headlight-Bulb-Installation-Instructions.pdf\" target=\"_blank\" rel=\"noopener noreferrer\">T\u00e9l\u00e9charger le guide d'installation<\/a><\/p>\n<p><a href=\"https:\/\/nightriderleds.com\/wp-content\/uploads\/2026\/03\/Gen3-User-Guide-V02-FRENCH-for-Website.pdf\" target=\"_blank\" rel=\"noopener\">T\u00e9l\u00e9charger le guide d\u2019installation (fran\u00e7ais)<\/a><\/p>\n<p>&nbsp;<\/p>\n<style type=\"text\/css\"><!-- .tg {border-collapse:collapse;border-spacing:0;border-color:#000000;border-width:1px;border-style:solid;} .tg td{font-family:Arial, sans-serif;font-size:14px;padding:3px 12px;border-style:solid;border-width:0px;overflow:hidden;word-break:normal;border-color:#aaa;color:#333;background-color:#fff;} .tg th{font-family:Arial, sans-serif;font-size:14px;font-weight:normal;padding:3px 12px;border-style:solid;border-width:0px;overflow:hidden;word-break:normal;border-color:#aaa;color:#fff;background-color:#555555;} .tg .tg-mlmf{font-weight:bold;font-family:Arial, Helvetica, sans-serif !important;;text-align:center;vertical-align:bottom} .tg .tg-al4x{background-color:#fffc9e;font-family:Arial, Helvetica, sans-serif !important;;vertical-align:top} .tg .tg-h31u{font-family:Arial, Helvetica, sans-serif !important;;vertical-align:top} .tg .tg-lqy6{text-align:right;vertical-align:top} .tg .tg-5qtf{background-color:#fffc9e;text-align:right;vertical-align:top} --><\/style>","protected":false},"featured_media":5155,"template":"","meta":[],"product_brand":[],"product_cat":[15,114],"product_tag":[160,1141,161,100],"class_list":{"0":"post-5149","1":"product","2":"type-product","3":"status-publish","4":"has-post-thumbnail","6":"product_cat-automotive-equipment","7":"product_cat-headlights","8":"product_tag-automotive","9":"product_tag-led-headlight-bulbs","10":"product_tag-leds","11":"product_tag-nightdriver","13":"first","14":"instock","15":"shipping-taxable","16":"product-type-variable"},"_links":{"self":[{"href":"https:\/\/nightriderleds.com\/fr\/wp-json\/wp\/v2\/product\/5149","targetHints":{"allow":["GET"]}}],"collection":[{"href":"https:\/\/nightriderleds.com\/fr\/wp-json\/wp\/v2\/product"}],"about":[{"href":"https:\/\/nightriderleds.com\/fr\/wp-json\/wp\/v2\/types\/product"}],"wp:featuredmedia":[{"embeddable":true,"href":"https:\/\/nightriderleds.com\/fr\/wp-json\/wp\/v2\/media\/5155"}],"wp:attachment":[{"href":"https:\/\/nightriderleds.com\/fr\/wp-json\/wp\/v2\/media?parent=5149"}],"wp:term":[{"taxonomy":"product_brand","embeddable":true,"href":"https:\/\/nightriderleds.com\/fr\/wp-json\/wp\/v2\/product_brand?post=5149"},{"taxonomy":"product_cat","embeddable":true,"href":"https:\/\/nightriderleds.com\/fr\/wp-json\/wp\/v2\/product_cat?post=5149"},{"taxonomy":"product_tag","embeddable":true,"href":"https:\/\/nightriderleds.com\/fr\/wp-json\/wp\/v2\/product_tag?post=5149"}],"curies":[{"name":"wp","href":"https:\/\/api.w.org\/{rel}","templated":true}]}}